{"id":18067,"date":"2025-01-02T10:24:04","date_gmt":"2025-01-02T10:24:04","guid":{"rendered":"https:\/\/www.capitole-consulting.com\/configuration-des-cookies\/"},"modified":"2025-09-18T10:46:01","modified_gmt":"2025-09-18T10:46:01","slug":"configuration-des-cookies","status":"publish","type":"page","link":"https:\/\/www.capitole-consulting.com\/fr\/configuration-des-cookies\/","title":{"rendered":"Configuration des cookies"},"content":{"rendered":"\t\t<div data-elementor-type=\"wp-page\" data-elementor-id=\"18067\" class=\"elementor elementor-18067 elementor-10195\" data-elementor-post-type=\"page\">\n\t\t\t\t<div class=\"elementor-element elementor-element-30cd09d e-flex e-con-boxed e-con e-parent\" data-id=\"30cd09d\" data-element_type=\"container\">\n\t\t\t\t\t<div class=\"e-con-inner\">\n\t\t<div class=\"elementor-element elementor-element-ee91ee4 e-con-full e-flex e-con e-child\" data-id=\"ee91ee4\" data-element_type=\"container\">\n\t\t\t\t<div class=\"elementor-element elementor-element-f9f617d elementor-widget elementor-widget-heading\" data-id=\"f9f617d\" data-element_type=\"widget\" data-widget_type=\"heading.default\">\n\t\t\t\t<div class=\"elementor-widget-container\">\n\t\t\t\t\t<h1 class=\"elementor-heading-title elementor-size-default\">Configuration des cookies <\/h1>\t\t\t\t<\/div>\n\t\t\t\t<\/div>\n\t\t<div class=\"elementor-element elementor-element-0aa2863 e-con-full e-flex e-con e-child\" data-id=\"0aa2863\" data-element_type=\"container\" data-settings=\"{&quot;background_background&quot;:&quot;classic&quot;}\">\n\t\t\t\t<\/div>\n\t\t\t\t<div class=\"elementor-element elementor-element-1cf801d elementor-widget elementor-widget-spacer\" data-id=\"1cf801d\" data-element_type=\"widget\" data-widget_type=\"spacer.default\">\n\t\t\t\t<div class=\"elementor-widget-container\">\n\t\t\t\t\t\t\t<div class=\"elementor-spacer\">\n\t\t\t<div class=\"elementor-spacer-inner\"><\/div>\n\t\t<\/div>\n\t\t\t\t\t\t<\/div>\n\t\t\t\t<\/div>\n\t\t\t\t<div class=\"elementor-element elementor-element-d896d1e elementor-widget elementor-widget-text-editor\" data-id=\"d896d1e\" data-element_type=\"widget\" data-widget_type=\"text-editor.default\">\n\t\t\t\t<div class=\"elementor-widget-container\">\n\t\t\t\t\t\t\t\t\t<p><span data-contrast=\"auto\">En naviguant et en restant sur notre site web, vous consentez \u00e0 l\u2019utilisation de cookies dans les conditions d\u00e9finies dans la pr\u00e9sente <\/span><b><span data-contrast=\"auto\">Politique de Cookies<\/span><\/b><span data-contrast=\"auto\">. <\/span><b><span data-contrast=\"auto\">CAPITOLE CONSULTING, SL<\/span><\/b><span data-contrast=\"auto\"> met cette politique \u00e0 disposition d\u00e8s l\u2019inscription, afin d\u2019informer l\u2019utilisateur, sans pr\u00e9judice de son droit de bloquer, supprimer ou refuser \u00e0 tout moment l\u2019utilisation de cookies.<\/span><span data-ccp-props=\"{&quot;335551550&quot;:6,&quot;335551620&quot;:6}\">\u00a0<\/span><\/p>\n<p><span data-contrast=\"auto\">\u00c9tant donn\u00e9 que les cookies ne sont pas indispensables \u00e0 l\u2019utilisation de ce site, ils peuvent \u00eatre bloqu\u00e9s ou d\u00e9sactiv\u00e9s en activant les param\u00e8tres du navigateur, qui permettent de refuser l\u2019installation de tous les cookies ou seulement d\u2019une partie d\u2019entre eux. La plupart des navigateurs permettent d\u2019avertir de la pr\u00e9sence de cookies ou de les refuser automatiquement. En cas de refus, le site pourra continuer \u00e0 \u00eatre utilis\u00e9, bien que certains services puissent \u00eatre limit\u00e9s, rendant ainsi l\u2019exp\u00e9rience de navigation moins satisfaisante.<\/span><span data-ccp-props=\"{&quot;335551550&quot;:6,&quot;335551620&quot;:6}\">\u00a0<\/span><\/p>\n<p><span data-contrast=\"auto\">Vous trouverez ci-dessous les liens vers les principales ressources permettant de g\u00e9rer les cookies dans chaque navigateur ou dispositif :<\/span><span data-ccp-props=\"{&quot;335551550&quot;:6,&quot;335551620&quot;:6}\">\u00a0<\/span><\/p>\n<ul>\n<li aria-setsize=\"-1\" data-leveltext=\"\uf0b7\" data-font=\"Symbol\" data-listid=\"5\" data-list-defn-props=\"{&quot;335552541&quot;:1,&quot;335559685&quot;:720,&quot;335559991&quot;:360,&quot;469769226&quot;:&quot;Symbol&quot;,&quot;469769242&quot;:[8226],&quot;469777803&quot;:&quot;left&quot;,&quot;469777804&quot;:&quot;\uf0b7&quot;,&quot;469777815&quot;:&quot;multilevel&quot;}\" data-aria-posinset=\"1\" data-aria-level=\"1\"><span data-contrast=\"auto\">Internet Explorer\u2122 : <\/span><a href=\"https:\/\/support.microsoft.com\/es-es\/help\/17442\/windows-internet-explorer-delete-manage-cookies\"><span data-contrast=\"none\">https:\/\/support.microsoft.com\/es-es\/help\/17442\/windows-internet-explorer-delete-manage-cookies<\/span><\/a><span data-ccp-props=\"{}\">\u00a0<\/span><\/li>\n<\/ul>\n<p><\/p>\n<ul>\n<li aria-setsize=\"-1\" data-leveltext=\"\uf0b7\" data-font=\"Symbol\" data-listid=\"5\" data-list-defn-props=\"{&quot;335552541&quot;:1,&quot;335559685&quot;:720,&quot;335559991&quot;:360,&quot;469769226&quot;:&quot;Symbol&quot;,&quot;469769242&quot;:[8226],&quot;469777803&quot;:&quot;left&quot;,&quot;469777804&quot;:&quot;\uf0b7&quot;,&quot;469777815&quot;:&quot;multilevel&quot;}\" data-aria-posinset=\"2\" data-aria-level=\"1\"><span data-contrast=\"auto\">Microsoft Edge\u2122 : <\/span><a href=\"https:\/\/privacy.microsoft.com\/es-es\/windows-10-microsoft-edge-and-privacy\"><span data-contrast=\"none\">https:\/\/privacy.microsoft.com\/es-es\/windows-10-microsoft-edge-and-privacy<\/span><\/a><span data-ccp-props=\"{}\">\u00a0<\/span><\/li>\n<\/ul>\n<p><\/p>\n<ul>\n<li aria-setsize=\"-1\" data-leveltext=\"\uf0b7\" data-font=\"Symbol\" data-listid=\"5\" data-list-defn-props=\"{&quot;335552541&quot;:1,&quot;335559685&quot;:720,&quot;335559991&quot;:360,&quot;469769226&quot;:&quot;Symbol&quot;,&quot;469769242&quot;:[8226],&quot;469777803&quot;:&quot;left&quot;,&quot;469777804&quot;:&quot;\uf0b7&quot;,&quot;469777815&quot;:&quot;multilevel&quot;}\" data-aria-posinset=\"3\" data-aria-level=\"1\"><span data-contrast=\"auto\">Safari\u2122 : <\/span><a href=\"https:\/\/support.apple.com\/kb\/ph17191?locale=es_ES\"><span data-contrast=\"none\">https:\/\/support.apple.com\/kb\/ph17191?locale=es_ES<\/span><\/a><span data-ccp-props=\"{}\">\u00a0<\/span><\/li>\n<\/ul>\n<p><\/p>\n<ul>\n<li aria-setsize=\"-1\" data-leveltext=\"\uf0b7\" data-font=\"Symbol\" data-listid=\"5\" data-list-defn-props=\"{&quot;335552541&quot;:1,&quot;335559685&quot;:720,&quot;335559991&quot;:360,&quot;469769226&quot;:&quot;Symbol&quot;,&quot;469769242&quot;:[8226],&quot;469777803&quot;:&quot;left&quot;,&quot;469777804&quot;:&quot;\uf0b7&quot;,&quot;469777815&quot;:&quot;multilevel&quot;}\" data-aria-posinset=\"4\" data-aria-level=\"1\"><span data-contrast=\"auto\">Google Chrome\u2122 : <\/span><a href=\"https:\/\/support.google.com\/chrome\/answer\/95647?hl=es&amp;hlrm=en\"><span data-contrast=\"none\">https:\/\/support.google.com\/chrome\/answer\/95647?hl=es&amp;hlrm=en<\/span><\/a><span data-ccp-props=\"{}\">\u00a0<\/span><\/li>\n<\/ul>\n<p><\/p>\n<ul>\n<li aria-setsize=\"-1\" data-leveltext=\"\uf0b7\" data-font=\"Symbol\" data-listid=\"5\" data-list-defn-props=\"{&quot;335552541&quot;:1,&quot;335559685&quot;:720,&quot;335559991&quot;:360,&quot;469769226&quot;:&quot;Symbol&quot;,&quot;469769242&quot;:[8226],&quot;469777803&quot;:&quot;left&quot;,&quot;469777804&quot;:&quot;\uf0b7&quot;,&quot;469777815&quot;:&quot;multilevel&quot;}\" data-aria-posinset=\"5\" data-aria-level=\"1\"><span data-contrast=\"auto\">Firefox\u2122 : <\/span><a href=\"http:\/\/support.mozilla.org\/es\/kb\/cookies-informacion-que-los-sitios-web-guardan-en-?redirectlocale=en-US&amp;redirectslug=Cookies\"><span data-contrast=\"none\">http:\/\/support.mozilla.org\/es\/kb\/cookies-informacion-que-los-sitios-web-guardan-en-?redirectlocale=en-US&amp;redirectslug=Cookies<\/span><\/a><span data-ccp-props=\"{}\">\u00a0<\/span><\/li>\n<\/ul>\n<p><\/p>\n<ul>\n<li aria-setsize=\"-1\" data-leveltext=\"\uf0b7\" data-font=\"Symbol\" data-listid=\"5\" data-list-defn-props=\"{&quot;335552541&quot;:1,&quot;335559685&quot;:720,&quot;335559991&quot;:360,&quot;469769226&quot;:&quot;Symbol&quot;,&quot;469769242&quot;:[8226],&quot;469777803&quot;:&quot;left&quot;,&quot;469777804&quot;:&quot;\uf0b7&quot;,&quot;469777815&quot;:&quot;multilevel&quot;}\" data-aria-posinset=\"6\" data-aria-level=\"1\"><span data-contrast=\"auto\">Opera\u2122 : <\/span><a href=\"https:\/\/www.opera.com\/help\/tutorials\/security\/privacy\/\"><span data-contrast=\"none\">https:\/\/www.opera.com\/help\/tutorials\/security\/privacy\/<\/span><\/a><span data-ccp-props=\"{}\">\u00a0<\/span><\/li>\n<\/ul>\n<p><\/p>\n<ul>\n<li aria-setsize=\"-1\" data-leveltext=\"\uf0b7\" data-font=\"Symbol\" data-listid=\"5\" data-list-defn-props=\"{&quot;335552541&quot;:1,&quot;335559685&quot;:720,&quot;335559991&quot;:360,&quot;469769226&quot;:&quot;Symbol&quot;,&quot;469769242&quot;:[8226],&quot;469777803&quot;:&quot;left&quot;,&quot;469777804&quot;:&quot;\uf0b7&quot;,&quot;469777815&quot;:&quot;multilevel&quot;}\" data-aria-posinset=\"7\" data-aria-level=\"1\"><span data-contrast=\"auto\">Android : <\/span><a href=\"http:\/\/support.google.com\/android\/?hl=es\"><span data-contrast=\"none\">http:\/\/support.google.com\/android\/?hl=es<\/span><\/a><span data-ccp-props=\"{}\">\u00a0<\/span><\/li>\n<\/ul>\n<p><\/p>\n<ul>\n<li aria-setsize=\"-1\" data-leveltext=\"\uf0b7\" data-font=\"Symbol\" data-listid=\"5\" data-list-defn-props=\"{&quot;335552541&quot;:1,&quot;335559685&quot;:720,&quot;335559991&quot;:360,&quot;469769226&quot;:&quot;Symbol&quot;,&quot;469769242&quot;:[8226],&quot;469777803&quot;:&quot;left&quot;,&quot;469777804&quot;:&quot;\uf0b7&quot;,&quot;469777815&quot;:&quot;multilevel&quot;}\" data-aria-posinset=\"8\" data-aria-level=\"1\"><span data-contrast=\"auto\">Windows Phone : <\/span><a href=\"http:\/\/www.windowsphone.com\/es-ES\/how-to\/wp7\/web\/changing-privacy-and-other-browser-settings\"><span data-contrast=\"none\">http:\/\/www.windowsphone.com\/es-ES\/how-to\/wp7\/web\/changing-privacy-and-other-browser-settings<\/span><\/a><span data-ccp-props=\"{}\">\u00a0<\/span><\/li>\n<\/ul>\n<p><span data-contrast=\"auto\">Pour obtenir des informations compl\u00e9mentaires et d\u00e9taill\u00e9es sur la configuration des cookies par fournisseur, ou pour g\u00e9rer vos pr\u00e9f\u00e9rences, vous pouvez consulter le portail <\/span><b><span data-contrast=\"auto\">Your Online Choices<\/span><\/b><span data-contrast=\"auto\"> : <\/span><a href=\"https:\/\/www.youronlinechoices.com\/\"><span data-contrast=\"none\">https:\/\/www.youronlinechoices.com\/<\/span><\/a><span data-ccp-props=\"{&quot;335551550&quot;:6,&quot;335551620&quot;:6}\">\u00a0<\/span><\/p>\n\t\t\t\t\t\t\t\t<\/div>\n\t\t\t\t<\/div>\n\t\t\t\t<div class=\"elementor-element elementor-element-dc61ab0 elementor-widget elementor-widget-spacer\" data-id=\"dc61ab0\" data-element_type=\"widget\" data-widget_type=\"spacer.default\">\n\t\t\t\t<div class=\"elementor-widget-container\">\n\t\t\t\t\t\t\t<div class=\"elementor-spacer\">\n\t\t\t<div class=\"elementor-spacer-inner\"><\/div>\n\t\t<\/div>\n\t\t\t\t\t\t<\/div>\n\t\t\t\t<\/div>\n\t\t\t\t<\/div>\n\t\t\t\t\t<\/div>\n\t\t\t\t<\/div>\n\t\t\t\t<\/div>\n\t\t","protected":false},"excerpt":{"rendered":"<p>Configuration des cookies En naviguant et en restant sur notre site web, vous consentez \u00e0 l\u2019utilisation de cookies dans les conditions d\u00e9finies dans la pr\u00e9sente Politique de Cookies. CAPITOLE CONSULTING, SL met cette politique \u00e0 disposition d\u00e8s l\u2019inscription, afin d\u2019informer l\u2019utilisateur, sans pr\u00e9judice de son droit de bloquer, supprimer ou refuser \u00e0 tout moment l\u2019utilisation &#8230; <a title=\"Configuration des cookies\" class=\"read-more\" href=\"https:\/\/www.capitole-consulting.com\/fr\/configuration-des-cookies\/\" aria-label=\"En savoir plus sur Configuration des cookies\">Lire la suite<\/a><\/p>\n","protected":false},"author":1,"featured_media":0,"parent":0,"menu_order":0,"comment_status":"closed","ping_status":"closed","template":"elementor_header_footer","meta":{"_acf_changed":false,"footnotes":""},"tags":[],"class_list":["post-18067","page","type-page","status-publish"],"acf":[],"yoast_head":"<!-- This site is optimized with the Yoast SEO plugin v25.4 - https:\/\/yoast.com\/wordpress\/plugins\/seo\/ -->\n<title>Capitole | Configuration des cookies<\/title>\n<meta name=\"robots\" content=\"index, follow, max-snippet:-1, max-image-preview:large, max-video-preview:-1\" \/>\n<link rel=\"canonical\" href=\"https:\/\/www.capitole-consulting.com\/fr\/configuration-des-cookies\/\" \/>\n<meta property=\"og:locale\" content=\"fr_FR\" \/>\n<meta property=\"og:type\" content=\"article\" \/>\n<meta property=\"og:title\" content=\"Capitole | Configuration des cookies\" \/>\n<meta property=\"og:description\" content=\"Configuration des cookies En naviguant et en restant sur notre site web, vous consentez \u00e0 l\u2019utilisation de cookies dans les conditions d\u00e9finies dans la pr\u00e9sente Politique de Cookies. CAPITOLE CONSULTING, SL met cette politique \u00e0 disposition d\u00e8s l\u2019inscription, afin d\u2019informer l\u2019utilisateur, sans pr\u00e9judice de son droit de bloquer, supprimer ou refuser \u00e0 tout moment l\u2019utilisation ... Lire la suite\" \/>\n<meta property=\"og:url\" content=\"https:\/\/www.capitole-consulting.com\/fr\/configuration-des-cookies\/\" \/>\n<meta property=\"og:site_name\" content=\"Capitole\" \/>\n<meta property=\"article:publisher\" content=\"https:\/\/www.linkedin.com\/company\/capitole-consulting\/\" \/>\n<meta property=\"article:modified_time\" content=\"2025-09-18T10:46:01+00:00\" \/>\n<meta property=\"og:image\" content=\"https:\/\/www.capitole-consulting.com\/wp-content\/uploads\/2025\/01\/site-image.png\" \/>\n\t<meta property=\"og:image:width\" content=\"1200\" \/>\n\t<meta property=\"og:image:height\" content=\"675\" \/>\n\t<meta property=\"og:image:type\" content=\"image\/png\" \/>\n<meta name=\"twitter:card\" content=\"summary_large_image\" \/>\n<meta name=\"twitter:site\" content=\"@capitolecons\" \/>\n<meta name=\"twitter:label1\" content=\"Dur\u00e9e de lecture estim\u00e9e\" \/>\n\t<meta name=\"twitter:data1\" content=\"1 minute\" \/>\n<script type=\"application\/ld+json\" class=\"yoast-schema-graph\">{\"@context\":\"https:\/\/schema.org\",\"@graph\":[{\"@type\":\"WebPage\",\"@id\":\"https:\/\/www.capitole-consulting.com\/fr\/configuration-des-cookies\/\",\"url\":\"https:\/\/www.capitole-consulting.com\/fr\/configuration-des-cookies\/\",\"name\":\"Capitole | Configuration des cookies\",\"isPartOf\":{\"@id\":\"https:\/\/www.capitole-consulting.com\/fr\/#website\"},\"datePublished\":\"2025-01-02T10:24:04+00:00\",\"dateModified\":\"2025-09-18T10:46:01+00:00\",\"breadcrumb\":{\"@id\":\"https:\/\/www.capitole-consulting.com\/fr\/configuration-des-cookies\/#breadcrumb\"},\"inLanguage\":\"fr-FR\",\"potentialAction\":[{\"@type\":\"ReadAction\",\"target\":[\"https:\/\/www.capitole-consulting.com\/fr\/configuration-des-cookies\/\"]}]},{\"@type\":\"BreadcrumbList\",\"@id\":\"https:\/\/www.capitole-consulting.com\/fr\/configuration-des-cookies\/#breadcrumb\",\"itemListElement\":[{\"@type\":\"ListItem\",\"position\":1,\"name\":\"Home\",\"item\":\"https:\/\/www.capitole-consulting.com\/fr\/\"},{\"@type\":\"ListItem\",\"position\":2,\"name\":\"Configuration des cookies\"}]},{\"@type\":\"WebSite\",\"@id\":\"https:\/\/www.capitole-consulting.com\/fr\/#website\",\"url\":\"https:\/\/www.capitole-consulting.com\/fr\/\",\"name\":\"Capitole Consulting\",\"description\":\"\",\"publisher\":{\"@id\":\"https:\/\/www.capitole-consulting.com\/fr\/#organization\"},\"potentialAction\":[{\"@type\":\"SearchAction\",\"target\":{\"@type\":\"EntryPoint\",\"urlTemplate\":\"https:\/\/www.capitole-consulting.com\/fr\/?s={search_term_string}\"},\"query-input\":{\"@type\":\"PropertyValueSpecification\",\"valueRequired\":true,\"valueName\":\"search_term_string\"}}],\"inLanguage\":\"fr-FR\"},{\"@type\":\"Organization\",\"@id\":\"https:\/\/www.capitole-consulting.com\/fr\/#organization\",\"name\":\"Capitole Consulting\",\"url\":\"https:\/\/www.capitole-consulting.com\/fr\/\",\"logo\":{\"@type\":\"ImageObject\",\"inLanguage\":\"fr-FR\",\"@id\":\"https:\/\/www.capitole-consulting.com\/fr\/#\/schema\/logo\/image\/\",\"url\":\"https:\/\/www.capitole-consulting.com\/wp-content\/uploads\/2025\/01\/logo.png\",\"contentUrl\":\"https:\/\/www.capitole-consulting.com\/wp-content\/uploads\/2025\/01\/logo.png\",\"width\":800,\"height\":800,\"caption\":\"Capitole Consulting\"},\"image\":{\"@id\":\"https:\/\/www.capitole-consulting.com\/fr\/#\/schema\/logo\/image\/\"},\"sameAs\":[\"https:\/\/www.linkedin.com\/company\/capitole-consulting\/\",\"https:\/\/x.com\/capitolecons\",\"https:\/\/www.youtube.com\/@capitoleconsulting\"]}]}<\/script>\n<!-- \/ Yoast SEO plugin. -->","yoast_head_json":{"title":"Capitole | Configuration des cookies","robots":{"index":"index","follow":"follow","max-snippet":"max-snippet:-1","max-image-preview":"max-image-preview:large","max-video-preview":"max-video-preview:-1"},"canonical":"https:\/\/www.capitole-consulting.com\/fr\/configuration-des-cookies\/","og_locale":"fr_FR","og_type":"article","og_title":"Capitole | Configuration des cookies","og_description":"Configuration des cookies En naviguant et en restant sur notre site web, vous consentez \u00e0 l\u2019utilisation de cookies dans les conditions d\u00e9finies dans la pr\u00e9sente Politique de Cookies. CAPITOLE CONSULTING, SL met cette politique \u00e0 disposition d\u00e8s l\u2019inscription, afin d\u2019informer l\u2019utilisateur, sans pr\u00e9judice de son droit de bloquer, supprimer ou refuser \u00e0 tout moment l\u2019utilisation ... Lire la suite","og_url":"https:\/\/www.capitole-consulting.com\/fr\/configuration-des-cookies\/","og_site_name":"Capitole","article_publisher":"https:\/\/www.linkedin.com\/company\/capitole-consulting\/","article_modified_time":"2025-09-18T10:46:01+00:00","og_image":[{"width":1200,"height":675,"url":"https:\/\/www.capitole-consulting.com\/wp-content\/uploads\/2025\/01\/site-image.png","type":"image\/png"}],"twitter_card":"summary_large_image","twitter_site":"@capitolecons","twitter_misc":{"Dur\u00e9e de lecture estim\u00e9e":"1 minute"},"schema":{"@context":"https:\/\/schema.org","@graph":[{"@type":"WebPage","@id":"https:\/\/www.capitole-consulting.com\/fr\/configuration-des-cookies\/","url":"https:\/\/www.capitole-consulting.com\/fr\/configuration-des-cookies\/","name":"Capitole | Configuration des cookies","isPartOf":{"@id":"https:\/\/www.capitole-consulting.com\/fr\/#website"},"datePublished":"2025-01-02T10:24:04+00:00","dateModified":"2025-09-18T10:46:01+00:00","breadcrumb":{"@id":"https:\/\/www.capitole-consulting.com\/fr\/configuration-des-cookies\/#breadcrumb"},"inLanguage":"fr-FR","potentialAction":[{"@type":"ReadAction","target":["https:\/\/www.capitole-consulting.com\/fr\/configuration-des-cookies\/"]}]},{"@type":"BreadcrumbList","@id":"https:\/\/www.capitole-consulting.com\/fr\/configuration-des-cookies\/#breadcrumb","itemListElement":[{"@type":"ListItem","position":1,"name":"Home","item":"https:\/\/www.capitole-consulting.com\/fr\/"},{"@type":"ListItem","position":2,"name":"Configuration des cookies"}]},{"@type":"WebSite","@id":"https:\/\/www.capitole-consulting.com\/fr\/#website","url":"https:\/\/www.capitole-consulting.com\/fr\/","name":"Capitole Consulting","description":"","publisher":{"@id":"https:\/\/www.capitole-consulting.com\/fr\/#organization"},"potentialAction":[{"@type":"SearchAction","target":{"@type":"EntryPoint","urlTemplate":"https:\/\/www.capitole-consulting.com\/fr\/?s={search_term_string}"},"query-input":{"@type":"PropertyValueSpecification","valueRequired":true,"valueName":"search_term_string"}}],"inLanguage":"fr-FR"},{"@type":"Organization","@id":"https:\/\/www.capitole-consulting.com\/fr\/#organization","name":"Capitole Consulting","url":"https:\/\/www.capitole-consulting.com\/fr\/","logo":{"@type":"ImageObject","inLanguage":"fr-FR","@id":"https:\/\/www.capitole-consulting.com\/fr\/#\/schema\/logo\/image\/","url":"https:\/\/www.capitole-consulting.com\/wp-content\/uploads\/2025\/01\/logo.png","contentUrl":"https:\/\/www.capitole-consulting.com\/wp-content\/uploads\/2025\/01\/logo.png","width":800,"height":800,"caption":"Capitole Consulting"},"image":{"@id":"https:\/\/www.capitole-consulting.com\/fr\/#\/schema\/logo\/image\/"},"sameAs":["https:\/\/www.linkedin.com\/company\/capitole-consulting\/","https:\/\/x.com\/capitolecons","https:\/\/www.youtube.com\/@capitoleconsulting"]}]}},"_links":{"self":[{"href":"https:\/\/www.capitole-consulting.com\/fr\/wp-json\/wp\/v2\/pages\/18067","targetHints":{"allow":["GET"]}}],"collection":[{"href":"https:\/\/www.capitole-consulting.com\/fr\/wp-json\/wp\/v2\/pages"}],"about":[{"href":"https:\/\/www.capitole-consulting.com\/fr\/wp-json\/wp\/v2\/types\/page"}],"author":[{"embeddable":true,"href":"https:\/\/www.capitole-consulting.com\/fr\/wp-json\/wp\/v2\/users\/1"}],"replies":[{"embeddable":true,"href":"https:\/\/www.capitole-consulting.com\/fr\/wp-json\/wp\/v2\/comments?post=18067"}],"version-history":[{"count":1,"href":"https:\/\/www.capitole-consulting.com\/fr\/wp-json\/wp\/v2\/pages\/18067\/revisions"}],"predecessor-version":[{"id":18068,"href":"https:\/\/www.capitole-consulting.com\/fr\/wp-json\/wp\/v2\/pages\/18067\/revisions\/18068"}],"wp:attachment":[{"href":"https:\/\/www.capitole-consulting.com\/fr\/wp-json\/wp\/v2\/media?parent=18067"}],"wp:term":[{"taxonomy":"post_tag","embeddable":true,"href":"https:\/\/www.capitole-consulting.com\/fr\/wp-json\/wp\/v2\/tags?post=18067"}],"curies":[{"name":"wp","href":"https:\/\/api.w.org\/{rel}","templated":true}]}}