{"id":18063,"date":"2025-01-02T09:03:40","date_gmt":"2025-01-02T09:03:40","guid":{"rendered":"https:\/\/www.capitole-consulting.com\/iso-27001\/"},"modified":"2025-12-04T17:04:49","modified_gmt":"2025-12-04T17:04:49","slug":"iso-27001","status":"publish","type":"page","link":"https:\/\/www.capitole-consulting.com\/fr\/iso-27001\/","title":{"rendered":"ISO 27001"},"content":{"rendered":"\t\t<div data-elementor-type=\"wp-page\" data-elementor-id=\"18063\" class=\"elementor elementor-18063 elementor-10112\" data-elementor-post-type=\"page\">\n\t\t\t\t<div class=\"elementor-element elementor-element-c982aab e-flex e-con-boxed e-con e-parent\" data-id=\"c982aab\" data-element_type=\"container\">\n\t\t\t\t\t<div class=\"e-con-inner\">\n\t\t<div class=\"elementor-element elementor-element-c8fe08e e-con-full e-flex e-con e-child\" data-id=\"c8fe08e\" data-element_type=\"container\">\n\t\t\t\t<div class=\"elementor-element elementor-element-a8453a2 elementor-widget elementor-widget-heading\" data-id=\"a8453a2\" data-element_type=\"widget\" data-widget_type=\"heading.default\">\n\t\t\t\t<div class=\"elementor-widget-container\">\n\t\t\t\t\t<h1 class=\"elementor-heading-title elementor-size-default\">Politique de S\u00e9curit\u00e9 de l\u2019Information <\/h1>\t\t\t\t<\/div>\n\t\t\t\t<\/div>\n\t\t\t\t<\/div>\n\t\t\t\t\t<\/div>\n\t\t\t\t<\/div>\n\t\t<div class=\"elementor-element elementor-element-0871f17 e-flex e-con-boxed e-con e-parent\" data-id=\"0871f17\" data-element_type=\"container\">\n\t\t\t\t\t<div class=\"e-con-inner\">\n\t\t\t\t<div class=\"elementor-element elementor-element-360d824 elementor-widget elementor-widget-spacer\" data-id=\"360d824\" data-element_type=\"widget\" data-widget_type=\"spacer.default\">\n\t\t\t\t<div class=\"elementor-widget-container\">\n\t\t\t\t\t\t\t<div class=\"elementor-spacer\">\n\t\t\t<div class=\"elementor-spacer-inner\"><\/div>\n\t\t<\/div>\n\t\t\t\t\t\t<\/div>\n\t\t\t\t<\/div>\n\t\t<div class=\"elementor-element elementor-element-c55a77f e-flex e-con-boxed e-con e-child\" data-id=\"c55a77f\" data-element_type=\"container\" data-settings=\"{&quot;background_background&quot;:&quot;classic&quot;}\">\n\t\t\t\t\t<div class=\"e-con-inner\">\n\t\t<div class=\"elementor-element elementor-element-9f9ff2d e-flex e-con-boxed e-con e-child\" data-id=\"9f9ff2d\" data-element_type=\"container\" data-settings=\"{&quot;background_background&quot;:&quot;classic&quot;}\">\n\t\t\t\t\t<div class=\"e-con-inner\">\n\t\t\t\t\t<\/div>\n\t\t\t\t<\/div>\n\t\t\t\t\t<\/div>\n\t\t\t\t<\/div>\n\t\t\t\t\t<\/div>\n\t\t\t\t<\/div>\n\t\t<div class=\"elementor-element elementor-element-d693d1a e-flex e-con-boxed e-con e-parent\" data-id=\"d693d1a\" data-element_type=\"container\">\n\t\t\t\t\t<div class=\"e-con-inner\">\n\t\t\t\t<div class=\"elementor-element elementor-element-da172d2 elementor-widget elementor-widget-spacer\" data-id=\"da172d2\" data-element_type=\"widget\" data-widget_type=\"spacer.default\">\n\t\t\t\t<div class=\"elementor-widget-container\">\n\t\t\t\t\t\t\t<div class=\"elementor-spacer\">\n\t\t\t<div class=\"elementor-spacer-inner\"><\/div>\n\t\t<\/div>\n\t\t\t\t\t\t<\/div>\n\t\t\t\t<\/div>\n\t\t\t\t\t<\/div>\n\t\t\t\t<\/div>\n\t\t<div class=\"elementor-element elementor-element-e141335 e-flex e-con-boxed e-con e-parent\" data-id=\"e141335\" data-element_type=\"container\">\n\t\t\t\t\t<div class=\"e-con-inner\">\n\t\t<div class=\"elementor-element elementor-element-f2d1bd3 e-con-full e-flex e-con e-child\" data-id=\"f2d1bd3\" data-element_type=\"container\">\n\t\t\t\t<div class=\"elementor-element elementor-element-0083de1 elementor-widget elementor-widget-spacer\" data-id=\"0083de1\" data-element_type=\"widget\" data-widget_type=\"spacer.default\">\n\t\t\t\t<div class=\"elementor-widget-container\">\n\t\t\t\t\t\t\t<div class=\"elementor-spacer\">\n\t\t\t<div class=\"elementor-spacer-inner\"><\/div>\n\t\t<\/div>\n\t\t\t\t\t\t<\/div>\n\t\t\t\t<\/div>\n\t\t<div class=\"elementor-element elementor-element-88d3b50 e-con-full e-flex e-con e-child\" data-id=\"88d3b50\" data-element_type=\"container\">\n\t\t\t\t<div class=\"elementor-element elementor-element-a62ca81 elementor-widget elementor-widget-image\" data-id=\"a62ca81\" data-element_type=\"widget\" data-widget_type=\"image.default\">\n\t\t\t\t<div class=\"elementor-widget-container\">\n\t\t\t\t\t\t\t\t\t\t\t\t\t\t\t<img loading=\"lazy\" decoding=\"async\" width=\"1024\" height=\"538\" src=\"https:\/\/www.capitole-consulting.com\/wp-content\/uploads\/2025\/01\/Logo-ISO-27001-1024x538.jpg\" class=\"attachment-large size-large wp-image-11898\" alt=\"\" srcset=\"https:\/\/www.capitole-consulting.com\/wp-content\/uploads\/2025\/01\/Logo-ISO-27001-1024x538.jpg 1024w, https:\/\/www.capitole-consulting.com\/wp-content\/uploads\/2025\/01\/Logo-ISO-27001-300x158.jpg 300w, https:\/\/www.capitole-consulting.com\/wp-content\/uploads\/2025\/01\/Logo-ISO-27001-768x403.jpg 768w, https:\/\/www.capitole-consulting.com\/wp-content\/uploads\/2025\/01\/Logo-ISO-27001.jpg 1200w\" sizes=\"auto, (max-width: 1024px) 100vw, 1024px\" \/>\t\t\t\t\t\t\t\t\t\t\t\t\t\t\t<\/div>\n\t\t\t\t<\/div>\n\t\t\t\t<div class=\"elementor-element elementor-element-1f24f8a elementor-widget elementor-widget-text-editor\" data-id=\"1f24f8a\" data-element_type=\"widget\" data-widget_type=\"text-editor.default\">\n\t\t\t\t<div class=\"elementor-widget-container\">\n\t\t\t\t\t\t\t\t\t<p><strong>CAPITOLE CONSULTING SL<\/strong>, consciente du d\u00e9fi que repr\u00e9sente la protection de ses propres donn\u00e9es ainsi que de celles qui lui sont confi\u00e9es par ses clients, adopte et promeut la pr\u00e9sente politique de S\u00e9curit\u00e9 de l\u2019Information.<\/p>\n<p>Les informations doivent \u00eatre cr\u00e9\u00e9es, trait\u00e9es et contr\u00f4l\u00e9es conform\u00e9ment aux niveaux de s\u00e9curit\u00e9 d\u00e9finis par CAPITOLE CONSULTING SL, afin de les prot\u00e9ger contre toute perte, alt\u00e9ration ou divulgation non autoris\u00e9e.<\/p>\n<p>Ces niveaux de s\u00e9curit\u00e9 sont \u00e9tablis sous le contr\u00f4le de la norme ISO\/IEC 27002, en coh\u00e9rence avec les objectifs fix\u00e9s par la norme ISO\/IEC 27001 en vigueur.<\/p>\n<p>Dans ce cadre, et en conformit\u00e9 avec la Directive (UE) 2022\/2555 du Parlement europ\u00e9en et du Conseil du 14 d\u00e9cembre 2022 relative \u00e0 des mesures destin\u00e9es \u00e0 assurer un niveau \u00e9lev\u00e9 commun de cybers\u00e9curit\u00e9 dans l\u2019Union (directive NIS 2), CAPITOLE CONSULTING SL met en place un Syst\u00e8me de Management de la S\u00e9curit\u00e9 de l\u2019Information (SMSI) ayant pour objectif principal la pr\u00e9servation des dimensions fondamentales de la s\u00e9curit\u00e9 : <\/p>\n\t\t\t\t\t\t\t\t<\/div>\n\t\t\t\t<\/div>\n\t\t\t\t<\/div>\n\t\t\t\t<div class=\"elementor-element elementor-element-c5bd16c elementor-widget elementor-widget-text-editor\" data-id=\"c5bd16c\" data-element_type=\"widget\" data-widget_type=\"text-editor.default\">\n\t\t\t\t<div class=\"elementor-widget-container\">\n\t\t\t\t\t\t\t\t\t<ul>\n<li aria-setsize=\"-1\" data-leveltext=\"\uf0b7\" data-font=\"Symbol\" data-listid=\"3\" data-list-defn-props=\"{&quot;335552541&quot;:1,&quot;335559685&quot;:720,&quot;335559991&quot;:360,&quot;469769226&quot;:&quot;Symbol&quot;,&quot;469769242&quot;:[8226],&quot;469777803&quot;:&quot;left&quot;,&quot;469777804&quot;:&quot;\uf0b7&quot;,&quot;469777815&quot;:&quot;multilevel&quot;}\" data-aria-posinset=\"1\" data-aria-level=\"1\"><b><span data-contrast=\"auto\">Confidentialit\u00e9<\/span><\/b><span data-contrast=\"auto\"> : garantir que seules les personnes et processus disposant des autorisations n\u00e9cessaires puissent acc\u00e9der \u00e0 l\u2019information.<\/span><span data-ccp-props=\"{&quot;335551550&quot;:6,&quot;335551620&quot;:6}\">&nbsp;<\/span><\/li>\n<\/ul>\n<ul>\n<li aria-setsize=\"-1\" data-leveltext=\"\uf0b7\" data-font=\"Symbol\" data-listid=\"3\" data-list-defn-props=\"{&quot;335552541&quot;:1,&quot;335559685&quot;:720,&quot;335559991&quot;:360,&quot;469769226&quot;:&quot;Symbol&quot;,&quot;469769242&quot;:[8226],&quot;469777803&quot;:&quot;left&quot;,&quot;469777804&quot;:&quot;\uf0b7&quot;,&quot;469777815&quot;:&quot;multilevel&quot;}\" data-aria-posinset=\"2\" data-aria-level=\"1\"><b><span data-contrast=\"auto\">Int\u00e9grit\u00e9<\/span><\/b><span data-contrast=\"auto\"> : pr\u00e9server l\u2019exactitude et l\u2019exhaustivit\u00e9 de l\u2019information ainsi que des m\u00e9thodes de traitement.<\/span><span data-ccp-props=\"{&quot;335551550&quot;:6,&quot;335551620&quot;:6}\">&nbsp;<\/span><\/li>\n<\/ul>\n<ul>\n<li aria-setsize=\"-1\" data-leveltext=\"\uf0b7\" data-font=\"Symbol\" data-listid=\"3\" data-list-defn-props=\"{&quot;335552541&quot;:1,&quot;335559685&quot;:720,&quot;335559991&quot;:360,&quot;469769226&quot;:&quot;Symbol&quot;,&quot;469769242&quot;:[8226],&quot;469777803&quot;:&quot;left&quot;,&quot;469777804&quot;:&quot;\uf0b7&quot;,&quot;469777815&quot;:&quot;multilevel&quot;}\" data-aria-posinset=\"3\" data-aria-level=\"1\"><b><span data-contrast=\"auto\">Disponibilit\u00e9<\/span><\/b><span data-contrast=\"auto\"> : assurer que les utilisateurs autoris\u00e9s aient acc\u00e8s \u00e0 l\u2019information et aux processus ou technologies qui la soutiennent, au moment requis.<\/span><span data-ccp-props=\"{&quot;335551550&quot;:6,&quot;335551620&quot;:6}\">&nbsp;<\/span><\/li>\n<\/ul>\n<p><b><span data-contrast=\"auto\">La Direction s\u2019engage \u00e0 :<\/span><\/b><span data-ccp-props=\"{&quot;335551550&quot;:6,&quot;335551620&quot;:6}\">&nbsp;<\/span><\/p>\n<ul>\n<li aria-setsize=\"-1\" data-leveltext=\"\uf0b7\" data-font=\"Symbol\" data-listid=\"4\" data-list-defn-props=\"{&quot;335552541&quot;:1,&quot;335559685&quot;:720,&quot;335559991&quot;:360,&quot;469769226&quot;:&quot;Symbol&quot;,&quot;469769242&quot;:[8226],&quot;469777803&quot;:&quot;left&quot;,&quot;469777804&quot;:&quot;\uf0b7&quot;,&quot;469777815&quot;:&quot;multilevel&quot;}\" data-aria-posinset=\"1\" data-aria-level=\"1\"><span data-contrast=\"auto\">D\u00e9velopper des contr\u00f4les et objectifs de contr\u00f4le permettant d\u2019identifier et d\u2019\u00e9valuer les risques li\u00e9s aux actifs informationnels.<\/span><span data-ccp-props=\"{&quot;335551550&quot;:6,&quot;335551620&quot;:6}\">&nbsp;<\/span><\/li>\n<\/ul>\n<ul>\n<li aria-setsize=\"-1\" data-leveltext=\"\uf0b7\" data-font=\"Symbol\" data-listid=\"4\" data-list-defn-props=\"{&quot;335552541&quot;:1,&quot;335559685&quot;:720,&quot;335559991&quot;:360,&quot;469769226&quot;:&quot;Symbol&quot;,&quot;469769242&quot;:[8226],&quot;469777803&quot;:&quot;left&quot;,&quot;469777804&quot;:&quot;\uf0b7&quot;,&quot;469777815&quot;:&quot;multilevel&quot;}\" data-aria-posinset=\"2\" data-aria-level=\"1\"><span data-contrast=\"auto\">Respecter les exigences m\u00e9tiers, les dispositions l\u00e9gales, r\u00e9glementaires et contractuelles en mati\u00e8re de s\u00e9curit\u00e9.<\/span><span data-ccp-props=\"{&quot;335551550&quot;:6,&quot;335551620&quot;:6}\">&nbsp;<\/span><\/li>\n<\/ul>\n<ul>\n<li aria-setsize=\"-1\" data-leveltext=\"\uf0b7\" data-font=\"Symbol\" data-listid=\"4\" data-list-defn-props=\"{&quot;335552541&quot;:1,&quot;335559685&quot;:720,&quot;335559991&quot;:360,&quot;469769226&quot;:&quot;Symbol&quot;,&quot;469769242&quot;:[8226],&quot;469777803&quot;:&quot;left&quot;,&quot;469777804&quot;:&quot;\uf0b7&quot;,&quot;469777815&quot;:&quot;multilevel&quot;}\" data-aria-posinset=\"3\" data-aria-level=\"1\"><span data-contrast=\"auto\">Allouer les ressources et responsabilit\u00e9s n\u00e9cessaires pour mettre en \u0153uvre et maintenir un processus d\u2019am\u00e9lioration continue de la gestion de la S\u00e9curit\u00e9 de l\u2019Information.<\/span><span data-ccp-props=\"{&quot;335551550&quot;:6,&quot;335551620&quot;:6}\">&nbsp;<\/span><\/li>\n<\/ul>\n<p><span data-contrast=\"auto\">L\u2019ensemble du personnel de <\/span><b><span data-contrast=\"auto\">CAPITOLE CONSULTING SL<\/span><\/b><span data-contrast=\"auto\"> doit s\u2019approprier et soutenir la r\u00e9alisation de ces objectifs.<\/span>&nbsp;<br \/><span data-contrast=\"auto\">Chaque collaborateur est ainsi responsable de la pr\u00e9servation de la <\/span><b><span data-contrast=\"auto\">confidentialit\u00e9<\/span><\/b><span data-contrast=\"auto\">, de l\u2019<\/span><b><span data-contrast=\"auto\">int\u00e9grit\u00e9<\/span><\/b><span data-contrast=\"auto\"> et de la <\/span><b><span data-contrast=\"auto\">disponibilit\u00e9<\/span><\/b><span data-contrast=\"auto\"> des actifs informationnels, conform\u00e9ment \u00e0 cette politique et aux objectifs de l\u2019organisation.<\/span><span data-ccp-props=\"{&quot;335551550&quot;:6,&quot;335551620&quot;:6}\">&nbsp;<\/span><\/p>\n<p><b><span data-contrast=\"auto\">Barcelone, le 1er septembre 2025<\/span><\/b><span data-ccp-props=\"{&quot;335551550&quot;:6,&quot;335551620&quot;:6}\">&nbsp;<\/span><\/p>\n<p><span data-contrast=\"auto\">Le Directeur G\u00e9n\u00e9ral<\/span><span data-ccp-props=\"{&quot;335551550&quot;:6,&quot;335551620&quot;:6}\">&nbsp;<\/span><\/p>\n\t\t\t\t\t\t\t\t<\/div>\n\t\t\t\t<\/div>\n\t\t\t\t<div class=\"elementor-element elementor-element-55fc3ce elementor-widget elementor-widget-spacer\" data-id=\"55fc3ce\" data-element_type=\"widget\" data-widget_type=\"spacer.default\">\n\t\t\t\t<div class=\"elementor-widget-container\">\n\t\t\t\t\t\t\t<div class=\"elementor-spacer\">\n\t\t\t<div class=\"elementor-spacer-inner\"><\/div>\n\t\t<\/div>\n\t\t\t\t\t\t<\/div>\n\t\t\t\t<\/div>\n\t\t<div class=\"elementor-element elementor-element-cf157cb e-con-full e-flex e-con e-child\" data-id=\"cf157cb\" data-element_type=\"container\">\n\t\t\t\t<div class=\"elementor-element elementor-element-ca37dd8 elementor-widget elementor-widget-button\" data-id=\"ca37dd8\" data-element_type=\"widget\" data-widget_type=\"button.default\">\n\t\t\t\t<div class=\"elementor-widget-container\">\n\t\t\t\t\t\t\t\t\t<div class=\"elementor-button-wrapper\">\n\t\t\t\t\t<a class=\"elementor-button elementor-button-link elementor-size-sm elementor-animation-shrink\" href=\"https:\/\/www.capitole-consulting.com\/wp-content\/uploads\/2025\/09\/N-520-Politica-de-Seguridad-de-la-InformacionEN.pdf\" target=\"_blank\">\n\t\t\t\t\t\t<span class=\"elementor-button-content-wrapper\">\n\t\t\t\t\t\t\t\t\t<span class=\"elementor-button-text\">T\u00e9l\u00e9charger politique<\/span>\n\t\t\t\t\t<\/span>\n\t\t\t\t\t<\/a>\n\t\t\t\t<\/div>\n\t\t\t\t\t\t\t\t<\/div>\n\t\t\t\t<\/div>\n\t\t\t\t<div class=\"elementor-element elementor-element-94dd532 elementor-widget elementor-widget-button\" data-id=\"94dd532\" data-element_type=\"widget\" data-widget_type=\"button.default\">\n\t\t\t\t<div class=\"elementor-widget-container\">\n\t\t\t\t\t\t\t\t\t<div class=\"elementor-button-wrapper\">\n\t\t\t\t\t<a class=\"elementor-button elementor-button-link elementor-size-sm elementor-animation-shrink\" href=\"https:\/\/www.capitole-consulting.com\/wp-content\/uploads\/2025\/12\/ISO-27001-ENG-Dic2025.pdf\">\n\t\t\t\t\t\t<span class=\"elementor-button-content-wrapper\">\n\t\t\t\t\t\t\t\t\t<span class=\"elementor-button-text\">T\u00e9l\u00e9charger certificat<\/span>\n\t\t\t\t\t<\/span>\n\t\t\t\t\t<\/a>\n\t\t\t\t<\/div>\n\t\t\t\t\t\t\t\t<\/div>\n\t\t\t\t<\/div>\n\t\t\t\t<\/div>\n\t\t\t\t<\/div>\n\t\t\t\t\t<\/div>\n\t\t\t\t<\/div>\n\t\t<div class=\"elementor-element elementor-element-a040697 e-flex e-con-boxed e-con e-parent\" data-id=\"a040697\" data-element_type=\"container\">\n\t\t\t\t\t<div class=\"e-con-inner\">\n\t\t\t\t<div class=\"elementor-element elementor-element-3d84acc elementor-widget elementor-widget-spacer\" data-id=\"3d84acc\" data-element_type=\"widget\" data-widget_type=\"spacer.default\">\n\t\t\t\t<div class=\"elementor-widget-container\">\n\t\t\t\t\t\t\t<div class=\"elementor-spacer\">\n\t\t\t<div class=\"elementor-spacer-inner\"><\/div>\n\t\t<\/div>\n\t\t\t\t\t\t<\/div>\n\t\t\t\t<\/div>\n\t\t\t\t\t<\/div>\n\t\t\t\t<\/div>\n\t\t\t\t<\/div>\n\t\t","protected":false},"excerpt":{"rendered":"<p>Politique de S\u00e9curit\u00e9 de l\u2019Information CAPITOLE CONSULTING SL, consciente du d\u00e9fi que repr\u00e9sente la protection de ses propres donn\u00e9es ainsi que de celles qui lui sont confi\u00e9es par ses clients, adopte et promeut la pr\u00e9sente politique de S\u00e9curit\u00e9 de l\u2019Information. Les informations doivent \u00eatre cr\u00e9\u00e9es, trait\u00e9es et contr\u00f4l\u00e9es conform\u00e9ment aux niveaux de s\u00e9curit\u00e9 d\u00e9finis par &#8230; <a title=\"ISO 27001\" class=\"read-more\" href=\"https:\/\/www.capitole-consulting.com\/fr\/iso-27001\/\" aria-label=\"En savoir plus sur ISO 27001\">Lire la suite<\/a><\/p>\n","protected":false},"author":1,"featured_media":0,"parent":0,"menu_order":0,"comment_status":"closed","ping_status":"closed","template":"elementor_header_footer","meta":{"_acf_changed":false,"footnotes":""},"tags":[],"class_list":["post-18063","page","type-page","status-publish"],"acf":[],"yoast_head":"<!-- This site is optimized with the Yoast SEO plugin v25.4 - https:\/\/yoast.com\/wordpress\/plugins\/seo\/ -->\n<title>ISO 27001 - Capitole<\/title>\n<meta name=\"robots\" content=\"index, follow, max-snippet:-1, max-image-preview:large, max-video-preview:-1\" \/>\n<link rel=\"canonical\" href=\"https:\/\/www.capitole-consulting.com\/fr\/iso-27001\/\" \/>\n<meta property=\"og:locale\" content=\"fr_FR\" \/>\n<meta property=\"og:type\" content=\"article\" \/>\n<meta property=\"og:title\" content=\"ISO 27001 - Capitole\" \/>\n<meta property=\"og:description\" content=\"Politique de S\u00e9curit\u00e9 de l\u2019Information CAPITOLE CONSULTING SL, consciente du d\u00e9fi que repr\u00e9sente la protection de ses propres donn\u00e9es ainsi que de celles qui lui sont confi\u00e9es par ses clients, adopte et promeut la pr\u00e9sente politique de S\u00e9curit\u00e9 de l\u2019Information. Les informations doivent \u00eatre cr\u00e9\u00e9es, trait\u00e9es et contr\u00f4l\u00e9es conform\u00e9ment aux niveaux de s\u00e9curit\u00e9 d\u00e9finis par ... Lire la suite\" \/>\n<meta property=\"og:url\" content=\"https:\/\/www.capitole-consulting.com\/fr\/iso-27001\/\" \/>\n<meta property=\"og:site_name\" content=\"Capitole\" \/>\n<meta property=\"article:publisher\" content=\"https:\/\/www.linkedin.com\/company\/capitole-consulting\/\" \/>\n<meta property=\"article:modified_time\" content=\"2025-12-04T17:04:49+00:00\" \/>\n<meta property=\"og:image\" content=\"https:\/\/www.capitole-consulting.com\/wp-content\/uploads\/2025\/01\/Logo-ISO-27001.jpg\" \/>\n\t<meta property=\"og:image:width\" content=\"1200\" \/>\n\t<meta property=\"og:image:height\" content=\"630\" \/>\n\t<meta property=\"og:image:type\" content=\"image\/jpeg\" \/>\n<meta name=\"twitter:card\" content=\"summary_large_image\" \/>\n<meta name=\"twitter:site\" content=\"@capitolecons\" \/>\n<meta name=\"twitter:label1\" content=\"Dur\u00e9e de lecture estim\u00e9e\" \/>\n\t<meta name=\"twitter:data1\" content=\"2 minutes\" \/>\n<script type=\"application\/ld+json\" class=\"yoast-schema-graph\">{\"@context\":\"https:\/\/schema.org\",\"@graph\":[{\"@type\":\"WebPage\",\"@id\":\"https:\/\/www.capitole-consulting.com\/fr\/iso-27001\/\",\"url\":\"https:\/\/www.capitole-consulting.com\/fr\/iso-27001\/\",\"name\":\"ISO 27001 - Capitole\",\"isPartOf\":{\"@id\":\"https:\/\/www.capitole-consulting.com\/fr\/#website\"},\"primaryImageOfPage\":{\"@id\":\"https:\/\/www.capitole-consulting.com\/fr\/iso-27001\/#primaryimage\"},\"image\":{\"@id\":\"https:\/\/www.capitole-consulting.com\/fr\/iso-27001\/#primaryimage\"},\"thumbnailUrl\":\"https:\/\/www.capitole-consulting.com\/wp-content\/uploads\/2025\/01\/Logo-ISO-27001-1024x538.jpg\",\"datePublished\":\"2025-01-02T09:03:40+00:00\",\"dateModified\":\"2025-12-04T17:04:49+00:00\",\"breadcrumb\":{\"@id\":\"https:\/\/www.capitole-consulting.com\/fr\/iso-27001\/#breadcrumb\"},\"inLanguage\":\"fr-FR\",\"potentialAction\":[{\"@type\":\"ReadAction\",\"target\":[\"https:\/\/www.capitole-consulting.com\/fr\/iso-27001\/\"]}]},{\"@type\":\"ImageObject\",\"inLanguage\":\"fr-FR\",\"@id\":\"https:\/\/www.capitole-consulting.com\/fr\/iso-27001\/#primaryimage\",\"url\":\"https:\/\/www.capitole-consulting.com\/wp-content\/uploads\/2025\/01\/Logo-ISO-27001-1024x538.jpg\",\"contentUrl\":\"https:\/\/www.capitole-consulting.com\/wp-content\/uploads\/2025\/01\/Logo-ISO-27001-1024x538.jpg\"},{\"@type\":\"BreadcrumbList\",\"@id\":\"https:\/\/www.capitole-consulting.com\/fr\/iso-27001\/#breadcrumb\",\"itemListElement\":[{\"@type\":\"ListItem\",\"position\":1,\"name\":\"Home\",\"item\":\"https:\/\/www.capitole-consulting.com\/fr\/\"},{\"@type\":\"ListItem\",\"position\":2,\"name\":\"ISO 27001\"}]},{\"@type\":\"WebSite\",\"@id\":\"https:\/\/www.capitole-consulting.com\/fr\/#website\",\"url\":\"https:\/\/www.capitole-consulting.com\/fr\/\",\"name\":\"Capitole Consulting\",\"description\":\"\",\"publisher\":{\"@id\":\"https:\/\/www.capitole-consulting.com\/fr\/#organization\"},\"potentialAction\":[{\"@type\":\"SearchAction\",\"target\":{\"@type\":\"EntryPoint\",\"urlTemplate\":\"https:\/\/www.capitole-consulting.com\/fr\/?s={search_term_string}\"},\"query-input\":{\"@type\":\"PropertyValueSpecification\",\"valueRequired\":true,\"valueName\":\"search_term_string\"}}],\"inLanguage\":\"fr-FR\"},{\"@type\":\"Organization\",\"@id\":\"https:\/\/www.capitole-consulting.com\/fr\/#organization\",\"name\":\"Capitole Consulting\",\"url\":\"https:\/\/www.capitole-consulting.com\/fr\/\",\"logo\":{\"@type\":\"ImageObject\",\"inLanguage\":\"fr-FR\",\"@id\":\"https:\/\/www.capitole-consulting.com\/fr\/#\/schema\/logo\/image\/\",\"url\":\"https:\/\/www.capitole-consulting.com\/wp-content\/uploads\/2025\/01\/logo.png\",\"contentUrl\":\"https:\/\/www.capitole-consulting.com\/wp-content\/uploads\/2025\/01\/logo.png\",\"width\":800,\"height\":800,\"caption\":\"Capitole Consulting\"},\"image\":{\"@id\":\"https:\/\/www.capitole-consulting.com\/fr\/#\/schema\/logo\/image\/\"},\"sameAs\":[\"https:\/\/www.linkedin.com\/company\/capitole-consulting\/\",\"https:\/\/x.com\/capitolecons\",\"https:\/\/www.youtube.com\/@capitoleconsulting\"]}]}<\/script>\n<!-- \/ Yoast SEO plugin. -->","yoast_head_json":{"title":"ISO 27001 - Capitole","robots":{"index":"index","follow":"follow","max-snippet":"max-snippet:-1","max-image-preview":"max-image-preview:large","max-video-preview":"max-video-preview:-1"},"canonical":"https:\/\/www.capitole-consulting.com\/fr\/iso-27001\/","og_locale":"fr_FR","og_type":"article","og_title":"ISO 27001 - Capitole","og_description":"Politique de S\u00e9curit\u00e9 de l\u2019Information CAPITOLE CONSULTING SL, consciente du d\u00e9fi que repr\u00e9sente la protection de ses propres donn\u00e9es ainsi que de celles qui lui sont confi\u00e9es par ses clients, adopte et promeut la pr\u00e9sente politique de S\u00e9curit\u00e9 de l\u2019Information. Les informations doivent \u00eatre cr\u00e9\u00e9es, trait\u00e9es et contr\u00f4l\u00e9es conform\u00e9ment aux niveaux de s\u00e9curit\u00e9 d\u00e9finis par ... Lire la suite","og_url":"https:\/\/www.capitole-consulting.com\/fr\/iso-27001\/","og_site_name":"Capitole","article_publisher":"https:\/\/www.linkedin.com\/company\/capitole-consulting\/","article_modified_time":"2025-12-04T17:04:49+00:00","og_image":[{"width":1200,"height":630,"url":"https:\/\/www.capitole-consulting.com\/wp-content\/uploads\/2025\/01\/Logo-ISO-27001.jpg","type":"image\/jpeg"}],"twitter_card":"summary_large_image","twitter_site":"@capitolecons","twitter_misc":{"Dur\u00e9e de lecture estim\u00e9e":"2 minutes"},"schema":{"@context":"https:\/\/schema.org","@graph":[{"@type":"WebPage","@id":"https:\/\/www.capitole-consulting.com\/fr\/iso-27001\/","url":"https:\/\/www.capitole-consulting.com\/fr\/iso-27001\/","name":"ISO 27001 - Capitole","isPartOf":{"@id":"https:\/\/www.capitole-consulting.com\/fr\/#website"},"primaryImageOfPage":{"@id":"https:\/\/www.capitole-consulting.com\/fr\/iso-27001\/#primaryimage"},"image":{"@id":"https:\/\/www.capitole-consulting.com\/fr\/iso-27001\/#primaryimage"},"thumbnailUrl":"https:\/\/www.capitole-consulting.com\/wp-content\/uploads\/2025\/01\/Logo-ISO-27001-1024x538.jpg","datePublished":"2025-01-02T09:03:40+00:00","dateModified":"2025-12-04T17:04:49+00:00","breadcrumb":{"@id":"https:\/\/www.capitole-consulting.com\/fr\/iso-27001\/#breadcrumb"},"inLanguage":"fr-FR","potentialAction":[{"@type":"ReadAction","target":["https:\/\/www.capitole-consulting.com\/fr\/iso-27001\/"]}]},{"@type":"ImageObject","inLanguage":"fr-FR","@id":"https:\/\/www.capitole-consulting.com\/fr\/iso-27001\/#primaryimage","url":"https:\/\/www.capitole-consulting.com\/wp-content\/uploads\/2025\/01\/Logo-ISO-27001-1024x538.jpg","contentUrl":"https:\/\/www.capitole-consulting.com\/wp-content\/uploads\/2025\/01\/Logo-ISO-27001-1024x538.jpg"},{"@type":"BreadcrumbList","@id":"https:\/\/www.capitole-consulting.com\/fr\/iso-27001\/#breadcrumb","itemListElement":[{"@type":"ListItem","position":1,"name":"Home","item":"https:\/\/www.capitole-consulting.com\/fr\/"},{"@type":"ListItem","position":2,"name":"ISO 27001"}]},{"@type":"WebSite","@id":"https:\/\/www.capitole-consulting.com\/fr\/#website","url":"https:\/\/www.capitole-consulting.com\/fr\/","name":"Capitole Consulting","description":"","publisher":{"@id":"https:\/\/www.capitole-consulting.com\/fr\/#organization"},"potentialAction":[{"@type":"SearchAction","target":{"@type":"EntryPoint","urlTemplate":"https:\/\/www.capitole-consulting.com\/fr\/?s={search_term_string}"},"query-input":{"@type":"PropertyValueSpecification","valueRequired":true,"valueName":"search_term_string"}}],"inLanguage":"fr-FR"},{"@type":"Organization","@id":"https:\/\/www.capitole-consulting.com\/fr\/#organization","name":"Capitole Consulting","url":"https:\/\/www.capitole-consulting.com\/fr\/","logo":{"@type":"ImageObject","inLanguage":"fr-FR","@id":"https:\/\/www.capitole-consulting.com\/fr\/#\/schema\/logo\/image\/","url":"https:\/\/www.capitole-consulting.com\/wp-content\/uploads\/2025\/01\/logo.png","contentUrl":"https:\/\/www.capitole-consulting.com\/wp-content\/uploads\/2025\/01\/logo.png","width":800,"height":800,"caption":"Capitole Consulting"},"image":{"@id":"https:\/\/www.capitole-consulting.com\/fr\/#\/schema\/logo\/image\/"},"sameAs":["https:\/\/www.linkedin.com\/company\/capitole-consulting\/","https:\/\/x.com\/capitolecons","https:\/\/www.youtube.com\/@capitoleconsulting"]}]}},"_links":{"self":[{"href":"https:\/\/www.capitole-consulting.com\/fr\/wp-json\/wp\/v2\/pages\/18063","targetHints":{"allow":["GET"]}}],"collection":[{"href":"https:\/\/www.capitole-consulting.com\/fr\/wp-json\/wp\/v2\/pages"}],"about":[{"href":"https:\/\/www.capitole-consulting.com\/fr\/wp-json\/wp\/v2\/types\/page"}],"author":[{"embeddable":true,"href":"https:\/\/www.capitole-consulting.com\/fr\/wp-json\/wp\/v2\/users\/1"}],"replies":[{"embeddable":true,"href":"https:\/\/www.capitole-consulting.com\/fr\/wp-json\/wp\/v2\/comments?post=18063"}],"version-history":[{"count":6,"href":"https:\/\/www.capitole-consulting.com\/fr\/wp-json\/wp\/v2\/pages\/18063\/revisions"}],"predecessor-version":[{"id":18434,"href":"https:\/\/www.capitole-consulting.com\/fr\/wp-json\/wp\/v2\/pages\/18063\/revisions\/18434"}],"wp:attachment":[{"href":"https:\/\/www.capitole-consulting.com\/fr\/wp-json\/wp\/v2\/media?parent=18063"}],"wp:term":[{"taxonomy":"post_tag","embeddable":true,"href":"https:\/\/www.capitole-consulting.com\/fr\/wp-json\/wp\/v2\/tags?post=18063"}],"curies":[{"name":"wp","href":"https:\/\/api.w.org\/{rel}","templated":true}]}}