{"id":18061,"date":"2024-10-17T09:37:56","date_gmt":"2024-10-17T09:37:56","guid":{"rendered":"https:\/\/www.capitole-consulting.com\/politique-de-qualite\/"},"modified":"2025-10-27T17:03:47","modified_gmt":"2025-10-27T17:03:47","slug":"politique-de-qualite","status":"publish","type":"page","link":"https:\/\/www.capitole-consulting.com\/fr\/politique-de-qualite\/","title":{"rendered":"Politique de Qualit\u00e9"},"content":{"rendered":"\t\t<div data-elementor-type=\"wp-page\" data-elementor-id=\"18061\" class=\"elementor elementor-18061 elementor-2082\" data-elementor-post-type=\"page\">\n\t\t\t\t<div class=\"elementor-element elementor-element-4e8dbdf e-flex e-con-boxed e-con e-parent\" data-id=\"4e8dbdf\" data-element_type=\"container\">\n\t\t\t\t\t<div class=\"e-con-inner\">\n\t\t<div class=\"elementor-element elementor-element-fa50244 e-con-full e-flex e-con e-child\" data-id=\"fa50244\" data-element_type=\"container\">\n\t\t\t\t<div class=\"elementor-element elementor-element-7f88e3c elementor-widget elementor-widget-heading\" data-id=\"7f88e3c\" data-element_type=\"widget\" data-widget_type=\"heading.default\">\n\t\t\t\t<div class=\"elementor-widget-container\">\n\t\t\t\t\t<h1 class=\"elementor-heading-title elementor-size-default\">Politique de Qualit\u00e9 <\/h1>\t\t\t\t<\/div>\n\t\t\t\t<\/div>\n\t\t\t\t<\/div>\n\t\t\t\t\t<\/div>\n\t\t\t\t<\/div>\n\t\t<div class=\"elementor-element elementor-element-7c5c497 e-flex e-con-boxed e-con e-parent\" data-id=\"7c5c497\" data-element_type=\"container\">\n\t\t\t\t\t<div class=\"e-con-inner\">\n\t\t\t\t<div class=\"elementor-element elementor-element-87891de elementor-widget elementor-widget-spacer\" data-id=\"87891de\" data-element_type=\"widget\" data-widget_type=\"spacer.default\">\n\t\t\t\t<div class=\"elementor-widget-container\">\n\t\t\t\t\t\t\t<div class=\"elementor-spacer\">\n\t\t\t<div class=\"elementor-spacer-inner\"><\/div>\n\t\t<\/div>\n\t\t\t\t\t\t<\/div>\n\t\t\t\t<\/div>\n\t\t<div class=\"elementor-element elementor-element-89b6070 e-flex e-con-boxed e-con e-child\" data-id=\"89b6070\" data-element_type=\"container\" data-settings=\"{&quot;background_background&quot;:&quot;classic&quot;}\">\n\t\t\t\t\t<div class=\"e-con-inner\">\n\t\t<div class=\"elementor-element elementor-element-70317af e-flex e-con-boxed e-con e-child\" data-id=\"70317af\" data-element_type=\"container\" data-settings=\"{&quot;background_background&quot;:&quot;classic&quot;}\">\n\t\t\t\t\t<div class=\"e-con-inner\">\n\t\t\t\t\t<\/div>\n\t\t\t\t<\/div>\n\t\t\t\t\t<\/div>\n\t\t\t\t<\/div>\n\t\t\t\t\t<\/div>\n\t\t\t\t<\/div>\n\t\t<div class=\"elementor-element elementor-element-4ed9897 e-flex e-con-boxed e-con e-parent\" data-id=\"4ed9897\" data-element_type=\"container\">\n\t\t\t\t\t<div class=\"e-con-inner\">\n\t\t\t\t<div class=\"elementor-element elementor-element-6535de3 elementor-widget elementor-widget-spacer\" data-id=\"6535de3\" data-element_type=\"widget\" data-widget_type=\"spacer.default\">\n\t\t\t\t<div class=\"elementor-widget-container\">\n\t\t\t\t\t\t\t<div class=\"elementor-spacer\">\n\t\t\t<div class=\"elementor-spacer-inner\"><\/div>\n\t\t<\/div>\n\t\t\t\t\t\t<\/div>\n\t\t\t\t<\/div>\n\t\t\t\t\t<\/div>\n\t\t\t\t<\/div>\n\t\t<div class=\"elementor-element elementor-element-74d369c e-flex e-con-boxed e-con e-parent\" data-id=\"74d369c\" data-element_type=\"container\">\n\t\t\t\t\t<div class=\"e-con-inner\">\n\t\t<div class=\"elementor-element elementor-element-904f317 e-con-full e-flex e-con e-child\" data-id=\"904f317\" data-element_type=\"container\">\n\t\t\t\t<div class=\"elementor-element elementor-element-1ab92d4 elementor-widget elementor-widget-image\" data-id=\"1ab92d4\" data-element_type=\"widget\" data-widget_type=\"image.default\">\n\t\t\t\t<div class=\"elementor-widget-container\">\n\t\t\t\t\t\t\t\t\t\t\t\t\t\t\t<img loading=\"lazy\" decoding=\"async\" width=\"400\" height=\"203\" src=\"https:\/\/www.capitole-consulting.com\/wp-content\/uploads\/2024\/10\/mark-of-trust-certified-9001-logo-ES-GB-0420-400x203-1.png\" class=\"attachment-large size-large wp-image-5571\" alt=\"ISO 9001 Certified.\" srcset=\"https:\/\/www.capitole-consulting.com\/wp-content\/uploads\/2024\/10\/mark-of-trust-certified-9001-logo-ES-GB-0420-400x203-1.png 400w, https:\/\/www.capitole-consulting.com\/wp-content\/uploads\/2024\/10\/mark-of-trust-certified-9001-logo-ES-GB-0420-400x203-1-300x152.png 300w\" sizes=\"auto, (max-width: 400px) 100vw, 400px\" \/>\t\t\t\t\t\t\t\t\t\t\t\t\t\t\t<\/div>\n\t\t\t\t<\/div>\n\t\t\t\t<\/div>\n\t\t<div class=\"elementor-element elementor-element-f6abe9c e-con-full e-flex e-con e-child\" data-id=\"f6abe9c\" data-element_type=\"container\">\n\t\t\t\t<div class=\"elementor-element elementor-element-60eda4e elementor-widget elementor-widget-text-editor\" data-id=\"60eda4e\" data-element_type=\"widget\" data-widget_type=\"text-editor.default\">\n\t\t\t\t<div class=\"elementor-widget-container\">\n\t\t\t\t\t\t\t\t\t<p><strong><span class=\"TextRun SCXW90033868 BCX8\" lang=\"FR-FR\" xml:lang=\"FR-FR\" data-contrast=\"auto\"><span class=\"NormalTextRun SCXW90033868 BCX8\">CAPITOLE CONSULTING<\/span><\/span><\/strong><span class=\"TextRun SCXW90033868 BCX8\" lang=\"FR-FR\" xml:lang=\"FR-FR\" data-contrast=\"auto\"><span class=\"NormalTextRun SCXW90033868 BCX8\"> est une soci\u00e9t\u00e9 de conseil en informatique sp\u00e9cialis\u00e9e dans l\u2019apport d\u2019expertise technique \u00e0 nos clients et dans la valorisation de nos collaborateurs gr\u00e2ce \u00e0 une approche unique centr\u00e9e sur l\u2019humain. Nous nous engageons \u00e0 fournir des solutions innovantes en d\u00e9veloppement et assurance qualit\u00e9, syst\u00e8mes d\u2019information et transformation digitale.<\/span><\/span><span class=\"EOP SCXW90033868 BCX8\" data-ccp-props=\"{&quot;335551550&quot;:6,&quot;335551620&quot;:6}\">\u00a0<\/span><\/p>\n\t\t\t\t\t\t\t\t<\/div>\n\t\t\t\t<\/div>\n\t\t\t\t<\/div>\n\t\t\t\t\t<\/div>\n\t\t\t\t<\/div>\n\t\t<div class=\"elementor-element elementor-element-543bcc3 e-flex e-con-boxed e-con e-parent\" data-id=\"543bcc3\" data-element_type=\"container\">\n\t\t\t\t\t<div class=\"e-con-inner\">\n\t\t<div class=\"elementor-element elementor-element-ba91dbb e-con-full e-flex e-con e-child\" data-id=\"ba91dbb\" data-element_type=\"container\">\n\t\t\t\t<div class=\"elementor-element elementor-element-bf6713e elementor-widget elementor-widget-spacer\" data-id=\"bf6713e\" data-element_type=\"widget\" data-widget_type=\"spacer.default\">\n\t\t\t\t<div class=\"elementor-widget-container\">\n\t\t\t\t\t\t\t<div class=\"elementor-spacer\">\n\t\t\t<div class=\"elementor-spacer-inner\"><\/div>\n\t\t<\/div>\n\t\t\t\t\t\t<\/div>\n\t\t\t\t<\/div>\n\t\t\t\t<div class=\"elementor-element elementor-element-5fd9f33 elementor-widget elementor-widget-text-editor\" data-id=\"5fd9f33\" data-element_type=\"widget\" data-widget_type=\"text-editor.default\">\n\t\t\t\t<div class=\"elementor-widget-container\">\n\t\t\t\t\t\t\t\t\t<p><b><span data-contrast=\"none\">Notre Vision et Notre Mission <\/span><\/b><\/p>\n<p style=\"text-align: left;\">La mission de <strong>CAPITOLE <\/strong>est d\u2019aider les entreprises \u00e0 exploiter pleinement leur potentiel gr\u00e2ce \u00e0 des services informatiques innovants et de pointe, tout en pla\u00e7ant l\u2019humain au c\u0153ur de chaque \u00e9tape. Nos \u00e9quipes portent la r\u00e9ussite de chaque projet et, en conjuguant expertise, passion et valeurs, nous donnons aux entreprises les moyens de se d\u00e9velopper, avec un impact positif sur notre communaut\u00e9.<br \/>\nNotre vision est de fa\u00e7onner l\u2019avenir de l\u2019innovation technologique et du conseil en mettant les personnes au centre de toutes nos actions. <\/p>\n<p style=\"text-align: left;\"><strong>Nos Valeurs <\/strong><\/p>\n<ul>\n<li>Centr\u00e9 sur l\u2019humain <\/li>\n<li>Innovation continue <\/li>\n<li>D\u00e9passement de soi <\/li>\n<li>Passion <\/li>\n<li>Esprit d\u2019appartenance <\/li>\n<\/ul>\n<p><\/p>\n<p style=\"text-align: left;\">Notre philosophie de service repose sur l\u2019assurance d\u2019une qualit\u00e9 et d\u2019un service irr\u00e9prochables pour nos clients, tout en am\u00e9liorant en permanence nos processus internes afin d\u2019offrir \u00e0 nos \u00e9quipes une exp\u00e9rience de travail enrichissante. <\/p>\n<p>L\u2019objectif de notre politique qualit\u00e9 est de consolider cette vision dans une dynamique d\u2019am\u00e9lioration continue. \u00c0 cette fin, nous avons mis en place un Syst\u00e8me de Management de la Qualit\u00e9 conforme \u00e0 la norme <strong>UNE-EN ISO 9001.<\/strong> <\/p>\n<p style=\"text-align: left;\">Chez<strong> CAPITOLE CONSULTING<\/strong>, nous nous engageons \u00e0 ::<\/p>\n<ul>\n<li>Respecter les exigences l\u00e9gales et r\u00e9glementaires applicables. <\/li>\n<li>Promouvoir l\u2019am\u00e9lioration continue de nos services afin de garantir l\u2019excellence dans toutes nos prestations. <\/li>\n<li>Comprendre et satisfaire les besoins et attentes de nos clients, ainsi que les exigences pertinentes des parties prenantes associ\u00e9es au syst\u00e8me de management de la qualit\u00e9. <\/li>\n<li>Assurer la formation permanente de l\u2019ensemble de nos collaborateurs. <\/li>\n<li>Impliquer activement notre personnel dans les d\u00e9marches qualit\u00e9 et encourager l\u2019am\u00e9lioration continue. <\/li>\n<\/ul>\n<p>Par ces actions, <strong>CAPITOLE CONSULTING<\/strong> s\u2019engage \u00e0 renforcer sans cesse l\u2019efficacit\u00e9 de son Syst\u00e8me de Management de la Qualit\u00e9. <\/p>\n<p>De plus, afin de garantir la pertinence et l\u2019efficacit\u00e9 de cette politique qualit\u00e9, la Direction s\u2019engage \u00e0 revoir r\u00e9guli\u00e8rement le syst\u00e8me et \u00e0 veiller \u00e0 sa bonne application. <\/p>\n\t\t\t\t\t\t\t\t<\/div>\n\t\t\t\t<\/div>\n\t\t<div class=\"elementor-element elementor-element-aac99c1 e-con-full e-flex e-con e-child\" data-id=\"aac99c1\" data-element_type=\"container\">\n\t\t\t\t<div class=\"elementor-element elementor-element-c5314fd elementor-widget elementor-widget-button\" data-id=\"c5314fd\" data-element_type=\"widget\" data-widget_type=\"button.default\">\n\t\t\t\t<div class=\"elementor-widget-container\">\n\t\t\t\t\t\t\t\t\t<div class=\"elementor-button-wrapper\">\n\t\t\t\t\t<a class=\"elementor-button elementor-button-link elementor-size-sm\" href=\"https:\/\/www.capitole-consulting.com\/wp-content\/uploads\/2025\/09\/Politica-de-Calidad-Capitole_ES.pdf\" target=\"_blank\">\n\t\t\t\t\t\t<span class=\"elementor-button-content-wrapper\">\n\t\t\t\t\t\t\t\t\t<span class=\"elementor-button-text\">T\u00e9l\u00e9charger politique<\/span>\n\t\t\t\t\t<\/span>\n\t\t\t\t\t<\/a>\n\t\t\t\t<\/div>\n\t\t\t\t\t\t\t\t<\/div>\n\t\t\t\t<\/div>\n\t\t\t\t<div class=\"elementor-element elementor-element-ef0d71b elementor-widget elementor-widget-button\" data-id=\"ef0d71b\" data-element_type=\"widget\" data-widget_type=\"button.default\">\n\t\t\t\t<div class=\"elementor-widget-container\">\n\t\t\t\t\t\t\t\t\t<div class=\"elementor-button-wrapper\">\n\t\t\t\t\t<a class=\"elementor-button elementor-button-link elementor-size-sm\" href=\"\/wp-content\/uploads\/2024\/10\/Certificado-ISO-9001-Capitole-FS-795586-001.pdf\">\n\t\t\t\t\t\t<span class=\"elementor-button-content-wrapper\">\n\t\t\t\t\t\t\t\t\t<span class=\"elementor-button-text\">T\u00e9l\u00e9charger certificat<\/span>\n\t\t\t\t\t<\/span>\n\t\t\t\t\t<\/a>\n\t\t\t\t<\/div>\n\t\t\t\t\t\t\t\t<\/div>\n\t\t\t\t<\/div>\n\t\t\t\t<\/div>\n\t\t\t\t<\/div>\n\t\t\t\t\t<\/div>\n\t\t\t\t<\/div>\n\t\t<div class=\"elementor-element elementor-element-89fb098 e-flex e-con-boxed e-con e-parent\" data-id=\"89fb098\" data-element_type=\"container\">\n\t\t\t\t\t<div class=\"e-con-inner\">\n\t\t\t\t<div class=\"elementor-element elementor-element-abeb003 elementor-widget elementor-widget-spacer\" data-id=\"abeb003\" data-element_type=\"widget\" data-widget_type=\"spacer.default\">\n\t\t\t\t<div class=\"elementor-widget-container\">\n\t\t\t\t\t\t\t<div class=\"elementor-spacer\">\n\t\t\t<div class=\"elementor-spacer-inner\"><\/div>\n\t\t<\/div>\n\t\t\t\t\t\t<\/div>\n\t\t\t\t<\/div>\n\t\t\t\t\t<\/div>\n\t\t\t\t<\/div>\n\t\t\t\t<\/div>\n\t\t","protected":false},"excerpt":{"rendered":"<p>Politique de Qualit\u00e9 CAPITOLE CONSULTING est une soci\u00e9t\u00e9 de conseil en informatique sp\u00e9cialis\u00e9e dans l\u2019apport d\u2019expertise technique \u00e0 nos clients et dans la valorisation de nos collaborateurs gr\u00e2ce \u00e0 une approche unique centr\u00e9e sur l\u2019humain. Nous nous engageons \u00e0 fournir des solutions innovantes en d\u00e9veloppement et assurance qualit\u00e9, syst\u00e8mes d\u2019information et transformation digitale.\u00a0 Notre Vision &#8230; <a title=\"Politique de Qualit\u00e9\" class=\"read-more\" href=\"https:\/\/www.capitole-consulting.com\/fr\/politique-de-qualite\/\" aria-label=\"En savoir plus sur Politique de Qualit\u00e9\">Lire la suite<\/a><\/p>\n","protected":false},"author":1,"featured_media":0,"parent":0,"menu_order":0,"comment_status":"closed","ping_status":"closed","template":"elementor_header_footer","meta":{"_acf_changed":false,"footnotes":""},"tags":[],"class_list":["post-18061","page","type-page","status-publish"],"acf":[],"yoast_head":"<!-- This site is optimized with the Yoast SEO plugin v25.4 - https:\/\/yoast.com\/wordpress\/plugins\/seo\/ -->\n<title>Capitole | ISO 9001<\/title>\n<meta name=\"description\" content=\"Capitole obtient la certification ISO 9001, d\u00e9montrant ainsi son engagement envers la gestion de la qualit\u00e9 et l\u2019am\u00e9lioration continue des processus et des services.\" \/>\n<meta name=\"robots\" content=\"index, follow, max-snippet:-1, max-image-preview:large, max-video-preview:-1\" \/>\n<link rel=\"canonical\" href=\"https:\/\/www.capitole-consulting.com\/fr\/politique-de-qualite\/\" \/>\n<meta property=\"og:locale\" content=\"fr_FR\" \/>\n<meta property=\"og:type\" content=\"article\" \/>\n<meta property=\"og:title\" content=\"Capitole | ISO 9001\" \/>\n<meta property=\"og:description\" content=\"Capitole obtient la certification ISO 9001, d\u00e9montrant ainsi son engagement envers la gestion de la qualit\u00e9 et l\u2019am\u00e9lioration continue des processus et des services.\" \/>\n<meta property=\"og:url\" content=\"https:\/\/www.capitole-consulting.com\/fr\/politique-de-qualite\/\" \/>\n<meta property=\"og:site_name\" content=\"Capitole\" \/>\n<meta property=\"article:publisher\" content=\"https:\/\/www.linkedin.com\/company\/capitole-consulting\/\" \/>\n<meta property=\"article:modified_time\" content=\"2025-10-27T17:03:47+00:00\" \/>\n<meta property=\"og:image\" content=\"https:\/\/www.capitole-consulting.com\/wp-content\/uploads\/2024\/10\/mark-of-trust-certified-9001-logo-ES-GB-0420-400x203-1.png\" \/>\n\t<meta property=\"og:image:width\" content=\"400\" \/>\n\t<meta property=\"og:image:height\" content=\"203\" \/>\n\t<meta property=\"og:image:type\" content=\"image\/png\" \/>\n<meta name=\"twitter:card\" content=\"summary_large_image\" \/>\n<meta name=\"twitter:site\" content=\"@capitolecons\" \/>\n<meta name=\"twitter:label1\" content=\"Dur\u00e9e de lecture estim\u00e9e\" \/>\n\t<meta name=\"twitter:data1\" content=\"2 minutes\" \/>\n<script type=\"application\/ld+json\" class=\"yoast-schema-graph\">{\"@context\":\"https:\/\/schema.org\",\"@graph\":[{\"@type\":\"WebPage\",\"@id\":\"https:\/\/www.capitole-consulting.com\/fr\/politique-de-qualite\/\",\"url\":\"https:\/\/www.capitole-consulting.com\/fr\/politique-de-qualite\/\",\"name\":\"Capitole | ISO 9001\",\"isPartOf\":{\"@id\":\"https:\/\/www.capitole-consulting.com\/fr\/#website\"},\"primaryImageOfPage\":{\"@id\":\"https:\/\/www.capitole-consulting.com\/fr\/politique-de-qualite\/#primaryimage\"},\"image\":{\"@id\":\"https:\/\/www.capitole-consulting.com\/fr\/politique-de-qualite\/#primaryimage\"},\"thumbnailUrl\":\"https:\/\/www.capitole-consulting.com\/wp-content\/uploads\/2024\/10\/mark-of-trust-certified-9001-logo-ES-GB-0420-400x203-1.png\",\"datePublished\":\"2024-10-17T09:37:56+00:00\",\"dateModified\":\"2025-10-27T17:03:47+00:00\",\"description\":\"Capitole obtient la certification ISO 9001, d\u00e9montrant ainsi son engagement envers la gestion de la qualit\u00e9 et l\u2019am\u00e9lioration continue des processus et des services.\",\"breadcrumb\":{\"@id\":\"https:\/\/www.capitole-consulting.com\/fr\/politique-de-qualite\/#breadcrumb\"},\"inLanguage\":\"fr-FR\",\"potentialAction\":[{\"@type\":\"ReadAction\",\"target\":[\"https:\/\/www.capitole-consulting.com\/fr\/politique-de-qualite\/\"]}]},{\"@type\":\"ImageObject\",\"inLanguage\":\"fr-FR\",\"@id\":\"https:\/\/www.capitole-consulting.com\/fr\/politique-de-qualite\/#primaryimage\",\"url\":\"https:\/\/www.capitole-consulting.com\/wp-content\/uploads\/2024\/10\/mark-of-trust-certified-9001-logo-ES-GB-0420-400x203-1.png\",\"contentUrl\":\"https:\/\/www.capitole-consulting.com\/wp-content\/uploads\/2024\/10\/mark-of-trust-certified-9001-logo-ES-GB-0420-400x203-1.png\"},{\"@type\":\"BreadcrumbList\",\"@id\":\"https:\/\/www.capitole-consulting.com\/fr\/politique-de-qualite\/#breadcrumb\",\"itemListElement\":[{\"@type\":\"ListItem\",\"position\":1,\"name\":\"Home\",\"item\":\"https:\/\/www.capitole-consulting.com\/fr\/\"},{\"@type\":\"ListItem\",\"position\":2,\"name\":\"Politique de Qualit\u00e9\"}]},{\"@type\":\"WebSite\",\"@id\":\"https:\/\/www.capitole-consulting.com\/fr\/#website\",\"url\":\"https:\/\/www.capitole-consulting.com\/fr\/\",\"name\":\"Capitole Consulting\",\"description\":\"\",\"publisher\":{\"@id\":\"https:\/\/www.capitole-consulting.com\/fr\/#organization\"},\"potentialAction\":[{\"@type\":\"SearchAction\",\"target\":{\"@type\":\"EntryPoint\",\"urlTemplate\":\"https:\/\/www.capitole-consulting.com\/fr\/?s={search_term_string}\"},\"query-input\":{\"@type\":\"PropertyValueSpecification\",\"valueRequired\":true,\"valueName\":\"search_term_string\"}}],\"inLanguage\":\"fr-FR\"},{\"@type\":\"Organization\",\"@id\":\"https:\/\/www.capitole-consulting.com\/fr\/#organization\",\"name\":\"Capitole Consulting\",\"url\":\"https:\/\/www.capitole-consulting.com\/fr\/\",\"logo\":{\"@type\":\"ImageObject\",\"inLanguage\":\"fr-FR\",\"@id\":\"https:\/\/www.capitole-consulting.com\/fr\/#\/schema\/logo\/image\/\",\"url\":\"https:\/\/www.capitole-consulting.com\/wp-content\/uploads\/2025\/01\/logo.png\",\"contentUrl\":\"https:\/\/www.capitole-consulting.com\/wp-content\/uploads\/2025\/01\/logo.png\",\"width\":800,\"height\":800,\"caption\":\"Capitole Consulting\"},\"image\":{\"@id\":\"https:\/\/www.capitole-consulting.com\/fr\/#\/schema\/logo\/image\/\"},\"sameAs\":[\"https:\/\/www.linkedin.com\/company\/capitole-consulting\/\",\"https:\/\/x.com\/capitolecons\",\"https:\/\/www.youtube.com\/@capitoleconsulting\"]}]}<\/script>\n<!-- \/ Yoast SEO plugin. -->","yoast_head_json":{"title":"Capitole | ISO 9001","description":"Capitole obtient la certification ISO 9001, d\u00e9montrant ainsi son engagement envers la gestion de la qualit\u00e9 et l\u2019am\u00e9lioration continue des processus et des services.","robots":{"index":"index","follow":"follow","max-snippet":"max-snippet:-1","max-image-preview":"max-image-preview:large","max-video-preview":"max-video-preview:-1"},"canonical":"https:\/\/www.capitole-consulting.com\/fr\/politique-de-qualite\/","og_locale":"fr_FR","og_type":"article","og_title":"Capitole | ISO 9001","og_description":"Capitole obtient la certification ISO 9001, d\u00e9montrant ainsi son engagement envers la gestion de la qualit\u00e9 et l\u2019am\u00e9lioration continue des processus et des services.","og_url":"https:\/\/www.capitole-consulting.com\/fr\/politique-de-qualite\/","og_site_name":"Capitole","article_publisher":"https:\/\/www.linkedin.com\/company\/capitole-consulting\/","article_modified_time":"2025-10-27T17:03:47+00:00","og_image":[{"width":400,"height":203,"url":"https:\/\/www.capitole-consulting.com\/wp-content\/uploads\/2024\/10\/mark-of-trust-certified-9001-logo-ES-GB-0420-400x203-1.png","type":"image\/png"}],"twitter_card":"summary_large_image","twitter_site":"@capitolecons","twitter_misc":{"Dur\u00e9e de lecture estim\u00e9e":"2 minutes"},"schema":{"@context":"https:\/\/schema.org","@graph":[{"@type":"WebPage","@id":"https:\/\/www.capitole-consulting.com\/fr\/politique-de-qualite\/","url":"https:\/\/www.capitole-consulting.com\/fr\/politique-de-qualite\/","name":"Capitole | ISO 9001","isPartOf":{"@id":"https:\/\/www.capitole-consulting.com\/fr\/#website"},"primaryImageOfPage":{"@id":"https:\/\/www.capitole-consulting.com\/fr\/politique-de-qualite\/#primaryimage"},"image":{"@id":"https:\/\/www.capitole-consulting.com\/fr\/politique-de-qualite\/#primaryimage"},"thumbnailUrl":"https:\/\/www.capitole-consulting.com\/wp-content\/uploads\/2024\/10\/mark-of-trust-certified-9001-logo-ES-GB-0420-400x203-1.png","datePublished":"2024-10-17T09:37:56+00:00","dateModified":"2025-10-27T17:03:47+00:00","description":"Capitole obtient la certification ISO 9001, d\u00e9montrant ainsi son engagement envers la gestion de la qualit\u00e9 et l\u2019am\u00e9lioration continue des processus et des services.","breadcrumb":{"@id":"https:\/\/www.capitole-consulting.com\/fr\/politique-de-qualite\/#breadcrumb"},"inLanguage":"fr-FR","potentialAction":[{"@type":"ReadAction","target":["https:\/\/www.capitole-consulting.com\/fr\/politique-de-qualite\/"]}]},{"@type":"ImageObject","inLanguage":"fr-FR","@id":"https:\/\/www.capitole-consulting.com\/fr\/politique-de-qualite\/#primaryimage","url":"https:\/\/www.capitole-consulting.com\/wp-content\/uploads\/2024\/10\/mark-of-trust-certified-9001-logo-ES-GB-0420-400x203-1.png","contentUrl":"https:\/\/www.capitole-consulting.com\/wp-content\/uploads\/2024\/10\/mark-of-trust-certified-9001-logo-ES-GB-0420-400x203-1.png"},{"@type":"BreadcrumbList","@id":"https:\/\/www.capitole-consulting.com\/fr\/politique-de-qualite\/#breadcrumb","itemListElement":[{"@type":"ListItem","position":1,"name":"Home","item":"https:\/\/www.capitole-consulting.com\/fr\/"},{"@type":"ListItem","position":2,"name":"Politique de Qualit\u00e9"}]},{"@type":"WebSite","@id":"https:\/\/www.capitole-consulting.com\/fr\/#website","url":"https:\/\/www.capitole-consulting.com\/fr\/","name":"Capitole Consulting","description":"","publisher":{"@id":"https:\/\/www.capitole-consulting.com\/fr\/#organization"},"potentialAction":[{"@type":"SearchAction","target":{"@type":"EntryPoint","urlTemplate":"https:\/\/www.capitole-consulting.com\/fr\/?s={search_term_string}"},"query-input":{"@type":"PropertyValueSpecification","valueRequired":true,"valueName":"search_term_string"}}],"inLanguage":"fr-FR"},{"@type":"Organization","@id":"https:\/\/www.capitole-consulting.com\/fr\/#organization","name":"Capitole Consulting","url":"https:\/\/www.capitole-consulting.com\/fr\/","logo":{"@type":"ImageObject","inLanguage":"fr-FR","@id":"https:\/\/www.capitole-consulting.com\/fr\/#\/schema\/logo\/image\/","url":"https:\/\/www.capitole-consulting.com\/wp-content\/uploads\/2025\/01\/logo.png","contentUrl":"https:\/\/www.capitole-consulting.com\/wp-content\/uploads\/2025\/01\/logo.png","width":800,"height":800,"caption":"Capitole Consulting"},"image":{"@id":"https:\/\/www.capitole-consulting.com\/fr\/#\/schema\/logo\/image\/"},"sameAs":["https:\/\/www.linkedin.com\/company\/capitole-consulting\/","https:\/\/x.com\/capitolecons","https:\/\/www.youtube.com\/@capitoleconsulting"]}]}},"_links":{"self":[{"href":"https:\/\/www.capitole-consulting.com\/fr\/wp-json\/wp\/v2\/pages\/18061","targetHints":{"allow":["GET"]}}],"collection":[{"href":"https:\/\/www.capitole-consulting.com\/fr\/wp-json\/wp\/v2\/pages"}],"about":[{"href":"https:\/\/www.capitole-consulting.com\/fr\/wp-json\/wp\/v2\/types\/page"}],"author":[{"embeddable":true,"href":"https:\/\/www.capitole-consulting.com\/fr\/wp-json\/wp\/v2\/users\/1"}],"replies":[{"embeddable":true,"href":"https:\/\/www.capitole-consulting.com\/fr\/wp-json\/wp\/v2\/comments?post=18061"}],"version-history":[{"count":3,"href":"https:\/\/www.capitole-consulting.com\/fr\/wp-json\/wp\/v2\/pages\/18061\/revisions"}],"predecessor-version":[{"id":18189,"href":"https:\/\/www.capitole-consulting.com\/fr\/wp-json\/wp\/v2\/pages\/18061\/revisions\/18189"}],"wp:attachment":[{"href":"https:\/\/www.capitole-consulting.com\/fr\/wp-json\/wp\/v2\/media?parent=18061"}],"wp:term":[{"taxonomy":"post_tag","embeddable":true,"href":"https:\/\/www.capitole-consulting.com\/fr\/wp-json\/wp\/v2\/tags?post=18061"}],"curies":[{"name":"wp","href":"https:\/\/api.w.org\/{rel}","templated":true}]}}