{"id":17957,"date":"2025-01-02T09:55:41","date_gmt":"2025-01-02T09:55:41","guid":{"rendered":"https:\/\/www.capitole-consulting.com\/politique-relative-aux-cookies\/"},"modified":"2025-09-16T12:35:39","modified_gmt":"2025-09-16T12:35:39","slug":"politique-relative-aux-cookies","status":"publish","type":"page","link":"https:\/\/www.capitole-consulting.com\/fr\/politique-relative-aux-cookies\/","title":{"rendered":"Politique relative aux cookies"},"content":{"rendered":"\t\t<div data-elementor-type=\"wp-page\" data-elementor-id=\"17957\" class=\"elementor elementor-17957 elementor-10167\" data-elementor-post-type=\"page\">\n\t\t\t\t<div class=\"elementor-element elementor-element-9a8dbf4 e-flex e-con-boxed e-con e-parent\" data-id=\"9a8dbf4\" data-element_type=\"container\">\n\t\t\t\t\t<div class=\"e-con-inner\">\n\t\t<div class=\"elementor-element elementor-element-deb776c e-con-full e-flex e-con e-child\" data-id=\"deb776c\" data-element_type=\"container\">\n\t\t\t\t<div class=\"elementor-element elementor-element-f11a414 elementor-widget elementor-widget-heading\" data-id=\"f11a414\" data-element_type=\"widget\" data-widget_type=\"heading.default\">\n\t\t\t\t<div class=\"elementor-widget-container\">\n\t\t\t\t\t<h1 class=\"elementor-heading-title elementor-size-default\">Politique relative aux cookies <\/h1>\t\t\t\t<\/div>\n\t\t\t\t<\/div>\n\t\t<div class=\"elementor-element elementor-element-cdbb4f2 e-con-full e-flex e-con e-child\" data-id=\"cdbb4f2\" data-element_type=\"container\" data-settings=\"{&quot;background_background&quot;:&quot;classic&quot;}\">\n\t\t\t\t<\/div>\n\t\t\t\t<div class=\"elementor-element elementor-element-31cf846 elementor-widget elementor-widget-spacer\" data-id=\"31cf846\" data-element_type=\"widget\" data-widget_type=\"spacer.default\">\n\t\t\t\t<div class=\"elementor-widget-container\">\n\t\t\t\t\t\t\t<div class=\"elementor-spacer\">\n\t\t\t<div class=\"elementor-spacer-inner\"><\/div>\n\t\t<\/div>\n\t\t\t\t\t\t<\/div>\n\t\t\t\t<\/div>\n\t\t\t\t<div class=\"elementor-element elementor-element-0abadc3 elementor-widget elementor-widget-text-editor\" data-id=\"0abadc3\" data-element_type=\"widget\" data-widget_type=\"text-editor.default\">\n\t\t\t\t<div class=\"elementor-widget-container\">\n\t\t\t\t\t\t\t\t\t<p><strong>DESCRIPTION ET FINALIT\u00c9 <\/strong><\/p>\n<p style=\"text-align: left;\">Les cookies sont des fichiers que le site web ou l&rsquo;application d&rsquo;un utilisateur installe dans son navigateur ou sur son appareil pendant sa navigation. Ces fichiers servent \u00e0 stocker des informations relatives \u00e0 sa visite. Comme la plupart des sites web, les sites web doivent\u202f: <\/p>\n<ul>\n<li>Assurer le bon fonctionnement des sites web.<\/li>\n<li>Enregistrer les pr\u00e9f\u00e9rences, ainsi que la langue s\u00e9lectionn\u00e9e ou la taille de police\u202f. <\/li>\n<li>Analyser l&rsquo;exp\u00e9rience de navigation\u202f.<\/li>\n<li>Collecter des informations statistiques anonymes, telles que les sites web visit\u00e9s ou la dur\u00e9e totale de connexion.<\/li>\n<\/ul>\n<p><\/p>\n<p style=\"text-align: left;\">L&rsquo;utilisation de cookies nous permet d&rsquo;optimiser la navigation, en adaptant les informations et les services propos\u00e9s aux centres d&rsquo;int\u00e9r\u00eat de l&rsquo;utilisateur, afin de lui offrir une meilleure exp\u00e9rience \u00e0 chaque visite. <\/p>\n<p><\/p>\n<p style=\"text-align: left;\">Les cookies sont uniquement associ\u00e9s \u00e0 un utilisateur anonyme et \u00e0 son ordinateur ou appareil et ne fournissent aucune information permettant de conna\u00eetre ses donn\u00e9es personnelles. L&rsquo;utilisateur peut acc\u00e9der \u00e0 tout moment aux param\u00e8tres de son navigateur et modifier ou bloquer l&rsquo;installation des cookies envoy\u00e9s par les sites web de www.capitole-consulting.com. Les utilisateurs qui s&rsquo;inscrivent ou se connectent avec leurs donn\u00e9es peuvent acc\u00e9der \u00e0 des services personnalis\u00e9s adapt\u00e9s \u00e0 leurs pr\u00e9f\u00e9rences, en fonction des informations personnelles fournies lors de l&rsquo;inscription et stock\u00e9es dans le cookie de leur navigateur. <\/p>\n<p><\/p>\n<p style=\"text-align: left;\">Google Analytics utilise des cookies pour \u00e9tablir des statistiques sur le trafic et le volume de visites du site web. En utilisant ce site web, vous consentez au traitement de vos donn\u00e9es par Google. Par cons\u00e9quent, l&rsquo;exercice de tout droit \u00e0 cet \u00e9gard doit \u00eatre effectu\u00e9 en contactant directement Google. Google Analytics stocke les cookies sur des serveurs situ\u00e9s aux \u00c9tats-Unis et s&rsquo;engage \u00e0 ne pas les partager avec des tiers, sauf si cela est n\u00e9cessaire au fonctionnement du syst\u00e8me ou si la loi l&rsquo;exige. Selon Google, votre adresse IP n&rsquo;est pas enregistr\u00e9e. <\/p>\n<p><\/p>\n<p style=\"text-align: left;\">Google Inc. est une soci\u00e9t\u00e9 adh\u00e9rant au \u00ab\u202fBouclier de protection des donn\u00e9es\u202f\u00bb, qui garantit que toutes les donn\u00e9es transf\u00e9r\u00e9es seront trait\u00e9es avec un niveau de protection conforme \u00e0 la r\u00e9glementation europ\u00e9enne. Vous p<br \/>\n<a href=\"hhttps:\/\/support.google.com\/analytics\/answer\/6004245 \">https:\/\/support.google.com\/analytics\/answer\/6004245 <\/a><\/p>\n<p><\/p>\n<p style=\"text-align: left;\">i vous le souhaitez, vous pouvez utiliser le module compl\u00e9mentaire de navigateur pour la d\u00e9sactivation de Google Analytics, qui permet de refuser les cookies d&rsquo;analyse dans tous les navigateurs. Pour plus d&rsquo;informations, consultez le lien suivant\u202f:<br \/>\n<a href=\"https:\/\/tools.google.com\/dlpage\/gaoptout\">https:\/\/tools.google.com\/dlpage\/gaoptout <\/a><\/p>\n<p><strong>UTILIT\u00c9 <\/strong><\/p>\n<ul>\n<li>D&rsquo;un point de vue technique, ces modules permettent aux sites web de fonctionner de mani\u00e8re flexible et adapt\u00e9e aux pr\u00e9f\u00e9rences des UTILISATEURS, telles que la m\u00e9morisation de la langue, de la devise du pays ou la d\u00e9tection du terminal d&rsquo;acc\u00e8s. <\/li>\n<li>TIls \u00e9tablissent des niveaux de protection et de s\u00e9curit\u00e9 qui emp\u00eachent ou compliquent les cyberattaques contre le site web ou ses utilisateurs. <\/li>\n<li>Ils permettent aux gestionnaires de m\u00e9dias de conna\u00eetre les donn\u00e9es statistiques collect\u00e9es dans les cookies afin d&rsquo;am\u00e9liorer la qualit\u00e9 et l&rsquo;exp\u00e9rience de leurs services. <\/li>\n<li>Ils servent \u00e0 optimiser les publicit\u00e9s affich\u00e9es aux utilisateurs, en leur proposant celles qui correspondent le mieux \u00e0 leurs centres d&rsquo;int\u00e9r\u00eat. <\/li>\n<\/ul>\n<p><strong>TYPES DE COOKIES <\/strong><\/p>\n<table style=\"margin-bottom: 20px;\" border=\"1\">\n<tbody>\n<tr>\n<td rowspan=\"2\">SELON L&rsquo;IDENTIT\u00c9 DU G\u00c9RANT\u202f\/td><\/p>\n<td>Cookies internes<\/td>\n<td>Ceux collect\u00e9s par l&rsquo;\u00e9diteur pour fournir le service demand\u00e9 par l&rsquo;utilisateur. <\/td>\n<\/tr>\n<tr>\n<td>Cookies tiers<\/td>\n<td>Ceux collect\u00e9s et g\u00e9r\u00e9s par un tiers ne peuvent \u00eatre consid\u00e9r\u00e9s comme propres. <\/td>\n<\/tr>\n<tr>\n<td rowspan=\"2\">SELON LEUR DUR\u00c9E D&rsquo;ACTIVATION\u202f<\/td>\n<td>Cookies de session<\/td>\n<td>Ils collectent des donn\u00e9es pendant la navigation de l&rsquo;utilisateur afin de fournir le service demand\u00e9.<\/td>\n<\/tr>\n<tr>\n<td>Cookies persistants<\/td>\n<td>Ils sont stock\u00e9s dans le terminal et le responsable du cookie utilisera les informations obtenues pour fournir le service demand\u00e9.<\/td>\n<\/tr>\n<tr>\n<td rowspan=\"5\">SELON LEUR FINALIT\u00c9\u202f<\/td>\n<td>Cookies techniques<\/td>\n<td>N\u00e9cessaires \u00e0 une navigation correcte sur le site web. <\/td>\n<\/tr>\n<tr>\n<td>Cookies de personnalisation<\/td>\n<td> ils permettent \u00e0 l\u2019utilisateur de personnaliser ses caract\u00e9ristiques (langue) lors de sa navigation sur le site web. <\/td>\n<\/tr>\n<td>Cookies analytiques<\/td>\n<td>ils permettent au fournisseur d\u2019analyser la navigation de l\u2019utilisateur afin de suivre son utilisation du site web et d\u2019\u00e9tablir des statistiques sur les contenus les plus consult\u00e9s, le nombre de visiteurs, etc.<\/td>\n<\/tr>\n<tr>\n<td>Cookies publicitaires\u202f<\/td>\n<td>ils permettent au fournisseur d\u2019analyser la navigation de l\u2019utilisateur afin de suivre son utilisation du site web et d\u2019\u00e9tablir des statistiques sur les contenus les plus consult\u00e9s, le nombre de visiteurs, etc. <\/td>\n<\/tr>\n<tr>\n<td>Cookies publicitaires comportementaux\u202f<\/td>\n<td>ils permettent \u00e0 l\u2019\u00e9diteur d\u2019inclure des espaces publicitaires sur le site web en fonction des informations obtenues gr\u00e2ce \u00e0 la navigation de l\u2019utilisateur.<\/td>\n<\/tr>\n<\/tbody>\n<\/table>\n<p><\/p>\n<p style=\"text-align: left;\">Conform\u00e9ment aux dispositions de l&rsquo;article 22.2 de la loi 34\/2002 du 11 juillet relative aux services de la soci\u00e9t\u00e9 de l&rsquo;information et du commerce \u00e9lectronique (LSSI-CE), CAPITOLE CONSULTING, SL informe sur les cookies utilis\u00e9s sur son site web\u202f: <\/p>\n<table style=\"margin-top: 20px; margin-bottom: 20px; text-align: center;\" border=\"1\">\n<thead>\n<tr>\n<th>Nom du cookie<\/th>\n<th>Domaine <\/th>\n<th>Dur\u00e9e <\/th>\n<th>Utilisation  interne\/interne <\/th>\n<th>Use<\/th>\n<\/tr>\n<\/thead>\n<tbody>\n<tr>\n<td>_gid<\/td>\n<td>capitole-consulting.com<\/td>\n<td>24 heures <\/td>\n<td>Utilisable <\/td>\n<td>\u2013<\/td>\n<\/tr>\n<tr>\n<td>_ga<\/td>\n<td>capitole-consulting.com<\/td>\n<td>24 heures <\/td>\n<td>Utilisable <\/td>\n<td>\u2013<\/td>\n<\/tr>\n<\/tbody>\n<\/table>\n\t\t\t\t\t\t\t\t<\/div>\n\t\t\t\t<\/div>\n\t\t\t\t<div class=\"elementor-element elementor-element-0d95b7e elementor-widget elementor-widget-button\" data-id=\"0d95b7e\" data-element_type=\"widget\" data-widget_type=\"button.default\">\n\t\t\t\t<div class=\"elementor-widget-container\">\n\t\t\t\t\t\t\t\t\t<div class=\"elementor-button-wrapper\">\n\t\t\t\t\t<a class=\"elementor-button elementor-button-link elementor-size-sm\" href=\"https:\/\/www.capitole-consulting.com\/cookies-configuration\/\">\n\t\t\t\t\t\t<span class=\"elementor-button-content-wrapper\">\n\t\t\t\t\t\t\t\t\t<span class=\"elementor-button-text\">Cookies Configuration<\/span>\n\t\t\t\t\t<\/span>\n\t\t\t\t\t<\/a>\n\t\t\t\t<\/div>\n\t\t\t\t\t\t\t\t<\/div>\n\t\t\t\t<\/div>\n\t\t\t\t<div class=\"elementor-element elementor-element-1475f81 elementor-widget elementor-widget-spacer\" data-id=\"1475f81\" data-element_type=\"widget\" data-widget_type=\"spacer.default\">\n\t\t\t\t<div class=\"elementor-widget-container\">\n\t\t\t\t\t\t\t<div class=\"elementor-spacer\">\n\t\t\t<div class=\"elementor-spacer-inner\"><\/div>\n\t\t<\/div>\n\t\t\t\t\t\t<\/div>\n\t\t\t\t<\/div>\n\t\t\t\t<\/div>\n\t\t\t\t\t<\/div>\n\t\t\t\t<\/div>\n\t\t\t\t<\/div>\n\t\t","protected":false},"excerpt":{"rendered":"<p>Politique relative aux cookies DESCRIPTION ET FINALIT\u00c9 Les cookies sont des fichiers que le site web ou l&rsquo;application d&rsquo;un utilisateur installe dans son navigateur ou sur son appareil pendant sa navigation. Ces fichiers servent \u00e0 stocker des informations relatives \u00e0 sa visite. Comme la plupart des sites web, les sites web doivent\u202f: Assurer le bon &#8230; <a title=\"Politique relative aux cookies\" class=\"read-more\" href=\"https:\/\/www.capitole-consulting.com\/fr\/politique-relative-aux-cookies\/\" aria-label=\"En savoir plus sur Politique relative aux cookies\">Lire la suite<\/a><\/p>\n","protected":false},"author":1,"featured_media":0,"parent":0,"menu_order":0,"comment_status":"closed","ping_status":"closed","template":"elementor_header_footer","meta":{"_acf_changed":false,"footnotes":""},"tags":[],"class_list":["post-17957","page","type-page","status-publish"],"acf":[],"yoast_head":"<!-- This site is optimized with the Yoast SEO plugin v25.4 - https:\/\/yoast.com\/wordpress\/plugins\/seo\/ -->\n<title>Politique relative aux cookies - Capitole<\/title>\n<meta name=\"robots\" content=\"index, follow, max-snippet:-1, max-image-preview:large, max-video-preview:-1\" \/>\n<link rel=\"canonical\" href=\"https:\/\/www.capitole-consulting.com\/fr\/politique-relative-aux-cookies\/\" \/>\n<meta property=\"og:locale\" content=\"fr_FR\" \/>\n<meta property=\"og:type\" content=\"article\" \/>\n<meta property=\"og:title\" content=\"Politique relative aux cookies - Capitole\" \/>\n<meta property=\"og:description\" content=\"Politique relative aux cookies DESCRIPTION ET FINALIT\u00c9 Les cookies sont des fichiers que le site web ou l&rsquo;application d&rsquo;un utilisateur installe dans son navigateur ou sur son appareil pendant sa navigation. Ces fichiers servent \u00e0 stocker des informations relatives \u00e0 sa visite. Comme la plupart des sites web, les sites web doivent\u202f: Assurer le bon ... Lire la suite\" \/>\n<meta property=\"og:url\" content=\"https:\/\/www.capitole-consulting.com\/fr\/politique-relative-aux-cookies\/\" \/>\n<meta property=\"og:site_name\" content=\"Capitole\" \/>\n<meta property=\"article:publisher\" content=\"https:\/\/www.linkedin.com\/company\/capitole-consulting\/\" \/>\n<meta property=\"article:modified_time\" content=\"2025-09-16T12:35:39+00:00\" \/>\n<meta property=\"og:image\" content=\"https:\/\/www.capitole-consulting.com\/wp-content\/uploads\/2025\/01\/site-image.png\" \/>\n\t<meta property=\"og:image:width\" content=\"1200\" \/>\n\t<meta property=\"og:image:height\" content=\"675\" \/>\n\t<meta property=\"og:image:type\" content=\"image\/png\" \/>\n<meta name=\"twitter:card\" content=\"summary_large_image\" \/>\n<meta name=\"twitter:site\" content=\"@capitolecons\" \/>\n<meta name=\"twitter:label1\" content=\"Dur\u00e9e de lecture estim\u00e9e\" \/>\n\t<meta name=\"twitter:data1\" content=\"4 minutes\" \/>\n<script type=\"application\/ld+json\" class=\"yoast-schema-graph\">{\"@context\":\"https:\/\/schema.org\",\"@graph\":[{\"@type\":\"WebPage\",\"@id\":\"https:\/\/www.capitole-consulting.com\/fr\/politique-relative-aux-cookies\/\",\"url\":\"https:\/\/www.capitole-consulting.com\/fr\/politique-relative-aux-cookies\/\",\"name\":\"Politique relative aux cookies - Capitole\",\"isPartOf\":{\"@id\":\"https:\/\/www.capitole-consulting.com\/fr\/#website\"},\"datePublished\":\"2025-01-02T09:55:41+00:00\",\"dateModified\":\"2025-09-16T12:35:39+00:00\",\"breadcrumb\":{\"@id\":\"https:\/\/www.capitole-consulting.com\/fr\/politique-relative-aux-cookies\/#breadcrumb\"},\"inLanguage\":\"fr-FR\",\"potentialAction\":[{\"@type\":\"ReadAction\",\"target\":[\"https:\/\/www.capitole-consulting.com\/fr\/politique-relative-aux-cookies\/\"]}]},{\"@type\":\"BreadcrumbList\",\"@id\":\"https:\/\/www.capitole-consulting.com\/fr\/politique-relative-aux-cookies\/#breadcrumb\",\"itemListElement\":[{\"@type\":\"ListItem\",\"position\":1,\"name\":\"Home\",\"item\":\"https:\/\/www.capitole-consulting.com\/fr\/\"},{\"@type\":\"ListItem\",\"position\":2,\"name\":\"Politique relative aux cookies\"}]},{\"@type\":\"WebSite\",\"@id\":\"https:\/\/www.capitole-consulting.com\/fr\/#website\",\"url\":\"https:\/\/www.capitole-consulting.com\/fr\/\",\"name\":\"Capitole Consulting\",\"description\":\"\",\"publisher\":{\"@id\":\"https:\/\/www.capitole-consulting.com\/fr\/#organization\"},\"potentialAction\":[{\"@type\":\"SearchAction\",\"target\":{\"@type\":\"EntryPoint\",\"urlTemplate\":\"https:\/\/www.capitole-consulting.com\/fr\/?s={search_term_string}\"},\"query-input\":{\"@type\":\"PropertyValueSpecification\",\"valueRequired\":true,\"valueName\":\"search_term_string\"}}],\"inLanguage\":\"fr-FR\"},{\"@type\":\"Organization\",\"@id\":\"https:\/\/www.capitole-consulting.com\/fr\/#organization\",\"name\":\"Capitole Consulting\",\"url\":\"https:\/\/www.capitole-consulting.com\/fr\/\",\"logo\":{\"@type\":\"ImageObject\",\"inLanguage\":\"fr-FR\",\"@id\":\"https:\/\/www.capitole-consulting.com\/fr\/#\/schema\/logo\/image\/\",\"url\":\"https:\/\/www.capitole-consulting.com\/wp-content\/uploads\/2025\/01\/logo.png\",\"contentUrl\":\"https:\/\/www.capitole-consulting.com\/wp-content\/uploads\/2025\/01\/logo.png\",\"width\":800,\"height\":800,\"caption\":\"Capitole Consulting\"},\"image\":{\"@id\":\"https:\/\/www.capitole-consulting.com\/fr\/#\/schema\/logo\/image\/\"},\"sameAs\":[\"https:\/\/www.linkedin.com\/company\/capitole-consulting\/\",\"https:\/\/x.com\/capitolecons\",\"https:\/\/www.youtube.com\/@capitoleconsulting\"]}]}<\/script>\n<!-- \/ Yoast SEO plugin. -->","yoast_head_json":{"title":"Politique relative aux cookies - Capitole","robots":{"index":"index","follow":"follow","max-snippet":"max-snippet:-1","max-image-preview":"max-image-preview:large","max-video-preview":"max-video-preview:-1"},"canonical":"https:\/\/www.capitole-consulting.com\/fr\/politique-relative-aux-cookies\/","og_locale":"fr_FR","og_type":"article","og_title":"Politique relative aux cookies - Capitole","og_description":"Politique relative aux cookies DESCRIPTION ET FINALIT\u00c9 Les cookies sont des fichiers que le site web ou l&rsquo;application d&rsquo;un utilisateur installe dans son navigateur ou sur son appareil pendant sa navigation. Ces fichiers servent \u00e0 stocker des informations relatives \u00e0 sa visite. Comme la plupart des sites web, les sites web doivent\u202f: Assurer le bon ... Lire la suite","og_url":"https:\/\/www.capitole-consulting.com\/fr\/politique-relative-aux-cookies\/","og_site_name":"Capitole","article_publisher":"https:\/\/www.linkedin.com\/company\/capitole-consulting\/","article_modified_time":"2025-09-16T12:35:39+00:00","og_image":[{"width":1200,"height":675,"url":"https:\/\/www.capitole-consulting.com\/wp-content\/uploads\/2025\/01\/site-image.png","type":"image\/png"}],"twitter_card":"summary_large_image","twitter_site":"@capitolecons","twitter_misc":{"Dur\u00e9e de lecture estim\u00e9e":"4 minutes"},"schema":{"@context":"https:\/\/schema.org","@graph":[{"@type":"WebPage","@id":"https:\/\/www.capitole-consulting.com\/fr\/politique-relative-aux-cookies\/","url":"https:\/\/www.capitole-consulting.com\/fr\/politique-relative-aux-cookies\/","name":"Politique relative aux cookies - Capitole","isPartOf":{"@id":"https:\/\/www.capitole-consulting.com\/fr\/#website"},"datePublished":"2025-01-02T09:55:41+00:00","dateModified":"2025-09-16T12:35:39+00:00","breadcrumb":{"@id":"https:\/\/www.capitole-consulting.com\/fr\/politique-relative-aux-cookies\/#breadcrumb"},"inLanguage":"fr-FR","potentialAction":[{"@type":"ReadAction","target":["https:\/\/www.capitole-consulting.com\/fr\/politique-relative-aux-cookies\/"]}]},{"@type":"BreadcrumbList","@id":"https:\/\/www.capitole-consulting.com\/fr\/politique-relative-aux-cookies\/#breadcrumb","itemListElement":[{"@type":"ListItem","position":1,"name":"Home","item":"https:\/\/www.capitole-consulting.com\/fr\/"},{"@type":"ListItem","position":2,"name":"Politique relative aux cookies"}]},{"@type":"WebSite","@id":"https:\/\/www.capitole-consulting.com\/fr\/#website","url":"https:\/\/www.capitole-consulting.com\/fr\/","name":"Capitole Consulting","description":"","publisher":{"@id":"https:\/\/www.capitole-consulting.com\/fr\/#organization"},"potentialAction":[{"@type":"SearchAction","target":{"@type":"EntryPoint","urlTemplate":"https:\/\/www.capitole-consulting.com\/fr\/?s={search_term_string}"},"query-input":{"@type":"PropertyValueSpecification","valueRequired":true,"valueName":"search_term_string"}}],"inLanguage":"fr-FR"},{"@type":"Organization","@id":"https:\/\/www.capitole-consulting.com\/fr\/#organization","name":"Capitole Consulting","url":"https:\/\/www.capitole-consulting.com\/fr\/","logo":{"@type":"ImageObject","inLanguage":"fr-FR","@id":"https:\/\/www.capitole-consulting.com\/fr\/#\/schema\/logo\/image\/","url":"https:\/\/www.capitole-consulting.com\/wp-content\/uploads\/2025\/01\/logo.png","contentUrl":"https:\/\/www.capitole-consulting.com\/wp-content\/uploads\/2025\/01\/logo.png","width":800,"height":800,"caption":"Capitole Consulting"},"image":{"@id":"https:\/\/www.capitole-consulting.com\/fr\/#\/schema\/logo\/image\/"},"sameAs":["https:\/\/www.linkedin.com\/company\/capitole-consulting\/","https:\/\/x.com\/capitolecons","https:\/\/www.youtube.com\/@capitoleconsulting"]}]}},"_links":{"self":[{"href":"https:\/\/www.capitole-consulting.com\/fr\/wp-json\/wp\/v2\/pages\/17957","targetHints":{"allow":["GET"]}}],"collection":[{"href":"https:\/\/www.capitole-consulting.com\/fr\/wp-json\/wp\/v2\/pages"}],"about":[{"href":"https:\/\/www.capitole-consulting.com\/fr\/wp-json\/wp\/v2\/types\/page"}],"author":[{"embeddable":true,"href":"https:\/\/www.capitole-consulting.com\/fr\/wp-json\/wp\/v2\/users\/1"}],"replies":[{"embeddable":true,"href":"https:\/\/www.capitole-consulting.com\/fr\/wp-json\/wp\/v2\/comments?post=17957"}],"version-history":[{"count":3,"href":"https:\/\/www.capitole-consulting.com\/fr\/wp-json\/wp\/v2\/pages\/17957\/revisions"}],"predecessor-version":[{"id":17962,"href":"https:\/\/www.capitole-consulting.com\/fr\/wp-json\/wp\/v2\/pages\/17957\/revisions\/17962"}],"wp:attachment":[{"href":"https:\/\/www.capitole-consulting.com\/fr\/wp-json\/wp\/v2\/media?parent=17957"}],"wp:term":[{"taxonomy":"post_tag","embeddable":true,"href":"https:\/\/www.capitole-consulting.com\/fr\/wp-json\/wp\/v2\/tags?post=17957"}],"curies":[{"name":"wp","href":"https:\/\/api.w.org\/{rel}","templated":true}]}}