{"id":18596,"date":"2026-01-15T09:15:19","date_gmt":"2026-01-15T09:15:19","guid":{"rendered":"https:\/\/www.capitole-consulting.com\/?page_id=18596"},"modified":"2026-01-15T10:02:28","modified_gmt":"2026-01-15T10:02:28","slug":"politica-de-seguridad-y-salud","status":"publish","type":"page","link":"https:\/\/www.capitole-consulting.com\/es\/politica-de-seguridad-y-salud\/","title":{"rendered":"ISO 45001"},"content":{"rendered":"\t\t<div data-elementor-type=\"wp-page\" data-elementor-id=\"18596\" class=\"elementor elementor-18596\" data-elementor-post-type=\"page\">\n\t\t\t\t<div class=\"elementor-element elementor-element-4e8dbdf e-flex e-con-boxed e-con e-parent\" data-id=\"4e8dbdf\" data-element_type=\"container\">\n\t\t\t\t\t<div class=\"e-con-inner\">\n\t\t<div class=\"elementor-element elementor-element-fa50244 e-con-full e-flex e-con e-child\" data-id=\"fa50244\" data-element_type=\"container\">\n\t\t\t\t<div class=\"elementor-element elementor-element-7f88e3c elementor-widget elementor-widget-heading\" data-id=\"7f88e3c\" data-element_type=\"widget\" data-widget_type=\"heading.default\">\n\t\t\t\t<div class=\"elementor-widget-container\">\n\t\t\t\t\t<h1 class=\"elementor-heading-title elementor-size-default\">Pol\u00edtica de Seguridad y Salud en el Trabajo<\/h1>\t\t\t\t<\/div>\n\t\t\t\t<\/div>\n\t\t\t\t<\/div>\n\t\t\t\t\t<\/div>\n\t\t\t\t<\/div>\n\t\t<div class=\"elementor-element elementor-element-7c5c497 e-flex e-con-boxed e-con e-parent\" data-id=\"7c5c497\" data-element_type=\"container\">\n\t\t\t\t\t<div class=\"e-con-inner\">\n\t\t\t\t<div class=\"elementor-element elementor-element-87891de elementor-widget elementor-widget-spacer\" data-id=\"87891de\" data-element_type=\"widget\" data-widget_type=\"spacer.default\">\n\t\t\t\t<div class=\"elementor-widget-container\">\n\t\t\t\t\t\t\t<div class=\"elementor-spacer\">\n\t\t\t<div class=\"elementor-spacer-inner\"><\/div>\n\t\t<\/div>\n\t\t\t\t\t\t<\/div>\n\t\t\t\t<\/div>\n\t\t<div class=\"elementor-element elementor-element-89b6070 e-flex e-con-boxed e-con e-child\" data-id=\"89b6070\" data-element_type=\"container\" data-settings=\"{&quot;background_background&quot;:&quot;classic&quot;}\">\n\t\t\t\t\t<div class=\"e-con-inner\">\n\t\t<div class=\"elementor-element elementor-element-70317af e-flex e-con-boxed e-con e-child\" data-id=\"70317af\" data-element_type=\"container\" data-settings=\"{&quot;background_background&quot;:&quot;classic&quot;}\">\n\t\t\t\t\t<div class=\"e-con-inner\">\n\t\t\t\t\t<\/div>\n\t\t\t\t<\/div>\n\t\t\t\t\t<\/div>\n\t\t\t\t<\/div>\n\t\t\t\t\t<\/div>\n\t\t\t\t<\/div>\n\t\t<div class=\"elementor-element elementor-element-4ed9897 e-flex e-con-boxed e-con e-parent\" data-id=\"4ed9897\" data-element_type=\"container\">\n\t\t\t\t\t<div class=\"e-con-inner\">\n\t\t\t\t<div class=\"elementor-element elementor-element-6535de3 elementor-widget elementor-widget-spacer\" data-id=\"6535de3\" data-element_type=\"widget\" data-widget_type=\"spacer.default\">\n\t\t\t\t<div class=\"elementor-widget-container\">\n\t\t\t\t\t\t\t<div class=\"elementor-spacer\">\n\t\t\t<div class=\"elementor-spacer-inner\"><\/div>\n\t\t<\/div>\n\t\t\t\t\t\t<\/div>\n\t\t\t\t<\/div>\n\t\t\t\t\t<\/div>\n\t\t\t\t<\/div>\n\t\t<div class=\"elementor-element elementor-element-74d369c e-flex e-con-boxed e-con e-parent\" data-id=\"74d369c\" data-element_type=\"container\">\n\t\t\t\t\t<div class=\"e-con-inner\">\n\t\t<div class=\"elementor-element elementor-element-904f317 e-con-full e-flex e-con e-child\" data-id=\"904f317\" data-element_type=\"container\">\n\t\t\t\t<div class=\"elementor-element elementor-element-1ab92d4 elementor-widget elementor-widget-image\" data-id=\"1ab92d4\" data-element_type=\"widget\" data-widget_type=\"image.default\">\n\t\t\t\t<div class=\"elementor-widget-container\">\n\t\t\t\t\t\t\t\t\t\t\t\t\t\t\t<img loading=\"lazy\" decoding=\"async\" width=\"840\" height=\"561\" src=\"https:\/\/www.capitole-consulting.com\/wp-content\/uploads\/2026\/01\/ISO-45001-2018.jpg\" class=\"attachment-large size-large wp-image-18597\" alt=\"\" srcset=\"https:\/\/www.capitole-consulting.com\/wp-content\/uploads\/2026\/01\/ISO-45001-2018.jpg 840w, https:\/\/www.capitole-consulting.com\/wp-content\/uploads\/2026\/01\/ISO-45001-2018-300x200.jpg 300w, https:\/\/www.capitole-consulting.com\/wp-content\/uploads\/2026\/01\/ISO-45001-2018-768x513.jpg 768w\" sizes=\"auto, (max-width: 840px) 100vw, 840px\" \/>\t\t\t\t\t\t\t\t\t\t\t\t\t\t\t<\/div>\n\t\t\t\t<\/div>\n\t\t\t\t<\/div>\n\t\t<div class=\"elementor-element elementor-element-f6abe9c e-con-full e-flex e-con e-child\" data-id=\"f6abe9c\" data-element_type=\"container\">\n\t\t\t\t<div class=\"elementor-element elementor-element-60eda4e elementor-widget elementor-widget-text-editor\" data-id=\"60eda4e\" data-element_type=\"widget\" data-widget_type=\"text-editor.default\">\n\t\t\t\t<div class=\"elementor-widget-container\">\n\t\t\t\t\t\t\t\t\t<p>CAPITOLE CONSULTING S.L., consciente de la importancia de proteger la seguridad, la salud y el bienestar de las personas, adopta y promueve una Pol\u00edtica de Seguridad y Salud en el Trabajo orientada a proporcionar entornos laborales seguros y saludables para sus personas trabajadoras, proveedores y empresas colaboradoras.<\/p><p>La organizaci\u00f3n se compromete a identificar, evaluar y controlar los riesgos derivados de sus actividades, integrando la prevenci\u00f3n de riesgos laborales en todos los procesos y fomentando una cultura preventiva en todos los niveles de la compa\u00f1\u00eda.<\/p>\t\t\t\t\t\t\t\t<\/div>\n\t\t\t\t<\/div>\n\t\t\t\t<\/div>\n\t\t\t\t\t<\/div>\n\t\t\t\t<\/div>\n\t\t<div class=\"elementor-element elementor-element-543bcc3 e-flex e-con-boxed e-con e-parent\" data-id=\"543bcc3\" data-element_type=\"container\">\n\t\t\t\t\t<div class=\"e-con-inner\">\n\t\t<div class=\"elementor-element elementor-element-ba91dbb e-con-full e-flex e-con e-child\" data-id=\"ba91dbb\" data-element_type=\"container\">\n\t\t\t\t<div class=\"elementor-element elementor-element-bf6713e elementor-widget elementor-widget-spacer\" data-id=\"bf6713e\" data-element_type=\"widget\" data-widget_type=\"spacer.default\">\n\t\t\t\t<div class=\"elementor-widget-container\">\n\t\t\t\t\t\t\t<div class=\"elementor-spacer\">\n\t\t\t<div class=\"elementor-spacer-inner\"><\/div>\n\t\t<\/div>\n\t\t\t\t\t\t<\/div>\n\t\t\t\t<\/div>\n\t\t\t\t<div class=\"elementor-element elementor-element-5fd9f33 elementor-widget elementor-widget-text-editor\" data-id=\"5fd9f33\" data-element_type=\"widget\" data-widget_type=\"text-editor.default\">\n\t\t\t\t<div class=\"elementor-widget-container\">\n\t\t\t\t\t\t\t\t\t<p>Este compromiso se materializa mediante la implantaci\u00f3n y mantenimiento de un <strong>Sistema de Gesti\u00f3n de la Seguridad y Salud en el Trabajo (SGSST)<\/strong> conforme a la <strong>Norma ISO 45001<\/strong>, basado en la mejora continua y en el cumplimiento de la legislaci\u00f3n vigente en materia de seguridad y salud laboral, as\u00ed como de otros requisitos aplicables.<\/p><p>El sistema tiene como objetivo principal:<\/p><ul><li>Prevenir lesiones y el deterioro de la salud relacionados con el trabajo.<\/li><li>Eliminar los peligros y reducir los riesgos para la seguridad y salud laboral.<\/li><li>Garantizar condiciones de trabajo seguras y saludables.<\/li><li>Promover el bienestar integral de las personas trabajadoras.<\/li><\/ul><p>La Direcci\u00f3n de CAPITOLE CONSULTING S.L. asume el compromiso de:<\/p><ul><li>Proporcionar los recursos humanos y materiales necesarios para el desarrollo eficaz del sistema de gesti\u00f3n.<\/li><li>Garantizar la consulta y participaci\u00f3n activa de las personas trabajadoras y sus representantes.<\/li><li>Integrar la seguridad y salud en el trabajo en la gesti\u00f3n global de la organizaci\u00f3n.<\/li><li>Promover la formaci\u00f3n y sensibilizaci\u00f3n continua en materia preventiva.<\/li><li>Exigir a proveedores y colaboradores el cumplimiento de los est\u00e1ndares de seguridad establecidos.<\/li><\/ul><p>Todo el personal de CAPITOLE CONSULTING S.L. comparte la responsabilidad de cumplir y apoyar esta pol\u00edtica, contribuyendo activamente a la creaci\u00f3n y mantenimiento de un entorno de trabajo seguro, saludable y sostenible.<\/p>\t\t\t\t\t\t\t\t<\/div>\n\t\t\t\t<\/div>\n\t\t<div class=\"elementor-element elementor-element-aac99c1 e-con-full e-flex e-con e-child\" data-id=\"aac99c1\" data-element_type=\"container\">\n\t\t\t\t<div class=\"elementor-element elementor-element-c5314fd elementor-widget elementor-widget-button\" data-id=\"c5314fd\" data-element_type=\"widget\" data-widget_type=\"button.default\">\n\t\t\t\t<div class=\"elementor-widget-container\">\n\t\t\t\t\t\t\t\t\t<div class=\"elementor-button-wrapper\">\n\t\t\t\t\t<a class=\"elementor-button elementor-button-link elementor-size-sm\" href=\"https:\/\/www.capitole-consulting.com\/wp-content\/uploads\/2026\/01\/POLITICA-DE-SST-CAPITOLE.pdf\" target=\"_blank\">\n\t\t\t\t\t\t<span class=\"elementor-button-content-wrapper\">\n\t\t\t\t\t\t\t\t\t<span class=\"elementor-button-text\">Descarga nuestra Pol\u00edtica de Seguridad y Trabajo<\/span>\n\t\t\t\t\t<\/span>\n\t\t\t\t\t<\/a>\n\t\t\t\t<\/div>\n\t\t\t\t\t\t\t\t<\/div>\n\t\t\t\t<\/div>\n\t\t\t\t<div class=\"elementor-element elementor-element-ef0d71b elementor-widget elementor-widget-button\" data-id=\"ef0d71b\" data-element_type=\"widget\" data-widget_type=\"button.default\">\n\t\t\t\t<div class=\"elementor-widget-container\">\n\t\t\t\t\t\t\t\t\t<div class=\"elementor-button-wrapper\">\n\t\t\t\t\t<a class=\"elementor-button elementor-button-link elementor-size-sm\" href=\"https:\/\/www.capitole-consulting.com\/wp-content\/uploads\/2026\/01\/494-CAPITOLE-CONSULTING-S.L._ES.pdf\">\n\t\t\t\t\t\t<span class=\"elementor-button-content-wrapper\">\n\t\t\t\t\t\t\t\t\t<span class=\"elementor-button-text\">Descarga nuestro certificado ISO 45001<\/span>\n\t\t\t\t\t<\/span>\n\t\t\t\t\t<\/a>\n\t\t\t\t<\/div>\n\t\t\t\t\t\t\t\t<\/div>\n\t\t\t\t<\/div>\n\t\t\t\t<\/div>\n\t\t\t\t<\/div>\n\t\t\t\t\t<\/div>\n\t\t\t\t<\/div>\n\t\t<div class=\"elementor-element elementor-element-89fb098 e-flex e-con-boxed e-con e-parent\" data-id=\"89fb098\" data-element_type=\"container\">\n\t\t\t\t\t<div class=\"e-con-inner\">\n\t\t\t\t<div class=\"elementor-element elementor-element-abeb003 elementor-widget elementor-widget-spacer\" data-id=\"abeb003\" data-element_type=\"widget\" data-widget_type=\"spacer.default\">\n\t\t\t\t<div class=\"elementor-widget-container\">\n\t\t\t\t\t\t\t<div class=\"elementor-spacer\">\n\t\t\t<div class=\"elementor-spacer-inner\"><\/div>\n\t\t<\/div>\n\t\t\t\t\t\t<\/div>\n\t\t\t\t<\/div>\n\t\t\t\t\t<\/div>\n\t\t\t\t<\/div>\n\t\t\t\t<\/div>\n\t\t","protected":false},"excerpt":{"rendered":"<p>Pol\u00edtica de Seguridad y Salud en el Trabajo CAPITOLE CONSULTING S.L., consciente de la importancia de proteger la seguridad, la salud y el bienestar de las personas, adopta y promueve una Pol\u00edtica de Seguridad y Salud en el Trabajo orientada a proporcionar entornos laborales seguros y saludables para sus personas trabajadoras, proveedores y empresas colaboradoras. &#8230; <a title=\"ISO 45001\" class=\"read-more\" href=\"https:\/\/www.capitole-consulting.com\/es\/politica-de-seguridad-y-salud\/\" aria-label=\"Leer m\u00e1s sobre ISO 45001\">Leer m\u00e1s<\/a><\/p>\n","protected":false},"author":10,"featured_media":0,"parent":0,"menu_order":0,"comment_status":"closed","ping_status":"closed","template":"","meta":{"_acf_changed":false,"footnotes":""},"tags":[],"class_list":["post-18596","page","type-page","status-publish"],"acf":[],"yoast_head":"<!-- This site is optimized with the Yoast SEO plugin v25.4 - https:\/\/yoast.com\/wordpress\/plugins\/seo\/ -->\n<title>Capitole | ISO 45001<\/title>\n<meta name=\"description\" content=\"Capitole adopta y promueve una Pol\u00edtica de Seguridad y Salud en el Trabajo orientada a proporcionar entornos laborales seguros y saludables para sus personas trabajadoras, proveedores y empresas colaboradoras.\" \/>\n<meta name=\"robots\" content=\"index, follow, max-snippet:-1, max-image-preview:large, max-video-preview:-1\" \/>\n<link rel=\"canonical\" href=\"https:\/\/www.capitole-consulting.com\/es\/politica-de-seguridad-y-salud\/\" \/>\n<meta property=\"og:locale\" content=\"es_ES\" \/>\n<meta property=\"og:type\" content=\"article\" \/>\n<meta property=\"og:title\" content=\"Capitole | ISO 45001\" \/>\n<meta property=\"og:description\" content=\"Capitole adopta y promueve una Pol\u00edtica de Seguridad y Salud en el Trabajo orientada a proporcionar entornos laborales seguros y saludables para sus personas trabajadoras, proveedores y empresas colaboradoras.\" \/>\n<meta property=\"og:url\" content=\"https:\/\/www.capitole-consulting.com\/es\/politica-de-seguridad-y-salud\/\" \/>\n<meta property=\"og:site_name\" content=\"Capitole\" \/>\n<meta property=\"article:publisher\" content=\"https:\/\/www.linkedin.com\/company\/capitole-consulting\/\" \/>\n<meta property=\"article:modified_time\" content=\"2026-01-15T10:02:28+00:00\" \/>\n<meta property=\"og:image\" content=\"https:\/\/www.capitole-consulting.com\/wp-content\/uploads\/2026\/01\/ISO-45001-2018.jpg\" \/>\n\t<meta property=\"og:image:width\" content=\"840\" \/>\n\t<meta property=\"og:image:height\" content=\"561\" \/>\n\t<meta property=\"og:image:type\" content=\"image\/jpeg\" \/>\n<meta name=\"twitter:card\" content=\"summary_large_image\" \/>\n<meta name=\"twitter:site\" content=\"@capitolecons\" \/>\n<meta name=\"twitter:label1\" content=\"Tiempo de lectura\" \/>\n\t<meta name=\"twitter:data1\" content=\"2 minutos\" \/>\n<script type=\"application\/ld+json\" class=\"yoast-schema-graph\">{\"@context\":\"https:\/\/schema.org\",\"@graph\":[{\"@type\":\"WebPage\",\"@id\":\"https:\/\/www.capitole-consulting.com\/es\/politica-de-seguridad-y-salud\/\",\"url\":\"https:\/\/www.capitole-consulting.com\/es\/politica-de-seguridad-y-salud\/\",\"name\":\"Capitole | ISO 45001\",\"isPartOf\":{\"@id\":\"https:\/\/www.capitole-consulting.com\/es\/#website\"},\"primaryImageOfPage\":{\"@id\":\"https:\/\/www.capitole-consulting.com\/es\/politica-de-seguridad-y-salud\/#primaryimage\"},\"image\":{\"@id\":\"https:\/\/www.capitole-consulting.com\/es\/politica-de-seguridad-y-salud\/#primaryimage\"},\"thumbnailUrl\":\"https:\/\/www.capitole-consulting.com\/wp-content\/uploads\/2026\/01\/ISO-45001-2018.jpg\",\"datePublished\":\"2026-01-15T09:15:19+00:00\",\"dateModified\":\"2026-01-15T10:02:28+00:00\",\"description\":\"Capitole adopta y promueve una Pol\u00edtica de Seguridad y Salud en el Trabajo orientada a proporcionar entornos laborales seguros y saludables para sus personas trabajadoras, proveedores y empresas colaboradoras.\",\"breadcrumb\":{\"@id\":\"https:\/\/www.capitole-consulting.com\/es\/politica-de-seguridad-y-salud\/#breadcrumb\"},\"inLanguage\":\"es\",\"potentialAction\":[{\"@type\":\"ReadAction\",\"target\":[\"https:\/\/www.capitole-consulting.com\/es\/politica-de-seguridad-y-salud\/\"]}]},{\"@type\":\"ImageObject\",\"inLanguage\":\"es\",\"@id\":\"https:\/\/www.capitole-consulting.com\/es\/politica-de-seguridad-y-salud\/#primaryimage\",\"url\":\"https:\/\/www.capitole-consulting.com\/wp-content\/uploads\/2026\/01\/ISO-45001-2018.jpg\",\"contentUrl\":\"https:\/\/www.capitole-consulting.com\/wp-content\/uploads\/2026\/01\/ISO-45001-2018.jpg\"},{\"@type\":\"BreadcrumbList\",\"@id\":\"https:\/\/www.capitole-consulting.com\/es\/politica-de-seguridad-y-salud\/#breadcrumb\",\"itemListElement\":[{\"@type\":\"ListItem\",\"position\":1,\"name\":\"Home\",\"item\":\"https:\/\/www.capitole-consulting.com\/es\/\"},{\"@type\":\"ListItem\",\"position\":2,\"name\":\"ISO 45001\"}]},{\"@type\":\"WebSite\",\"@id\":\"https:\/\/www.capitole-consulting.com\/es\/#website\",\"url\":\"https:\/\/www.capitole-consulting.com\/es\/\",\"name\":\"Capitole Consulting\",\"description\":\"\",\"publisher\":{\"@id\":\"https:\/\/www.capitole-consulting.com\/es\/#organization\"},\"potentialAction\":[{\"@type\":\"SearchAction\",\"target\":{\"@type\":\"EntryPoint\",\"urlTemplate\":\"https:\/\/www.capitole-consulting.com\/es\/?s={search_term_string}\"},\"query-input\":{\"@type\":\"PropertyValueSpecification\",\"valueRequired\":true,\"valueName\":\"search_term_string\"}}],\"inLanguage\":\"es\"},{\"@type\":\"Organization\",\"@id\":\"https:\/\/www.capitole-consulting.com\/es\/#organization\",\"name\":\"Capitole Consulting\",\"url\":\"https:\/\/www.capitole-consulting.com\/es\/\",\"logo\":{\"@type\":\"ImageObject\",\"inLanguage\":\"es\",\"@id\":\"https:\/\/www.capitole-consulting.com\/es\/#\/schema\/logo\/image\/\",\"url\":\"https:\/\/www.capitole-consulting.com\/wp-content\/uploads\/2025\/01\/logo.png\",\"contentUrl\":\"https:\/\/www.capitole-consulting.com\/wp-content\/uploads\/2025\/01\/logo.png\",\"width\":800,\"height\":800,\"caption\":\"Capitole Consulting\"},\"image\":{\"@id\":\"https:\/\/www.capitole-consulting.com\/es\/#\/schema\/logo\/image\/\"},\"sameAs\":[\"https:\/\/www.linkedin.com\/company\/capitole-consulting\/\",\"https:\/\/x.com\/capitolecons\",\"https:\/\/www.youtube.com\/@capitoleconsulting\"]}]}<\/script>\n<!-- \/ Yoast SEO plugin. -->","yoast_head_json":{"title":"Capitole | ISO 45001","description":"Capitole adopta y promueve una Pol\u00edtica de Seguridad y Salud en el Trabajo orientada a proporcionar entornos laborales seguros y saludables para sus personas trabajadoras, proveedores y empresas colaboradoras.","robots":{"index":"index","follow":"follow","max-snippet":"max-snippet:-1","max-image-preview":"max-image-preview:large","max-video-preview":"max-video-preview:-1"},"canonical":"https:\/\/www.capitole-consulting.com\/es\/politica-de-seguridad-y-salud\/","og_locale":"es_ES","og_type":"article","og_title":"Capitole | ISO 45001","og_description":"Capitole adopta y promueve una Pol\u00edtica de Seguridad y Salud en el Trabajo orientada a proporcionar entornos laborales seguros y saludables para sus personas trabajadoras, proveedores y empresas colaboradoras.","og_url":"https:\/\/www.capitole-consulting.com\/es\/politica-de-seguridad-y-salud\/","og_site_name":"Capitole","article_publisher":"https:\/\/www.linkedin.com\/company\/capitole-consulting\/","article_modified_time":"2026-01-15T10:02:28+00:00","og_image":[{"width":840,"height":561,"url":"https:\/\/www.capitole-consulting.com\/wp-content\/uploads\/2026\/01\/ISO-45001-2018.jpg","type":"image\/jpeg"}],"twitter_card":"summary_large_image","twitter_site":"@capitolecons","twitter_misc":{"Tiempo de lectura":"2 minutos"},"schema":{"@context":"https:\/\/schema.org","@graph":[{"@type":"WebPage","@id":"https:\/\/www.capitole-consulting.com\/es\/politica-de-seguridad-y-salud\/","url":"https:\/\/www.capitole-consulting.com\/es\/politica-de-seguridad-y-salud\/","name":"Capitole | ISO 45001","isPartOf":{"@id":"https:\/\/www.capitole-consulting.com\/es\/#website"},"primaryImageOfPage":{"@id":"https:\/\/www.capitole-consulting.com\/es\/politica-de-seguridad-y-salud\/#primaryimage"},"image":{"@id":"https:\/\/www.capitole-consulting.com\/es\/politica-de-seguridad-y-salud\/#primaryimage"},"thumbnailUrl":"https:\/\/www.capitole-consulting.com\/wp-content\/uploads\/2026\/01\/ISO-45001-2018.jpg","datePublished":"2026-01-15T09:15:19+00:00","dateModified":"2026-01-15T10:02:28+00:00","description":"Capitole adopta y promueve una Pol\u00edtica de Seguridad y Salud en el Trabajo orientada a proporcionar entornos laborales seguros y saludables para sus personas trabajadoras, proveedores y empresas colaboradoras.","breadcrumb":{"@id":"https:\/\/www.capitole-consulting.com\/es\/politica-de-seguridad-y-salud\/#breadcrumb"},"inLanguage":"es","potentialAction":[{"@type":"ReadAction","target":["https:\/\/www.capitole-consulting.com\/es\/politica-de-seguridad-y-salud\/"]}]},{"@type":"ImageObject","inLanguage":"es","@id":"https:\/\/www.capitole-consulting.com\/es\/politica-de-seguridad-y-salud\/#primaryimage","url":"https:\/\/www.capitole-consulting.com\/wp-content\/uploads\/2026\/01\/ISO-45001-2018.jpg","contentUrl":"https:\/\/www.capitole-consulting.com\/wp-content\/uploads\/2026\/01\/ISO-45001-2018.jpg"},{"@type":"BreadcrumbList","@id":"https:\/\/www.capitole-consulting.com\/es\/politica-de-seguridad-y-salud\/#breadcrumb","itemListElement":[{"@type":"ListItem","position":1,"name":"Home","item":"https:\/\/www.capitole-consulting.com\/es\/"},{"@type":"ListItem","position":2,"name":"ISO 45001"}]},{"@type":"WebSite","@id":"https:\/\/www.capitole-consulting.com\/es\/#website","url":"https:\/\/www.capitole-consulting.com\/es\/","name":"Capitole Consulting","description":"","publisher":{"@id":"https:\/\/www.capitole-consulting.com\/es\/#organization"},"potentialAction":[{"@type":"SearchAction","target":{"@type":"EntryPoint","urlTemplate":"https:\/\/www.capitole-consulting.com\/es\/?s={search_term_string}"},"query-input":{"@type":"PropertyValueSpecification","valueRequired":true,"valueName":"search_term_string"}}],"inLanguage":"es"},{"@type":"Organization","@id":"https:\/\/www.capitole-consulting.com\/es\/#organization","name":"Capitole Consulting","url":"https:\/\/www.capitole-consulting.com\/es\/","logo":{"@type":"ImageObject","inLanguage":"es","@id":"https:\/\/www.capitole-consulting.com\/es\/#\/schema\/logo\/image\/","url":"https:\/\/www.capitole-consulting.com\/wp-content\/uploads\/2025\/01\/logo.png","contentUrl":"https:\/\/www.capitole-consulting.com\/wp-content\/uploads\/2025\/01\/logo.png","width":800,"height":800,"caption":"Capitole Consulting"},"image":{"@id":"https:\/\/www.capitole-consulting.com\/es\/#\/schema\/logo\/image\/"},"sameAs":["https:\/\/www.linkedin.com\/company\/capitole-consulting\/","https:\/\/x.com\/capitolecons","https:\/\/www.youtube.com\/@capitoleconsulting"]}]}},"_links":{"self":[{"href":"https:\/\/www.capitole-consulting.com\/es\/wp-json\/wp\/v2\/pages\/18596","targetHints":{"allow":["GET"]}}],"collection":[{"href":"https:\/\/www.capitole-consulting.com\/es\/wp-json\/wp\/v2\/pages"}],"about":[{"href":"https:\/\/www.capitole-consulting.com\/es\/wp-json\/wp\/v2\/types\/page"}],"author":[{"embeddable":true,"href":"https:\/\/www.capitole-consulting.com\/es\/wp-json\/wp\/v2\/users\/10"}],"replies":[{"embeddable":true,"href":"https:\/\/www.capitole-consulting.com\/es\/wp-json\/wp\/v2\/comments?post=18596"}],"version-history":[{"count":12,"href":"https:\/\/www.capitole-consulting.com\/es\/wp-json\/wp\/v2\/pages\/18596\/revisions"}],"predecessor-version":[{"id":18631,"href":"https:\/\/www.capitole-consulting.com\/es\/wp-json\/wp\/v2\/pages\/18596\/revisions\/18631"}],"wp:attachment":[{"href":"https:\/\/www.capitole-consulting.com\/es\/wp-json\/wp\/v2\/media?parent=18596"}],"wp:term":[{"taxonomy":"post_tag","embeddable":true,"href":"https:\/\/www.capitole-consulting.com\/es\/wp-json\/wp\/v2\/tags?post=18596"}],"curies":[{"name":"wp","href":"https:\/\/api.w.org\/{rel}","templated":true}]}}