{"id":10417,"date":"2024-11-12T12:11:54","date_gmt":"2024-11-12T12:11:54","guid":{"rendered":"https:\/\/capitole-web-app-service-hvcegmd5ejaagmd7.northeurope-01.azurewebsites.net\/our\/"},"modified":"2025-07-22T05:49:06","modified_gmt":"2025-07-22T05:49:06","slug":"oportunidades-empleo-it","status":"publish","type":"page","link":"https:\/\/www.capitole-consulting.com\/es\/oportunidades-empleo-it\/","title":{"rendered":"Ofertas de empleo IT"},"content":{"rendered":"\t\t<div data-elementor-type=\"wp-page\" data-elementor-id=\"10417\" class=\"elementor elementor-10417 elementor-8246\" data-elementor-post-type=\"page\">\n\t\t\t\t<div class=\"elementor-element elementor-element-fc9cae3 e-flex e-con-boxed e-con e-parent\" data-id=\"fc9cae3\" data-element_type=\"container\">\n\t\t\t\t\t<div class=\"e-con-inner\">\n\t\t<div class=\"elementor-element elementor-element-82ba5b7 e-con-full e-flex e-con e-child\" data-id=\"82ba5b7\" data-element_type=\"container\">\n\t\t<div class=\"elementor-element elementor-element-08f9eae e-con-full e-flex e-con e-child\" data-id=\"08f9eae\" data-element_type=\"container\">\n\t\t\t\t<div class=\"elementor-element elementor-element-b8336d3 title elementor-widget elementor-widget-heading\" data-id=\"b8336d3\" data-element_type=\"widget\" data-widget_type=\"heading.default\">\n\t\t\t\t<div class=\"elementor-widget-container\">\n\t\t\t\t\t<h1 class=\"elementor-heading-title elementor-size-default\"><span>\u00danete al futuro <\/span>  \u200b<br>de la Tecnolog\u00eda<\/h1>\t\t\t\t<\/div>\n\t\t\t\t<\/div>\n\t\t\t\t<div class=\"elementor-element elementor-element-89b90b4 elementor-widget elementor-widget-text-editor\" data-id=\"89b90b4\" data-element_type=\"widget\" data-widget_type=\"text-editor.default\">\n\t\t\t\t<div class=\"elementor-widget-container\">\n\t\t\t\t\t\t\t\t\t<strong>Capitole <\/strong>est\u00e1 revolucionando el futuro de la tecnolog\u00eda porque creemos firmemente en el poder transformador de la innovaci\u00f3n y el talento. Si eres apasionado, innovador y buscas un lugar donde puedas desarrollar todo tu potencial, <strong>Capitole <\/strong>es el lugar para ti.\r\n\r\n\t\t\t\t\t\t\t\t<\/div>\n\t\t\t\t<\/div>\n\t\t\t\t<div class=\"elementor-element elementor-element-76a8881 elementor-widget elementor-widget-spacer\" data-id=\"76a8881\" data-element_type=\"widget\" data-widget_type=\"spacer.default\">\n\t\t\t\t<div class=\"elementor-widget-container\">\n\t\t\t\t\t\t\t<div class=\"elementor-spacer\">\n\t\t\t<div class=\"elementor-spacer-inner\"><\/div>\n\t\t<\/div>\n\t\t\t\t\t\t<\/div>\n\t\t\t\t<\/div>\n\t\t\t\t<\/div>\n\t\t<div class=\"elementor-element elementor-element-da3629f e-con-full e-flex e-con e-child\" data-id=\"da3629f\" data-element_type=\"container\">\n\t\t\t\t<div class=\"elementor-element elementor-element-0963754 elementor-widget elementor-widget-image\" data-id=\"0963754\" data-element_type=\"widget\" data-widget_type=\"image.default\">\n\t\t\t\t<div class=\"elementor-widget-container\">\n\t\t\t\t\t\t\t\t\t\t\t\t\t\t\t\t<a href=\"\/wp-content\/uploads\/2024\/10\/vacantes.png\" data-elementor-open-lightbox=\"no\">\n\t\t\t\t\t\t\t<img loading=\"lazy\" decoding=\"async\" width=\"494\" height=\"460\" src=\"https:\/\/www.capitole-consulting.com\/wp-content\/uploads\/2024\/10\/vacantes.png\" class=\"attachment-full size-full wp-image-5488\" alt=\"Oportunidades de empleo IT\" srcset=\"https:\/\/www.capitole-consulting.com\/wp-content\/uploads\/2024\/10\/vacantes.png 494w, https:\/\/www.capitole-consulting.com\/wp-content\/uploads\/2024\/10\/vacantes-300x279.png 300w\" sizes=\"auto, (max-width: 494px) 100vw, 494px\" \/>\t\t\t\t\t\t\t\t<\/a>\n\t\t\t\t\t\t\t\t\t\t\t\t\t\t\t<\/div>\n\t\t\t\t<\/div>\n\t\t\t\t<\/div>\n\t\t\t\t<\/div>\n\t\t\t\t\t<\/div>\n\t\t\t\t<\/div>\n\t\t<div class=\"elementor-element elementor-element-6fad75f e-flex e-con-boxed e-con e-parent\" data-id=\"6fad75f\" data-element_type=\"container\">\n\t\t\t\t\t<div class=\"e-con-inner\">\n\t\t\t\t<div class=\"elementor-element elementor-element-9eda71c elementor-widget elementor-widget-spacer\" data-id=\"9eda71c\" data-element_type=\"widget\" data-widget_type=\"spacer.default\">\n\t\t\t\t<div class=\"elementor-widget-container\">\n\t\t\t\t\t\t\t<div class=\"elementor-spacer\">\n\t\t\t<div class=\"elementor-spacer-inner\"><\/div>\n\t\t<\/div>\n\t\t\t\t\t\t<\/div>\n\t\t\t\t<\/div>\n\t\t\t\t\t<\/div>\n\t\t\t\t<\/div>\n\t\t<div class=\"elementor-element elementor-element-a9f8215 e-flex e-con-boxed e-con e-parent\" data-id=\"a9f8215\" data-element_type=\"container\" id=\"jobs\">\n\t\t\t\t\t<div class=\"e-con-inner\">\n\t\t\t\t<div class=\"elementor-element elementor-element-9ee7878 title elementor-widget elementor-widget-heading\" data-id=\"9ee7878\" data-element_type=\"widget\" data-widget_type=\"heading.default\">\n\t\t\t\t<div class=\"elementor-widget-container\">\n\t\t\t\t\t<h2 class=\"elementor-heading-title elementor-size-default\"> <span>Descubre la oportunidad que encaja contigo<\/span> <\/h2>\t\t\t\t<\/div>\n\t\t\t\t<\/div>\n\t\t\t\t<div class=\"elementor-element elementor-element-8bda3cb elementor-widget elementor-widget-spacer\" data-id=\"8bda3cb\" data-element_type=\"widget\" data-widget_type=\"spacer.default\">\n\t\t\t\t<div class=\"elementor-widget-container\">\n\t\t\t\t\t\t\t<div class=\"elementor-spacer\">\n\t\t\t<div class=\"elementor-spacer-inner\"><\/div>\n\t\t<\/div>\n\t\t\t\t\t\t<\/div>\n\t\t\t\t<\/div>\n\t\t\t\t\t<\/div>\n\t\t\t\t<\/div>\n\t\t<div class=\"elementor-element elementor-element-5cf9395 e-flex e-con-boxed e-con e-parent\" data-id=\"5cf9395\" data-element_type=\"container\">\n\t\t\t\t\t<div class=\"e-con-inner\">\n\t\t<div class=\"elementor-element elementor-element-add773c e-con-full e-flex e-con e-child\" data-id=\"add773c\" data-element_type=\"container\">\n\t\t\t\t<div class=\"elementor-element elementor-element-d23f830 elementor-widget elementor-widget-html\" data-id=\"d23f830\" data-element_type=\"widget\" data-widget_type=\"html.default\">\n\t\t\t\t<div class=\"elementor-widget-container\">\n\t\t\t\t\t<div data-url-embed=\"https:\/\/capitole.plusats.com\/\" >\r\n<\/div>\t\t\t\t<\/div>\n\t\t\t\t<\/div>\n\t\t\t\t<\/div>\n\t\t<div class=\"elementor-element elementor-element-f1acdab e-con-full e-flex e-con e-child\" data-id=\"f1acdab\" data-element_type=\"container\">\n\t\t\t\t<\/div>\n\t\t\t\t\t<\/div>\n\t\t\t\t<\/div>\n\t\t<div class=\"elementor-element elementor-element-d57e8cf e-flex e-con-boxed e-con e-parent\" data-id=\"d57e8cf\" data-element_type=\"container\">\n\t\t\t\t\t<div class=\"e-con-inner\">\n\t\t\t\t<div class=\"elementor-element elementor-element-795200e elementor-widget elementor-widget-spacer\" data-id=\"795200e\" data-element_type=\"widget\" data-widget_type=\"spacer.default\">\n\t\t\t\t<div class=\"elementor-widget-container\">\n\t\t\t\t\t\t\t<div class=\"elementor-spacer\">\n\t\t\t<div class=\"elementor-spacer-inner\"><\/div>\n\t\t<\/div>\n\t\t\t\t\t\t<\/div>\n\t\t\t\t<\/div>\n\t\t\t\t\t<\/div>\n\t\t\t\t<\/div>\n\t\t\t\t<\/div>\n\t\t","protected":false},"excerpt":{"rendered":"<p>\u00danete al futuro \u200bde la Tecnolog\u00eda Capitole est\u00e1 revolucionando el futuro de la tecnolog\u00eda porque creemos firmemente en el poder transformador de la innovaci\u00f3n y el talento. Si eres apasionado, innovador y buscas un lugar donde puedas desarrollar todo tu potencial, Capitole es el lugar para ti. Descubre la oportunidad que encaja contigo<\/p>\n","protected":false},"author":1,"featured_media":0,"parent":0,"menu_order":0,"comment_status":"closed","ping_status":"closed","template":"elementor_header_footer","meta":{"_acf_changed":false,"footnotes":""},"tags":[],"class_list":["post-10417","page","type-page","status-publish"],"acf":[],"yoast_head":"<!-- This site is optimized with the Yoast SEO plugin v25.4 - https:\/\/yoast.com\/wordpress\/plugins\/seo\/ -->\n<title>Ofertas de empleo IT - Capitole<\/title>\n<meta name=\"description\" content=\"Descubre las mejores ofertas de empleo IT y da un paso hacia el futuro. Impulsa tu carrera con oportunidades de innovaci\u00f3n y desarrollo.\" \/>\n<meta name=\"robots\" content=\"index, follow, max-snippet:-1, max-image-preview:large, max-video-preview:-1\" \/>\n<link rel=\"canonical\" href=\"https:\/\/www.capitole-consulting.com\/es\/oportunidades-empleo-it\/\" \/>\n<meta property=\"og:locale\" content=\"es_ES\" \/>\n<meta property=\"og:type\" content=\"article\" \/>\n<meta property=\"og:title\" content=\"Ofertas de empleo IT - Capitole\" \/>\n<meta property=\"og:description\" content=\"Descubre las mejores ofertas de empleo IT y da un paso hacia el futuro. Impulsa tu carrera con oportunidades de innovaci\u00f3n y desarrollo.\" \/>\n<meta property=\"og:url\" content=\"https:\/\/www.capitole-consulting.com\/es\/oportunidades-empleo-it\/\" \/>\n<meta property=\"og:site_name\" content=\"Capitole\" \/>\n<meta property=\"article:publisher\" content=\"https:\/\/www.linkedin.com\/company\/capitole-consulting\/\" \/>\n<meta property=\"article:modified_time\" content=\"2025-07-22T05:49:06+00:00\" \/>\n<meta property=\"og:image\" content=\"https:\/\/www.capitole-consulting.com\/wp-content\/uploads\/2025\/01\/site-image.png\" \/>\n\t<meta property=\"og:image:width\" content=\"1200\" \/>\n\t<meta property=\"og:image:height\" content=\"675\" \/>\n\t<meta property=\"og:image:type\" content=\"image\/png\" \/>\n<meta name=\"twitter:card\" content=\"summary_large_image\" \/>\n<meta name=\"twitter:site\" content=\"@capitolecons\" \/>\n<meta name=\"twitter:label1\" content=\"Tiempo de lectura\" \/>\n\t<meta name=\"twitter:data1\" content=\"1 minuto\" \/>\n<script type=\"application\/ld+json\" class=\"yoast-schema-graph\">{\"@context\":\"https:\/\/schema.org\",\"@graph\":[{\"@type\":\"WebPage\",\"@id\":\"https:\/\/www.capitole-consulting.com\/es\/oportunidades-empleo-it\/\",\"url\":\"https:\/\/www.capitole-consulting.com\/es\/oportunidades-empleo-it\/\",\"name\":\"Ofertas de empleo IT - Capitole\",\"isPartOf\":{\"@id\":\"https:\/\/www.capitole-consulting.com\/es\/#website\"},\"datePublished\":\"2024-11-12T12:11:54+00:00\",\"dateModified\":\"2025-07-22T05:49:06+00:00\",\"description\":\"Descubre las mejores ofertas de empleo IT y da un paso hacia el futuro. Impulsa tu carrera con oportunidades de innovaci\u00f3n y desarrollo.\",\"breadcrumb\":{\"@id\":\"https:\/\/www.capitole-consulting.com\/es\/oportunidades-empleo-it\/#breadcrumb\"},\"inLanguage\":\"es\",\"potentialAction\":[{\"@type\":\"ReadAction\",\"target\":[\"https:\/\/www.capitole-consulting.com\/es\/oportunidades-empleo-it\/\"]}]},{\"@type\":\"BreadcrumbList\",\"@id\":\"https:\/\/www.capitole-consulting.com\/es\/oportunidades-empleo-it\/#breadcrumb\",\"itemListElement\":[{\"@type\":\"ListItem\",\"position\":1,\"name\":\"Home\",\"item\":\"https:\/\/www.capitole-consulting.com\/es\/\"},{\"@type\":\"ListItem\",\"position\":2,\"name\":\"Ofertas de empleo IT\"}]},{\"@type\":\"WebSite\",\"@id\":\"https:\/\/www.capitole-consulting.com\/es\/#website\",\"url\":\"https:\/\/www.capitole-consulting.com\/es\/\",\"name\":\"Capitole Consulting\",\"description\":\"\",\"publisher\":{\"@id\":\"https:\/\/www.capitole-consulting.com\/es\/#organization\"},\"potentialAction\":[{\"@type\":\"SearchAction\",\"target\":{\"@type\":\"EntryPoint\",\"urlTemplate\":\"https:\/\/www.capitole-consulting.com\/es\/?s={search_term_string}\"},\"query-input\":{\"@type\":\"PropertyValueSpecification\",\"valueRequired\":true,\"valueName\":\"search_term_string\"}}],\"inLanguage\":\"es\"},{\"@type\":\"Organization\",\"@id\":\"https:\/\/www.capitole-consulting.com\/es\/#organization\",\"name\":\"Capitole Consulting\",\"url\":\"https:\/\/www.capitole-consulting.com\/es\/\",\"logo\":{\"@type\":\"ImageObject\",\"inLanguage\":\"es\",\"@id\":\"https:\/\/www.capitole-consulting.com\/es\/#\/schema\/logo\/image\/\",\"url\":\"https:\/\/www.capitole-consulting.com\/wp-content\/uploads\/2025\/01\/logo.png\",\"contentUrl\":\"https:\/\/www.capitole-consulting.com\/wp-content\/uploads\/2025\/01\/logo.png\",\"width\":800,\"height\":800,\"caption\":\"Capitole Consulting\"},\"image\":{\"@id\":\"https:\/\/www.capitole-consulting.com\/es\/#\/schema\/logo\/image\/\"},\"sameAs\":[\"https:\/\/www.linkedin.com\/company\/capitole-consulting\/\",\"https:\/\/x.com\/capitolecons\",\"https:\/\/www.youtube.com\/@capitoleconsulting\"]}]}<\/script>\n<!-- \/ Yoast SEO plugin. -->","yoast_head_json":{"title":"Ofertas de empleo IT - Capitole","description":"Descubre las mejores ofertas de empleo IT y da un paso hacia el futuro. Impulsa tu carrera con oportunidades de innovaci\u00f3n y desarrollo.","robots":{"index":"index","follow":"follow","max-snippet":"max-snippet:-1","max-image-preview":"max-image-preview:large","max-video-preview":"max-video-preview:-1"},"canonical":"https:\/\/www.capitole-consulting.com\/es\/oportunidades-empleo-it\/","og_locale":"es_ES","og_type":"article","og_title":"Ofertas de empleo IT - Capitole","og_description":"Descubre las mejores ofertas de empleo IT y da un paso hacia el futuro. Impulsa tu carrera con oportunidades de innovaci\u00f3n y desarrollo.","og_url":"https:\/\/www.capitole-consulting.com\/es\/oportunidades-empleo-it\/","og_site_name":"Capitole","article_publisher":"https:\/\/www.linkedin.com\/company\/capitole-consulting\/","article_modified_time":"2025-07-22T05:49:06+00:00","og_image":[{"width":1200,"height":675,"url":"https:\/\/www.capitole-consulting.com\/wp-content\/uploads\/2025\/01\/site-image.png","type":"image\/png"}],"twitter_card":"summary_large_image","twitter_site":"@capitolecons","twitter_misc":{"Tiempo de lectura":"1 minuto"},"schema":{"@context":"https:\/\/schema.org","@graph":[{"@type":"WebPage","@id":"https:\/\/www.capitole-consulting.com\/es\/oportunidades-empleo-it\/","url":"https:\/\/www.capitole-consulting.com\/es\/oportunidades-empleo-it\/","name":"Ofertas de empleo IT - Capitole","isPartOf":{"@id":"https:\/\/www.capitole-consulting.com\/es\/#website"},"datePublished":"2024-11-12T12:11:54+00:00","dateModified":"2025-07-22T05:49:06+00:00","description":"Descubre las mejores ofertas de empleo IT y da un paso hacia el futuro. Impulsa tu carrera con oportunidades de innovaci\u00f3n y desarrollo.","breadcrumb":{"@id":"https:\/\/www.capitole-consulting.com\/es\/oportunidades-empleo-it\/#breadcrumb"},"inLanguage":"es","potentialAction":[{"@type":"ReadAction","target":["https:\/\/www.capitole-consulting.com\/es\/oportunidades-empleo-it\/"]}]},{"@type":"BreadcrumbList","@id":"https:\/\/www.capitole-consulting.com\/es\/oportunidades-empleo-it\/#breadcrumb","itemListElement":[{"@type":"ListItem","position":1,"name":"Home","item":"https:\/\/www.capitole-consulting.com\/es\/"},{"@type":"ListItem","position":2,"name":"Ofertas de empleo IT"}]},{"@type":"WebSite","@id":"https:\/\/www.capitole-consulting.com\/es\/#website","url":"https:\/\/www.capitole-consulting.com\/es\/","name":"Capitole Consulting","description":"","publisher":{"@id":"https:\/\/www.capitole-consulting.com\/es\/#organization"},"potentialAction":[{"@type":"SearchAction","target":{"@type":"EntryPoint","urlTemplate":"https:\/\/www.capitole-consulting.com\/es\/?s={search_term_string}"},"query-input":{"@type":"PropertyValueSpecification","valueRequired":true,"valueName":"search_term_string"}}],"inLanguage":"es"},{"@type":"Organization","@id":"https:\/\/www.capitole-consulting.com\/es\/#organization","name":"Capitole Consulting","url":"https:\/\/www.capitole-consulting.com\/es\/","logo":{"@type":"ImageObject","inLanguage":"es","@id":"https:\/\/www.capitole-consulting.com\/es\/#\/schema\/logo\/image\/","url":"https:\/\/www.capitole-consulting.com\/wp-content\/uploads\/2025\/01\/logo.png","contentUrl":"https:\/\/www.capitole-consulting.com\/wp-content\/uploads\/2025\/01\/logo.png","width":800,"height":800,"caption":"Capitole Consulting"},"image":{"@id":"https:\/\/www.capitole-consulting.com\/es\/#\/schema\/logo\/image\/"},"sameAs":["https:\/\/www.linkedin.com\/company\/capitole-consulting\/","https:\/\/x.com\/capitolecons","https:\/\/www.youtube.com\/@capitoleconsulting"]}]}},"_links":{"self":[{"href":"https:\/\/www.capitole-consulting.com\/es\/wp-json\/wp\/v2\/pages\/10417","targetHints":{"allow":["GET"]}}],"collection":[{"href":"https:\/\/www.capitole-consulting.com\/es\/wp-json\/wp\/v2\/pages"}],"about":[{"href":"https:\/\/www.capitole-consulting.com\/es\/wp-json\/wp\/v2\/types\/page"}],"author":[{"embeddable":true,"href":"https:\/\/www.capitole-consulting.com\/es\/wp-json\/wp\/v2\/users\/1"}],"replies":[{"embeddable":true,"href":"https:\/\/www.capitole-consulting.com\/es\/wp-json\/wp\/v2\/comments?post=10417"}],"version-history":[{"count":0,"href":"https:\/\/www.capitole-consulting.com\/es\/wp-json\/wp\/v2\/pages\/10417\/revisions"}],"wp:attachment":[{"href":"https:\/\/www.capitole-consulting.com\/es\/wp-json\/wp\/v2\/media?parent=10417"}],"wp:term":[{"taxonomy":"post_tag","embeddable":true,"href":"https:\/\/www.capitole-consulting.com\/es\/wp-json\/wp\/v2\/tags?post=10417"}],"curies":[{"name":"wp","href":"https:\/\/api.w.org\/{rel}","templated":true}]}}