{"id":10248,"date":"2024-10-17T09:22:07","date_gmt":"2024-10-17T09:22:07","guid":{"rendered":"https:\/\/capitole-web-app-service-hvcegmd5ejaagmd7.northeurope-01.azurewebsites.net\/politica-de-privacidad\/"},"modified":"2025-07-22T05:43:34","modified_gmt":"2025-07-22T05:43:34","slug":"politica-de-privacidad","status":"publish","type":"page","link":"https:\/\/www.capitole-consulting.com\/es\/politica-de-privacidad\/","title":{"rendered":"Pol\u00edtica de Privacidad"},"content":{"rendered":"\t\t<div data-elementor-type=\"wp-page\" data-elementor-id=\"10248\" class=\"elementor elementor-10248 elementor-2083\" data-elementor-post-type=\"page\">\n\t\t\t\t<div class=\"elementor-element elementor-element-3634ba7 e-flex e-con-boxed e-con e-parent\" data-id=\"3634ba7\" data-element_type=\"container\">\n\t\t\t\t\t<div class=\"e-con-inner\">\n\t\t<div class=\"elementor-element elementor-element-59929a9 e-con-full e-flex e-con e-child\" data-id=\"59929a9\" data-element_type=\"container\">\n\t\t\t\t<div class=\"elementor-element elementor-element-69d4462 elementor-widget elementor-widget-heading\" data-id=\"69d4462\" data-element_type=\"widget\" data-widget_type=\"heading.default\">\n\t\t\t\t<div class=\"elementor-widget-container\">\n\t\t\t\t\t<h1 class=\"elementor-heading-title elementor-size-default\">Pol\u00edtica de Privacidad<\/h1>\t\t\t\t<\/div>\n\t\t\t\t<\/div>\n\t\t<div class=\"elementor-element elementor-element-0165266 e-con-full e-flex e-con e-child\" data-id=\"0165266\" data-element_type=\"container\" data-settings=\"{&quot;background_background&quot;:&quot;classic&quot;}\">\n\t\t\t\t<\/div>\n\t\t\t\t<div class=\"elementor-element elementor-element-e191331 elementor-widget elementor-widget-spacer\" data-id=\"e191331\" data-element_type=\"widget\" data-widget_type=\"spacer.default\">\n\t\t\t\t<div class=\"elementor-widget-container\">\n\t\t\t\t\t\t\t<div class=\"elementor-spacer\">\n\t\t\t<div class=\"elementor-spacer-inner\"><\/div>\n\t\t<\/div>\n\t\t\t\t\t\t<\/div>\n\t\t\t\t<\/div>\n\t\t\t\t<div class=\"elementor-element elementor-element-0017ec2 elementor-widget elementor-widget-text-editor\" data-id=\"0017ec2\" data-element_type=\"widget\" data-widget_type=\"text-editor.default\">\n\t\t\t\t<div class=\"elementor-widget-container\">\n\t\t\t\t\t\t\t\t\t<strong>Responsable del Tratamiento\u00a0<\/strong><br>Capitole Consulting, S.L.<br>Carrer Balmes 89, 7a planta<br>08008, Barcelona, Espa\u00f1a<br>Correo electr\u00f3nico: contact@capitole-consulting.com<br><br><strong>Pol\u00edtica de Privacidad\u00a0<\/strong><br>Capitole Consulting valora la privacidad individual y queremos dar a los visitantes de nuestro sitio la oportunidad de saber qu\u00e9 informaci\u00f3n recopilamos, utilizamos y protegemos sus datos personales, cumpliendo con la LSSI-CE y el RGPD.<br><br>La visita a este sitio web no supone que el usuario est\u00e9 obligado a facilitar ninguna informaci\u00f3n propia, no obstante, durante la visita es posible que se soliciten datos personales a trav\u00e9s de formularios.<br><br>Estos datos ser\u00e1n incorporados a un fichero responsabilidad de CAPITOLE CONSULTING, S.L. y ser\u00e1n utilizados con la finalidad de responder a las consultas o solicitudes realizadas por usted, para enviarle informaci\u00f3n sobre nuestra empresa y servicios por cualquier medio de comunicaci\u00f3n, procesar las solicitudes de empleo para gestionar el proceso de selecci\u00f3n, as\u00ed como realizar marketing directo, siempre que haya dado su consentimiento en el formulario correspondiente. el interesado autoriza a Capitole Consulting a ceder sus datos a las empresas asociadas o colaboradoras con las cuales existen contratos de prestaci\u00f3n de servicios relacionados con la actividad, como estipula la normativa vigente en los art\u00edculos 10, 11 y 12 del RGPD, con la finalidad de prestar un adecuado servicio en base a las peticiones realizadas por usted. Al enviarnos dicho formulario, usted est\u00e1 aceptando expl\u00edcitamente la recepci\u00f3n y tratamiento de los mismos para las finalidades expresadas. Estos datos se cancelar\u00e1n a petici\u00f3n suya o una vez satisfecha la finalidad para la que fueron recogidos.<br><br><strong>Informaci\u00f3n que recopilamos sobre los usuarios:\u00a0<\/strong><br>Informaci\u00f3n recopilada autom\u00e1ticamente cuando usted visita nuestro sitio:<br><br>Al navegar por nuestro sitio web, Capitole Consulting recopilar\u00e1 y almacenar\u00e1 la direcci\u00f3n del protocolo de Internet (IP) de su dispositivo y la direcci\u00f3n de Internet del sitio desde el que ha accedido directamente a nuestro sitio. Tambi\u00e9n, las cookies t\u00e9cnicas estrictamente necesarias y cookies opcionales que podr\u00e1 configurar a trav\u00e9s del banner de cookies o de la configuraci\u00f3n de su navegador.<br><br>Capitole Consulting tambi\u00e9n recoger\u00e1 y almacenar\u00e1 cookies. Las cookies son archivos de texto que se colocan en el navegador de su ordenador para almacenar ciertas preferencias e informaci\u00f3n, que pueden mejorar su experiencia de navegaci\u00f3n en nuestro sitio web. Las cookies pueden utilizarse para personalizar su experiencia en el sitio web. Capitole Consulting no utiliza las cookies para rastrear o recoger informaci\u00f3n de identificaci\u00f3n personal de los usuarios del sitio web. Si lo desea, las instrucciones de su navegador le permitir\u00e1n realizar ciertos ajustes en su ordenador para avisarle antes de que se almacene una Cookie, bloquear todas las Cookies o borrar las Cookies de su disco duro.<br><br><strong>La informaci\u00f3n se recoge cuando usted se identifica voluntariamente y proporciona la informaci\u00f3n solicitada:\u00a0<\/strong><br>Usted puede optar por escribirnos, o rellenar ciertos formularios o solicitudes de datos en l\u00ednea, que proporcionan su nombre, n\u00famero de tel\u00e9fono, direcci\u00f3n de correo electr\u00f3nico, detalles profesionales de trabajo e informaci\u00f3n relacionada.<br><br><strong>Finales de uso de sus datos personales y base jur\u00eddica\u00a0<\/strong><br>Capitole Consulting utiliza la informaci\u00f3n recogida de usted para:<br><ul>\r\n \t<li>Responder a sus consultas y solicitudes.<\/li>\r\n \t<li>Considerar su petici\u00f3n o solicitud.<\/li>\r\n \t<li>Enviarle informaci\u00f3n adecuada sobre noticias, eventos, ofertas de trabajo e informaci\u00f3n relacionada a la que se ha suscrito.<\/li>\r\n \t<li>Para fines de marketing directo, incluyendo el env\u00edo de boletines informativos, alertas a clientes, clientes\/proveedores potenciales, e informaci\u00f3n que creemos que puede interesarle.<\/li>\r\n<\/ul><br>Tenemos derecho a utilizar sus datos personales en funci\u00f3n de<br><ul><br> \t<li>Nuestro inter\u00e9s leg\u00edtimo, por ejemplo, para la investigaci\u00f3n y el desarrollo, para comercializar y promocionar nuestros servicios, para proteger nuestros derechos e intereses legales, en la medida en que sus intereses o sus derechos fundamentales no queden anulados.<\/li><br><li>Su consentimiento para hacerlo con una finalidad espec\u00edfica.<\/li><br><li>Tratar sus datos para cumplir con una obligaci\u00f3n legal.<\/li><br><br><strong>Conservaci\u00f3n de sus datos personales\u00a0<\/strong><br>Capitole Consulting conservar\u00e1 su informaci\u00f3n personal durante el tiempo que sea necesario para cumplir con los fines para los que fue recopilada o seg\u00fan sea necesario para cumplir con nuestras obligaciones legales, resolver disputas y mantener los registros comerciales adecuados. Una vez cumplida la finalidad, su informaci\u00f3n personal se retendr\u00e1 bloqueada por la posibilidad de requerimientos legales y gubernamentales y hasta que su estado de prescripci\u00f3n se haya agotado.<br><br><strong>Divulgaci\u00f3n de informaci\u00f3n personal\u00a0<\/strong><br>Capitole Consulting se reserva el derecho a revelar informaci\u00f3n cuando as\u00ed lo exija la ley o para cumplir con un proceso legal v\u00e1lido (como una orden de registro, citaci\u00f3n u orden judicial), as\u00ed como para proteger nuestros derechos o propiedades, incluyendo, sin limitaci\u00f3n, en el caso de una transferencia de control de Capitole Consulting o de la pr\u00e1ctica totalidad de sus activos, o durante emergencias en las que la seguridad est\u00e9 en riesgo.<br><br><strong>Donde se almacenan sus datos personales y cu\u00e1les son sus derechos de accesos\u00a0<\/strong><br><strong>Almacenamiento de la informaci\u00f3n\u00a0<\/strong><br>Toda la informaci\u00f3n recopilada por Capitole Consulting a trav\u00e9s del sitio web se almacena en servidores seguros, para protegerla contra el uso y el acceso no autorizados, p\u00e9rdida o destrucci\u00f3n. No realizamos transferencias internacionales de sus datos personales. En caso de que esto cambie, se le informar\u00e1 y se garantizar\u00e1 que se cumplan las medidas de seguridad adecuadas.<br><br><strong>Derechos del Usuario\u00a0<\/strong><br>Usted puede ejercer sus derechos de acceso, rectificaci\u00f3n, supresi\u00f3n, restricci\u00f3n, oposici\u00f3n, limitaci\u00f3n, portabilidad de la informaci\u00f3n personal, y\/o retirada del consentimiento en relaci\u00f3n con su informaci\u00f3n personal que se almacena en nuestro servidor por correo electr\u00f3nico a la siguiente direcci\u00f3n:\u202fcontact@capitole-consulting.com<br><br><strong>Cont\u00e1ctenos\u00a0<\/strong><br>Si tiene preguntas o dudas sobre el tratamiento de sus datos personales o sobre esta pol\u00edtica, env\u00edenos un correo electr\u00f3nico a\u202fcontact@capitole-consulting.com\u202fo p\u00f3ngase en contacto con Capitole Consulting utilizando la informaci\u00f3n de contacto que aparece a continuaci\u00f3n:<br>Capitole Consulting, S.L.<br>Carrer Balmes 89, 7a planta<br>08008, Barcelona, Espa\u00f1a\t\t\t\t\t\t\t\t<\/div>\n\t\t\t\t<\/div>\n\t\t\t\t<\/div>\n\t\t\t\t\t<\/div>\n\t\t\t\t<\/div>\n\t\t<div class=\"elementor-element elementor-element-78cde9c e-flex e-con-boxed e-con e-parent\" data-id=\"78cde9c\" data-element_type=\"container\">\n\t\t\t\t\t<div class=\"e-con-inner\">\n\t\t\t\t<div class=\"elementor-element elementor-element-4f94117 elementor-widget elementor-widget-spacer\" data-id=\"4f94117\" data-element_type=\"widget\" data-widget_type=\"spacer.default\">\n\t\t\t\t<div class=\"elementor-widget-container\">\n\t\t\t\t\t\t\t<div class=\"elementor-spacer\">\n\t\t\t<div class=\"elementor-spacer-inner\"><\/div>\n\t\t<\/div>\n\t\t\t\t\t\t<\/div>\n\t\t\t\t<\/div>\n\t\t\t\t\t<\/div>\n\t\t\t\t<\/div>\n\t\t\t\t<\/div>\n\t\t","protected":false},"excerpt":{"rendered":"<p>Pol\u00edtica de Privacidad Responsable del Tratamiento\u00a0Capitole Consulting, S.L.Carrer Balmes 89, 7a planta08008, Barcelona, Espa\u00f1aCorreo electr\u00f3nico: contact@capitole-consulting.com Pol\u00edtica de Privacidad\u00a0Capitole Consulting valora la privacidad individual y queremos dar a los visitantes de nuestro sitio la oportunidad de saber qu\u00e9 informaci\u00f3n recopilamos, utilizamos y protegemos sus datos personales, cumpliendo con la LSSI-CE y el RGPD. La visita &#8230; <a title=\"Pol\u00edtica de Privacidad\" class=\"read-more\" href=\"https:\/\/www.capitole-consulting.com\/es\/politica-de-privacidad\/\" aria-label=\"Leer m\u00e1s sobre Pol\u00edtica de Privacidad\">Leer m\u00e1s<\/a><\/p>\n","protected":false},"author":1,"featured_media":0,"parent":0,"menu_order":0,"comment_status":"closed","ping_status":"closed","template":"elementor_header_footer","meta":{"_acf_changed":false,"footnotes":""},"tags":[],"class_list":["post-10248","page","type-page","status-publish"],"acf":[],"yoast_head":"<!-- This site is optimized with the Yoast SEO plugin v25.4 - https:\/\/yoast.com\/wordpress\/plugins\/seo\/ -->\n<title>Capitole | Pol\u00edtica de Privacidad<\/title>\n<meta name=\"robots\" content=\"index, follow, max-snippet:-1, max-image-preview:large, max-video-preview:-1\" \/>\n<link rel=\"canonical\" href=\"https:\/\/www.capitole-consulting.com\/es\/politica-de-privacidad\/\" \/>\n<meta property=\"og:locale\" content=\"es_ES\" \/>\n<meta property=\"og:type\" content=\"article\" \/>\n<meta property=\"og:title\" content=\"Capitole | Pol\u00edtica de Privacidad\" \/>\n<meta property=\"og:description\" content=\"Pol\u00edtica de Privacidad Responsable del Tratamiento\u00a0Capitole Consulting, S.L.Carrer Balmes 89, 7a planta08008, Barcelona, Espa\u00f1aCorreo electr\u00f3nico: contact@capitole-consulting.com Pol\u00edtica de Privacidad\u00a0Capitole Consulting valora la privacidad individual y queremos dar a los visitantes de nuestro sitio la oportunidad de saber qu\u00e9 informaci\u00f3n recopilamos, utilizamos y protegemos sus datos personales, cumpliendo con la LSSI-CE y el RGPD. La visita ... Leer m\u00e1s\" \/>\n<meta property=\"og:url\" content=\"https:\/\/www.capitole-consulting.com\/es\/politica-de-privacidad\/\" \/>\n<meta property=\"og:site_name\" content=\"Capitole\" \/>\n<meta property=\"article:publisher\" content=\"https:\/\/www.linkedin.com\/company\/capitole-consulting\/\" \/>\n<meta property=\"article:modified_time\" content=\"2025-07-22T05:43:34+00:00\" \/>\n<meta property=\"og:image\" content=\"https:\/\/www.capitole-consulting.com\/wp-content\/uploads\/2025\/01\/site-image.png\" \/>\n\t<meta property=\"og:image:width\" content=\"1200\" \/>\n\t<meta property=\"og:image:height\" content=\"675\" \/>\n\t<meta property=\"og:image:type\" content=\"image\/png\" \/>\n<meta name=\"twitter:card\" content=\"summary_large_image\" \/>\n<meta name=\"twitter:site\" content=\"@capitolecons\" \/>\n<meta name=\"twitter:label1\" content=\"Tiempo de lectura\" \/>\n\t<meta name=\"twitter:data1\" content=\"6 minutos\" \/>\n<script type=\"application\/ld+json\" class=\"yoast-schema-graph\">{\"@context\":\"https:\/\/schema.org\",\"@graph\":[{\"@type\":\"WebPage\",\"@id\":\"https:\/\/www.capitole-consulting.com\/es\/politica-de-privacidad\/\",\"url\":\"https:\/\/www.capitole-consulting.com\/es\/politica-de-privacidad\/\",\"name\":\"Capitole | Pol\u00edtica de Privacidad\",\"isPartOf\":{\"@id\":\"https:\/\/www.capitole-consulting.com\/es\/#website\"},\"datePublished\":\"2024-10-17T09:22:07+00:00\",\"dateModified\":\"2025-07-22T05:43:34+00:00\",\"breadcrumb\":{\"@id\":\"https:\/\/www.capitole-consulting.com\/es\/politica-de-privacidad\/#breadcrumb\"},\"inLanguage\":\"es\",\"potentialAction\":[{\"@type\":\"ReadAction\",\"target\":[\"https:\/\/www.capitole-consulting.com\/es\/politica-de-privacidad\/\"]}]},{\"@type\":\"BreadcrumbList\",\"@id\":\"https:\/\/www.capitole-consulting.com\/es\/politica-de-privacidad\/#breadcrumb\",\"itemListElement\":[{\"@type\":\"ListItem\",\"position\":1,\"name\":\"Home\",\"item\":\"https:\/\/www.capitole-consulting.com\/es\/\"},{\"@type\":\"ListItem\",\"position\":2,\"name\":\"Pol\u00edtica de Privacidad\"}]},{\"@type\":\"WebSite\",\"@id\":\"https:\/\/www.capitole-consulting.com\/es\/#website\",\"url\":\"https:\/\/www.capitole-consulting.com\/es\/\",\"name\":\"Capitole Consulting\",\"description\":\"\",\"publisher\":{\"@id\":\"https:\/\/www.capitole-consulting.com\/es\/#organization\"},\"potentialAction\":[{\"@type\":\"SearchAction\",\"target\":{\"@type\":\"EntryPoint\",\"urlTemplate\":\"https:\/\/www.capitole-consulting.com\/es\/?s={search_term_string}\"},\"query-input\":{\"@type\":\"PropertyValueSpecification\",\"valueRequired\":true,\"valueName\":\"search_term_string\"}}],\"inLanguage\":\"es\"},{\"@type\":\"Organization\",\"@id\":\"https:\/\/www.capitole-consulting.com\/es\/#organization\",\"name\":\"Capitole Consulting\",\"url\":\"https:\/\/www.capitole-consulting.com\/es\/\",\"logo\":{\"@type\":\"ImageObject\",\"inLanguage\":\"es\",\"@id\":\"https:\/\/www.capitole-consulting.com\/es\/#\/schema\/logo\/image\/\",\"url\":\"https:\/\/www.capitole-consulting.com\/wp-content\/uploads\/2025\/01\/logo.png\",\"contentUrl\":\"https:\/\/www.capitole-consulting.com\/wp-content\/uploads\/2025\/01\/logo.png\",\"width\":800,\"height\":800,\"caption\":\"Capitole Consulting\"},\"image\":{\"@id\":\"https:\/\/www.capitole-consulting.com\/es\/#\/schema\/logo\/image\/\"},\"sameAs\":[\"https:\/\/www.linkedin.com\/company\/capitole-consulting\/\",\"https:\/\/x.com\/capitolecons\",\"https:\/\/www.youtube.com\/@capitoleconsulting\"]}]}<\/script>\n<!-- \/ Yoast SEO plugin. -->","yoast_head_json":{"title":"Capitole | Pol\u00edtica de Privacidad","robots":{"index":"index","follow":"follow","max-snippet":"max-snippet:-1","max-image-preview":"max-image-preview:large","max-video-preview":"max-video-preview:-1"},"canonical":"https:\/\/www.capitole-consulting.com\/es\/politica-de-privacidad\/","og_locale":"es_ES","og_type":"article","og_title":"Capitole | Pol\u00edtica de Privacidad","og_description":"Pol\u00edtica de Privacidad Responsable del Tratamiento\u00a0Capitole Consulting, S.L.Carrer Balmes 89, 7a planta08008, Barcelona, Espa\u00f1aCorreo electr\u00f3nico: contact@capitole-consulting.com Pol\u00edtica de Privacidad\u00a0Capitole Consulting valora la privacidad individual y queremos dar a los visitantes de nuestro sitio la oportunidad de saber qu\u00e9 informaci\u00f3n recopilamos, utilizamos y protegemos sus datos personales, cumpliendo con la LSSI-CE y el RGPD. La visita ... Leer m\u00e1s","og_url":"https:\/\/www.capitole-consulting.com\/es\/politica-de-privacidad\/","og_site_name":"Capitole","article_publisher":"https:\/\/www.linkedin.com\/company\/capitole-consulting\/","article_modified_time":"2025-07-22T05:43:34+00:00","og_image":[{"width":1200,"height":675,"url":"https:\/\/www.capitole-consulting.com\/wp-content\/uploads\/2025\/01\/site-image.png","type":"image\/png"}],"twitter_card":"summary_large_image","twitter_site":"@capitolecons","twitter_misc":{"Tiempo de lectura":"6 minutos"},"schema":{"@context":"https:\/\/schema.org","@graph":[{"@type":"WebPage","@id":"https:\/\/www.capitole-consulting.com\/es\/politica-de-privacidad\/","url":"https:\/\/www.capitole-consulting.com\/es\/politica-de-privacidad\/","name":"Capitole | Pol\u00edtica de Privacidad","isPartOf":{"@id":"https:\/\/www.capitole-consulting.com\/es\/#website"},"datePublished":"2024-10-17T09:22:07+00:00","dateModified":"2025-07-22T05:43:34+00:00","breadcrumb":{"@id":"https:\/\/www.capitole-consulting.com\/es\/politica-de-privacidad\/#breadcrumb"},"inLanguage":"es","potentialAction":[{"@type":"ReadAction","target":["https:\/\/www.capitole-consulting.com\/es\/politica-de-privacidad\/"]}]},{"@type":"BreadcrumbList","@id":"https:\/\/www.capitole-consulting.com\/es\/politica-de-privacidad\/#breadcrumb","itemListElement":[{"@type":"ListItem","position":1,"name":"Home","item":"https:\/\/www.capitole-consulting.com\/es\/"},{"@type":"ListItem","position":2,"name":"Pol\u00edtica de Privacidad"}]},{"@type":"WebSite","@id":"https:\/\/www.capitole-consulting.com\/es\/#website","url":"https:\/\/www.capitole-consulting.com\/es\/","name":"Capitole Consulting","description":"","publisher":{"@id":"https:\/\/www.capitole-consulting.com\/es\/#organization"},"potentialAction":[{"@type":"SearchAction","target":{"@type":"EntryPoint","urlTemplate":"https:\/\/www.capitole-consulting.com\/es\/?s={search_term_string}"},"query-input":{"@type":"PropertyValueSpecification","valueRequired":true,"valueName":"search_term_string"}}],"inLanguage":"es"},{"@type":"Organization","@id":"https:\/\/www.capitole-consulting.com\/es\/#organization","name":"Capitole Consulting","url":"https:\/\/www.capitole-consulting.com\/es\/","logo":{"@type":"ImageObject","inLanguage":"es","@id":"https:\/\/www.capitole-consulting.com\/es\/#\/schema\/logo\/image\/","url":"https:\/\/www.capitole-consulting.com\/wp-content\/uploads\/2025\/01\/logo.png","contentUrl":"https:\/\/www.capitole-consulting.com\/wp-content\/uploads\/2025\/01\/logo.png","width":800,"height":800,"caption":"Capitole Consulting"},"image":{"@id":"https:\/\/www.capitole-consulting.com\/es\/#\/schema\/logo\/image\/"},"sameAs":["https:\/\/www.linkedin.com\/company\/capitole-consulting\/","https:\/\/x.com\/capitolecons","https:\/\/www.youtube.com\/@capitoleconsulting"]}]}},"_links":{"self":[{"href":"https:\/\/www.capitole-consulting.com\/es\/wp-json\/wp\/v2\/pages\/10248","targetHints":{"allow":["GET"]}}],"collection":[{"href":"https:\/\/www.capitole-consulting.com\/es\/wp-json\/wp\/v2\/pages"}],"about":[{"href":"https:\/\/www.capitole-consulting.com\/es\/wp-json\/wp\/v2\/types\/page"}],"author":[{"embeddable":true,"href":"https:\/\/www.capitole-consulting.com\/es\/wp-json\/wp\/v2\/users\/1"}],"replies":[{"embeddable":true,"href":"https:\/\/www.capitole-consulting.com\/es\/wp-json\/wp\/v2\/comments?post=10248"}],"version-history":[{"count":0,"href":"https:\/\/www.capitole-consulting.com\/es\/wp-json\/wp\/v2\/pages\/10248\/revisions"}],"wp:attachment":[{"href":"https:\/\/www.capitole-consulting.com\/es\/wp-json\/wp\/v2\/media?parent=10248"}],"wp:term":[{"taxonomy":"post_tag","embeddable":true,"href":"https:\/\/www.capitole-consulting.com\/es\/wp-json\/wp\/v2\/tags?post=10248"}],"curies":[{"name":"wp","href":"https:\/\/api.w.org\/{rel}","templated":true}]}}