{"id":10216,"date":"2025-01-02T09:55:41","date_gmt":"2025-01-02T09:55:41","guid":{"rendered":"https:\/\/capitole-web-app-service-hvcegmd5ejaagmd7.northeurope-01.azurewebsites.net\/politica-de-cookies\/"},"modified":"2025-06-20T12:25:51","modified_gmt":"2025-06-20T12:25:51","slug":"politica-de-cookies","status":"publish","type":"page","link":"https:\/\/www.capitole-consulting.com\/es\/politica-de-cookies\/","title":{"rendered":"Pol\u00edtica de cookies"},"content":{"rendered":"\t\t<div data-elementor-type=\"wp-page\" data-elementor-id=\"10216\" class=\"elementor elementor-10216 elementor-10167\" data-elementor-post-type=\"page\">\n\t\t\t\t<div class=\"elementor-element elementor-element-9a8dbf4 e-flex e-con-boxed e-con e-parent\" data-id=\"9a8dbf4\" data-element_type=\"container\">\n\t\t\t\t\t<div class=\"e-con-inner\">\n\t\t<div class=\"elementor-element elementor-element-deb776c e-con-full e-flex e-con e-child\" data-id=\"deb776c\" data-element_type=\"container\">\n\t\t\t\t<div class=\"elementor-element elementor-element-f11a414 elementor-widget elementor-widget-heading\" data-id=\"f11a414\" data-element_type=\"widget\" data-widget_type=\"heading.default\">\n\t\t\t\t<div class=\"elementor-widget-container\">\n\t\t\t\t\t<h1 class=\"elementor-heading-title elementor-size-default\">Pol\u00edtica de cookies<\/h1>\t\t\t\t<\/div>\n\t\t\t\t<\/div>\n\t\t<div class=\"elementor-element elementor-element-cdbb4f2 e-con-full e-flex e-con e-child\" data-id=\"cdbb4f2\" data-element_type=\"container\" data-settings=\"{&quot;background_background&quot;:&quot;classic&quot;}\">\n\t\t\t\t<\/div>\n\t\t\t\t<div class=\"elementor-element elementor-element-31cf846 elementor-widget elementor-widget-spacer\" data-id=\"31cf846\" data-element_type=\"widget\" data-widget_type=\"spacer.default\">\n\t\t\t\t<div class=\"elementor-widget-container\">\n\t\t\t\t\t\t\t<div class=\"elementor-spacer\">\n\t\t\t<div class=\"elementor-spacer-inner\"><\/div>\n\t\t<\/div>\n\t\t\t\t\t\t<\/div>\n\t\t\t\t<\/div>\n\t\t\t\t<div class=\"elementor-element elementor-element-0abadc3 elementor-widget elementor-widget-text-editor\" data-id=\"0abadc3\" data-element_type=\"widget\" data-widget_type=\"text-editor.default\">\n\t\t\t\t<div class=\"elementor-widget-container\">\n\t\t\t\t\t\t\t\t\t<p><strong>DESCRIPCI\u00d3N Y FINALIDAD<\/strong><\/p>\n<p>Las Cookies son archivos de datos creados por el sitio web y almacenados previa aceptaci\u00f3n del usuario en el navegador o en su dispositivo durante el recorrido por las p\u00e1ginas o por la aplicaci\u00f3n, y sirven para almacenar informaci\u00f3n sobre la visita. Como la mayor\u00eda de los sitios en Internet, los portales web deben:<\/p>\n<ul>\n<li>Asegurar que las p\u00e1ginas web pueden funcionar correctamente.<\/li>\n<li>Almacenar las preferencias, como el idioma seleccionado o el tama\u00f1o de letra.<\/li>\n<li>Mejorar la experiencia de navegaci\u00f3n del usuario.<\/li>\n<li>Recopilar informaci\u00f3n estad\u00edstica an\u00f3nima, como las p\u00e1ginas que se han visitado o el tiempo que ha durado la conexi\u00f3n.<\/li>\n<\/ul>\n<p>El uso de Cookies nos permite optimizar la navegaci\u00f3n, adaptando la informaci\u00f3n y los servicios ofrecidos a los intereses del usuario, para proporcionar una mejor experiencia siempre que visite la p\u00e1gina.<br \/>\nLas Cookies se asocian \u00fanicamente a un usuario an\u00f3nimo y su ordenador\/dispositivo y no proporcionan referencias que permitan conocer datos personales. En todo momento, el usuario podr\u00e1 acceder a la configuraci\u00f3n de su navegador para modificar y\/o bloquear la instalaci\u00f3n de las Cookies enviadas por los sitios web de www.palatin.es. Los usuarios que completen el proceso de registro o hayan iniciado sesi\u00f3n con sus datos de acceso podr\u00e1n acceder a servicios personalizados y adaptados a sus preferencias seg\u00fan la informaci\u00f3n personal suministrada en el momento del registro y la almacenada en la Cookie de su navegador.<\/p>\n<p><strong>Google Analytics<\/strong>\u00a0almacena cookies para poder elaborar estad\u00edsticas sobre el tr\u00e1fico y volumen de visitas de esta web. Al utilizar este sitio web est\u00e1 consintiendo el tratamiento de informaci\u00f3n acerca de usted por Google. Por tanto, el ejercicio de cualquier derecho en este sentido deber\u00e1 hacerlo comunicando directamente con Google. Las cookies de Google Analytics, se almacenan en servidores ubicados en Estados Unidos y se compromete a no compartirla con terceros, excepto en los casos en los que sea necesario para el funcionamiento del sistema o cuando la ley obligue a tal efecto. Seg\u00fan Google, no guarda su direcci\u00f3n IP. Google Inc. es una compa\u00f1\u00eda adherida a \u201cPrivacy Shield\u201d (escudo de privacidad) que garantiza que todos los datos transferidos ser\u00e1n tratados con un nivel de protecci\u00f3n acorde a la normativa europea. Puede consultar informaci\u00f3n detallada a este respecto a trav\u00e9s del siguiente enlace:\u00a0<a href=\"https:\/\/tools.google.com\/dlpage\/gaoptout\">https:\/\/tools.google.com\/dlpage\/gaoptout<\/a><\/p>\n<p><strong>UTILIDAD<\/strong><\/p>\n<ul>\n<li>Desde un punto de vista t\u00e9cnico, permiten que los sitios web funcionen de forma m\u00e1s \u00e1gil y<br \/>\nadaptada a las preferencias de los usuarios, como por ejemplo almacenar el idioma, la moneda del<br \/>\npa\u00eds o detectar el dispositivo de acceso.<\/li>\n<li>Establecen niveles de protecci\u00f3n y seguridad que impiden o dificultan ciberataques contra el sitio<br \/>\nweb o sus usuarios.<\/li>\n<li>Permiten que los gestores de los medios puedan conocer datos estad\u00edsticos recopilados en las<br \/>\nCookies para mejorar la calidad y experiencia de sus servicios.<\/li>\n<li>Sirven para optimizar la publicidad que se muestra a los usuarios, ofreciendo la que m\u00e1s se ajusta<br \/>\na sus intereses.<\/li>\n<\/ul>\n<p><strong>TYPES OF COOKIES<\/strong><\/p>\n<table style=\"margin-bottom: 20px;\" border=\"1\">\n<tbody>\n<tr>\n<td rowspan=\"2\">SEG\u00daN LA ENTIDAD QUE<br \/>\nLAS GESTIONE<\/td>\n<td>Cookies propias<\/td>\n<td>Son aquellas que se recaban por el propio editor para prestar el<br \/>\nservicio solicitado por el usuario.<\/td>\n<\/tr>\n<tr>\n<td>Cookies de tercero<\/td>\n<td>Son aquellas que son recabadas y gestionadas por un tercero, estas no se pueden considerar propias<\/td>\n<\/tr>\n<tr>\n<td rowspan=\"2\">SEG\u00daN EL PLAZO DE TIEMPO QUE PERMANEZCAN<br \/>\nACTIVADAS<\/td>\n<td>Cookies de sesi\u00f3n<\/td>\n<td>Recaban datos mientras el usuario navega por la red con la finalidad de prestar el servicio solicitado. Recaban datos mientras el usuario navega por la red con la finalidad de prestar el servicio solicitado.<\/td>\n<\/tr>\n<tr>\n<td>Cookies persistentes<\/td>\n<td>Se almacenan en el terminal y la informaci\u00f3n obtenida, ser\u00e1 utilizada por el responsable de la cookie con la finalidad de prestar el servicio solicitado.<\/td>\n<\/tr>\n<tr>\n<td rowspan=\"5\">SEG\u00daN SU FINALIDAD<\/td>\n<td>Cookies t\u00e9cnicas<\/td>\n<td>Son las necesarias para la correcta navegaci\u00f3n por la web.<\/td>\n<\/tr>\n<tr>\n<td>Cookies de personalizaci\u00f3n<\/td>\n<td>Permiten al usuario personalizar las caracter\u00edsticas (idioma) al navegar por la web<\/td>\n<\/tr>\n<tr>\n<td>Cookies de an\u00e1lisis<\/td>\n<td>Permiten al prestador el an\u00e1lisis vinculado a la navegaci\u00f3n realizada por el usuario, con la finalidad de llevar un seguimiento de uso de la p\u00e1gina web, as\u00ed como realizar estad\u00edsticas de los contenidos m\u00e1s visitados, n\u00famero de<br \/>\nvisitantes, etc.<\/td>\n<\/tr>\n<tr>\n<td>Cookies de publicidad<\/td>\n<td>Permiten al editor incluir en la web, espacios publicitarios,<br \/>\nseg\u00fan el contenido de la propia web<\/td>\n<\/tr>\n<tr>\n<td>Cookies de<br \/>\npublicidad<br \/>\ncomportamental<\/td>\n<td>Permiten al editor incluir en la p\u00e1gina web espacios publicitarios<br \/>\nseg\u00fan la informaci\u00f3n obtenida a trav\u00e9s de los h\u00e1bitos de navegaci\u00f3n del usuario.<\/td>\n<\/tr>\n<\/tbody>\n<\/table>\n<p>De acuerdo con lo establecido en el art\u00edculo 22.2 de la Ley 34\/2002, de 11 de julio, de Servicios de la Sociedad de la Informaci\u00f3n y de Comercio Electr\u00f3nico (LSSI-CE), CAPITOLE CONSULTING, S.L. informa sobre las cookies utilizadas en nuestra web:<\/p>\n<table style=\"margin-top: 20px; margin-bottom: 20px; text-align: center;\" border=\"1\">\n<thead>\n<tr>\n<th>Nombre de la Cookie<\/th>\n<th>Dominio<\/th>\n<th>Duraci\u00f3n<\/th>\n<th>Propias\/Terceros<\/th>\n<th>Uso<\/th>\n<\/tr>\n<\/thead>\n<tbody>\n<tr>\n<td>_gid<\/td>\n<td>capitole-consulting.com<\/td>\n<td>24 hours<\/td>\n<td>Own<\/td>\n<td>\u2013<\/td>\n<\/tr>\n<tr>\n<td>_ga<\/td>\n<td>capitole-consulting.com<\/td>\n<td>24 hours<\/td>\n<td>Own<\/td>\n<td>\u2013<\/td>\n<\/tr>\n<\/tbody>\n<\/table>\n\t\t\t\t\t\t\t\t<\/div>\n\t\t\t\t<\/div>\n\t\t\t\t<div class=\"elementor-element elementor-element-0d95b7e elementor-widget elementor-widget-button\" data-id=\"0d95b7e\" data-element_type=\"widget\" data-widget_type=\"button.default\">\n\t\t\t\t<div class=\"elementor-widget-container\">\n\t\t\t\t\t\t\t\t\t<div class=\"elementor-button-wrapper\">\n\t\t\t\t\t<a class=\"elementor-button elementor-button-link elementor-size-sm\" href=\"https:\/\/www.capitole-consulting.com\/es\/configuracion-de-cookies\/\">\n\t\t\t\t\t\t<span class=\"elementor-button-content-wrapper\">\n\t\t\t\t\t\t\t\t\t<span class=\"elementor-button-text\">Configuraci\u00f3n de cookies<\/span>\n\t\t\t\t\t<\/span>\n\t\t\t\t\t<\/a>\n\t\t\t\t<\/div>\n\t\t\t\t\t\t\t\t<\/div>\n\t\t\t\t<\/div>\n\t\t\t\t<div class=\"elementor-element elementor-element-1475f81 elementor-widget elementor-widget-spacer\" data-id=\"1475f81\" data-element_type=\"widget\" data-widget_type=\"spacer.default\">\n\t\t\t\t<div class=\"elementor-widget-container\">\n\t\t\t\t\t\t\t<div class=\"elementor-spacer\">\n\t\t\t<div class=\"elementor-spacer-inner\"><\/div>\n\t\t<\/div>\n\t\t\t\t\t\t<\/div>\n\t\t\t\t<\/div>\n\t\t\t\t<\/div>\n\t\t\t\t\t<\/div>\n\t\t\t\t<\/div>\n\t\t\t\t<\/div>\n\t\t","protected":false},"excerpt":{"rendered":"<p>Pol\u00edtica de cookies DESCRIPCI\u00d3N Y FINALIDAD Las Cookies son archivos de datos creados por el sitio web y almacenados previa aceptaci\u00f3n del usuario en el navegador o en su dispositivo durante el recorrido por las p\u00e1ginas o por la aplicaci\u00f3n, y sirven para almacenar informaci\u00f3n sobre la visita. Como la mayor\u00eda de los sitios en &#8230; <a title=\"Pol\u00edtica de cookies\" class=\"read-more\" href=\"https:\/\/www.capitole-consulting.com\/es\/politica-de-cookies\/\" aria-label=\"Leer m\u00e1s sobre Pol\u00edtica de cookies\">Leer m\u00e1s<\/a><\/p>\n","protected":false},"author":1,"featured_media":0,"parent":0,"menu_order":0,"comment_status":"closed","ping_status":"closed","template":"elementor_header_footer","meta":{"_acf_changed":false,"footnotes":""},"tags":[],"class_list":["post-10216","page","type-page","status-publish"],"acf":[],"yoast_head":"<!-- This site is optimized with the Yoast SEO plugin v25.4 - https:\/\/yoast.com\/wordpress\/plugins\/seo\/ -->\n<title>Pol\u00edtica de cookies - Capitole<\/title>\n<meta name=\"robots\" content=\"index, follow, max-snippet:-1, max-image-preview:large, max-video-preview:-1\" \/>\n<link rel=\"canonical\" href=\"https:\/\/www.capitole-consulting.com\/es\/politica-de-cookies\/\" \/>\n<meta property=\"og:locale\" content=\"es_ES\" \/>\n<meta property=\"og:type\" content=\"article\" \/>\n<meta property=\"og:title\" content=\"Pol\u00edtica de cookies - Capitole\" \/>\n<meta property=\"og:description\" content=\"Pol\u00edtica de cookies DESCRIPCI\u00d3N Y FINALIDAD Las Cookies son archivos de datos creados por el sitio web y almacenados previa aceptaci\u00f3n del usuario en el navegador o en su dispositivo durante el recorrido por las p\u00e1ginas o por la aplicaci\u00f3n, y sirven para almacenar informaci\u00f3n sobre la visita. Como la mayor\u00eda de los sitios en ... Leer m\u00e1s\" \/>\n<meta property=\"og:url\" content=\"https:\/\/www.capitole-consulting.com\/es\/politica-de-cookies\/\" \/>\n<meta property=\"og:site_name\" content=\"Capitole\" \/>\n<meta property=\"article:publisher\" content=\"https:\/\/www.linkedin.com\/company\/capitole-consulting\/\" \/>\n<meta property=\"article:modified_time\" content=\"2025-06-20T12:25:51+00:00\" \/>\n<meta property=\"og:image\" content=\"https:\/\/www.capitole-consulting.com\/wp-content\/uploads\/2025\/01\/site-image.png\" \/>\n\t<meta property=\"og:image:width\" content=\"1200\" \/>\n\t<meta property=\"og:image:height\" content=\"675\" \/>\n\t<meta property=\"og:image:type\" content=\"image\/png\" \/>\n<meta name=\"twitter:card\" content=\"summary_large_image\" \/>\n<meta name=\"twitter:site\" content=\"@capitolecons\" \/>\n<meta name=\"twitter:label1\" content=\"Tiempo de lectura\" \/>\n\t<meta name=\"twitter:data1\" content=\"4 minutos\" \/>\n<script type=\"application\/ld+json\" class=\"yoast-schema-graph\">{\"@context\":\"https:\/\/schema.org\",\"@graph\":[{\"@type\":\"WebPage\",\"@id\":\"https:\/\/www.capitole-consulting.com\/es\/politica-de-cookies\/\",\"url\":\"https:\/\/www.capitole-consulting.com\/es\/politica-de-cookies\/\",\"name\":\"Pol\u00edtica de cookies - Capitole\",\"isPartOf\":{\"@id\":\"https:\/\/www.capitole-consulting.com\/es\/#website\"},\"datePublished\":\"2025-01-02T09:55:41+00:00\",\"dateModified\":\"2025-06-20T12:25:51+00:00\",\"breadcrumb\":{\"@id\":\"https:\/\/www.capitole-consulting.com\/es\/politica-de-cookies\/#breadcrumb\"},\"inLanguage\":\"es\",\"potentialAction\":[{\"@type\":\"ReadAction\",\"target\":[\"https:\/\/www.capitole-consulting.com\/es\/politica-de-cookies\/\"]}]},{\"@type\":\"BreadcrumbList\",\"@id\":\"https:\/\/www.capitole-consulting.com\/es\/politica-de-cookies\/#breadcrumb\",\"itemListElement\":[{\"@type\":\"ListItem\",\"position\":1,\"name\":\"Home\",\"item\":\"https:\/\/www.capitole-consulting.com\/es\/\"},{\"@type\":\"ListItem\",\"position\":2,\"name\":\"Pol\u00edtica de cookies\"}]},{\"@type\":\"WebSite\",\"@id\":\"https:\/\/www.capitole-consulting.com\/es\/#website\",\"url\":\"https:\/\/www.capitole-consulting.com\/es\/\",\"name\":\"Capitole Consulting\",\"description\":\"\",\"publisher\":{\"@id\":\"https:\/\/www.capitole-consulting.com\/es\/#organization\"},\"potentialAction\":[{\"@type\":\"SearchAction\",\"target\":{\"@type\":\"EntryPoint\",\"urlTemplate\":\"https:\/\/www.capitole-consulting.com\/es\/?s={search_term_string}\"},\"query-input\":{\"@type\":\"PropertyValueSpecification\",\"valueRequired\":true,\"valueName\":\"search_term_string\"}}],\"inLanguage\":\"es\"},{\"@type\":\"Organization\",\"@id\":\"https:\/\/www.capitole-consulting.com\/es\/#organization\",\"name\":\"Capitole Consulting\",\"url\":\"https:\/\/www.capitole-consulting.com\/es\/\",\"logo\":{\"@type\":\"ImageObject\",\"inLanguage\":\"es\",\"@id\":\"https:\/\/www.capitole-consulting.com\/es\/#\/schema\/logo\/image\/\",\"url\":\"https:\/\/www.capitole-consulting.com\/wp-content\/uploads\/2025\/01\/logo.png\",\"contentUrl\":\"https:\/\/www.capitole-consulting.com\/wp-content\/uploads\/2025\/01\/logo.png\",\"width\":800,\"height\":800,\"caption\":\"Capitole Consulting\"},\"image\":{\"@id\":\"https:\/\/www.capitole-consulting.com\/es\/#\/schema\/logo\/image\/\"},\"sameAs\":[\"https:\/\/www.linkedin.com\/company\/capitole-consulting\/\",\"https:\/\/x.com\/capitolecons\",\"https:\/\/www.youtube.com\/@capitoleconsulting\"]}]}<\/script>\n<!-- \/ Yoast SEO plugin. -->","yoast_head_json":{"title":"Pol\u00edtica de cookies - Capitole","robots":{"index":"index","follow":"follow","max-snippet":"max-snippet:-1","max-image-preview":"max-image-preview:large","max-video-preview":"max-video-preview:-1"},"canonical":"https:\/\/www.capitole-consulting.com\/es\/politica-de-cookies\/","og_locale":"es_ES","og_type":"article","og_title":"Pol\u00edtica de cookies - Capitole","og_description":"Pol\u00edtica de cookies DESCRIPCI\u00d3N Y FINALIDAD Las Cookies son archivos de datos creados por el sitio web y almacenados previa aceptaci\u00f3n del usuario en el navegador o en su dispositivo durante el recorrido por las p\u00e1ginas o por la aplicaci\u00f3n, y sirven para almacenar informaci\u00f3n sobre la visita. Como la mayor\u00eda de los sitios en ... Leer m\u00e1s","og_url":"https:\/\/www.capitole-consulting.com\/es\/politica-de-cookies\/","og_site_name":"Capitole","article_publisher":"https:\/\/www.linkedin.com\/company\/capitole-consulting\/","article_modified_time":"2025-06-20T12:25:51+00:00","og_image":[{"width":1200,"height":675,"url":"https:\/\/www.capitole-consulting.com\/wp-content\/uploads\/2025\/01\/site-image.png","type":"image\/png"}],"twitter_card":"summary_large_image","twitter_site":"@capitolecons","twitter_misc":{"Tiempo de lectura":"4 minutos"},"schema":{"@context":"https:\/\/schema.org","@graph":[{"@type":"WebPage","@id":"https:\/\/www.capitole-consulting.com\/es\/politica-de-cookies\/","url":"https:\/\/www.capitole-consulting.com\/es\/politica-de-cookies\/","name":"Pol\u00edtica de cookies - Capitole","isPartOf":{"@id":"https:\/\/www.capitole-consulting.com\/es\/#website"},"datePublished":"2025-01-02T09:55:41+00:00","dateModified":"2025-06-20T12:25:51+00:00","breadcrumb":{"@id":"https:\/\/www.capitole-consulting.com\/es\/politica-de-cookies\/#breadcrumb"},"inLanguage":"es","potentialAction":[{"@type":"ReadAction","target":["https:\/\/www.capitole-consulting.com\/es\/politica-de-cookies\/"]}]},{"@type":"BreadcrumbList","@id":"https:\/\/www.capitole-consulting.com\/es\/politica-de-cookies\/#breadcrumb","itemListElement":[{"@type":"ListItem","position":1,"name":"Home","item":"https:\/\/www.capitole-consulting.com\/es\/"},{"@type":"ListItem","position":2,"name":"Pol\u00edtica de cookies"}]},{"@type":"WebSite","@id":"https:\/\/www.capitole-consulting.com\/es\/#website","url":"https:\/\/www.capitole-consulting.com\/es\/","name":"Capitole Consulting","description":"","publisher":{"@id":"https:\/\/www.capitole-consulting.com\/es\/#organization"},"potentialAction":[{"@type":"SearchAction","target":{"@type":"EntryPoint","urlTemplate":"https:\/\/www.capitole-consulting.com\/es\/?s={search_term_string}"},"query-input":{"@type":"PropertyValueSpecification","valueRequired":true,"valueName":"search_term_string"}}],"inLanguage":"es"},{"@type":"Organization","@id":"https:\/\/www.capitole-consulting.com\/es\/#organization","name":"Capitole Consulting","url":"https:\/\/www.capitole-consulting.com\/es\/","logo":{"@type":"ImageObject","inLanguage":"es","@id":"https:\/\/www.capitole-consulting.com\/es\/#\/schema\/logo\/image\/","url":"https:\/\/www.capitole-consulting.com\/wp-content\/uploads\/2025\/01\/logo.png","contentUrl":"https:\/\/www.capitole-consulting.com\/wp-content\/uploads\/2025\/01\/logo.png","width":800,"height":800,"caption":"Capitole Consulting"},"image":{"@id":"https:\/\/www.capitole-consulting.com\/es\/#\/schema\/logo\/image\/"},"sameAs":["https:\/\/www.linkedin.com\/company\/capitole-consulting\/","https:\/\/x.com\/capitolecons","https:\/\/www.youtube.com\/@capitoleconsulting"]}]}},"_links":{"self":[{"href":"https:\/\/www.capitole-consulting.com\/es\/wp-json\/wp\/v2\/pages\/10216","targetHints":{"allow":["GET"]}}],"collection":[{"href":"https:\/\/www.capitole-consulting.com\/es\/wp-json\/wp\/v2\/pages"}],"about":[{"href":"https:\/\/www.capitole-consulting.com\/es\/wp-json\/wp\/v2\/types\/page"}],"author":[{"embeddable":true,"href":"https:\/\/www.capitole-consulting.com\/es\/wp-json\/wp\/v2\/users\/1"}],"replies":[{"embeddable":true,"href":"https:\/\/www.capitole-consulting.com\/es\/wp-json\/wp\/v2\/comments?post=10216"}],"version-history":[{"count":0,"href":"https:\/\/www.capitole-consulting.com\/es\/wp-json\/wp\/v2\/pages\/10216\/revisions"}],"wp:attachment":[{"href":"https:\/\/www.capitole-consulting.com\/es\/wp-json\/wp\/v2\/media?parent=10216"}],"wp:term":[{"taxonomy":"post_tag","embeddable":true,"href":"https:\/\/www.capitole-consulting.com\/es\/wp-json\/wp\/v2\/tags?post=10216"}],"curies":[{"name":"wp","href":"https:\/\/api.w.org\/{rel}","templated":true}]}}