{"id":10165,"date":"2024-10-17T09:37:56","date_gmt":"2024-10-17T09:37:56","guid":{"rendered":"https:\/\/capitole-web-app-service-hvcegmd5ejaagmd7.northeurope-01.azurewebsites.net\/iso-9001\/"},"modified":"2025-10-01T08:18:36","modified_gmt":"2025-10-01T08:18:36","slug":"politica-de-calidad","status":"publish","type":"page","link":"https:\/\/www.capitole-consulting.com\/es\/politica-de-calidad\/","title":{"rendered":"POL\u00cdTICA DE CALIDAD"},"content":{"rendered":"\t\t<div data-elementor-type=\"wp-page\" data-elementor-id=\"10165\" class=\"elementor elementor-10165 elementor-2082\" data-elementor-post-type=\"page\">\n\t\t\t\t<div class=\"elementor-element elementor-element-4e8dbdf e-flex e-con-boxed e-con e-parent\" data-id=\"4e8dbdf\" data-element_type=\"container\">\n\t\t\t\t\t<div class=\"e-con-inner\">\n\t\t<div class=\"elementor-element elementor-element-fa50244 e-con-full e-flex e-con e-child\" data-id=\"fa50244\" data-element_type=\"container\">\n\t\t\t\t<div class=\"elementor-element elementor-element-7f88e3c elementor-widget elementor-widget-heading\" data-id=\"7f88e3c\" data-element_type=\"widget\" data-widget_type=\"heading.default\">\n\t\t\t\t<div class=\"elementor-widget-container\">\n\t\t\t\t\t<h1 class=\"elementor-heading-title elementor-size-default\">POL\u00cdTICA DE CALIDAD<\/h1>\t\t\t\t<\/div>\n\t\t\t\t<\/div>\n\t\t\t\t<\/div>\n\t\t\t\t\t<\/div>\n\t\t\t\t<\/div>\n\t\t<div class=\"elementor-element elementor-element-7c5c497 e-flex e-con-boxed e-con e-parent\" data-id=\"7c5c497\" data-element_type=\"container\">\n\t\t\t\t\t<div class=\"e-con-inner\">\n\t\t\t\t<div class=\"elementor-element elementor-element-87891de elementor-widget elementor-widget-spacer\" data-id=\"87891de\" data-element_type=\"widget\" data-widget_type=\"spacer.default\">\n\t\t\t\t<div class=\"elementor-widget-container\">\n\t\t\t\t\t\t\t<div class=\"elementor-spacer\">\n\t\t\t<div class=\"elementor-spacer-inner\"><\/div>\n\t\t<\/div>\n\t\t\t\t\t\t<\/div>\n\t\t\t\t<\/div>\n\t\t<div class=\"elementor-element elementor-element-89b6070 e-flex e-con-boxed e-con e-child\" data-id=\"89b6070\" data-element_type=\"container\" data-settings=\"{&quot;background_background&quot;:&quot;classic&quot;}\">\n\t\t\t\t\t<div class=\"e-con-inner\">\n\t\t<div class=\"elementor-element elementor-element-70317af e-flex e-con-boxed e-con e-child\" data-id=\"70317af\" data-element_type=\"container\" data-settings=\"{&quot;background_background&quot;:&quot;classic&quot;}\">\n\t\t\t\t\t<div class=\"e-con-inner\">\n\t\t\t\t\t<\/div>\n\t\t\t\t<\/div>\n\t\t\t\t\t<\/div>\n\t\t\t\t<\/div>\n\t\t\t\t\t<\/div>\n\t\t\t\t<\/div>\n\t\t<div class=\"elementor-element elementor-element-4ed9897 e-flex e-con-boxed e-con e-parent\" data-id=\"4ed9897\" data-element_type=\"container\">\n\t\t\t\t\t<div class=\"e-con-inner\">\n\t\t\t\t<div class=\"elementor-element elementor-element-6535de3 elementor-widget elementor-widget-spacer\" data-id=\"6535de3\" data-element_type=\"widget\" data-widget_type=\"spacer.default\">\n\t\t\t\t<div class=\"elementor-widget-container\">\n\t\t\t\t\t\t\t<div class=\"elementor-spacer\">\n\t\t\t<div class=\"elementor-spacer-inner\"><\/div>\n\t\t<\/div>\n\t\t\t\t\t\t<\/div>\n\t\t\t\t<\/div>\n\t\t\t\t\t<\/div>\n\t\t\t\t<\/div>\n\t\t<div class=\"elementor-element elementor-element-74d369c e-flex e-con-boxed e-con e-parent\" data-id=\"74d369c\" data-element_type=\"container\">\n\t\t\t\t\t<div class=\"e-con-inner\">\n\t\t<div class=\"elementor-element elementor-element-904f317 e-con-full e-flex e-con e-child\" data-id=\"904f317\" data-element_type=\"container\">\n\t\t\t\t<div class=\"elementor-element elementor-element-1ab92d4 elementor-widget elementor-widget-image\" data-id=\"1ab92d4\" data-element_type=\"widget\" data-widget_type=\"image.default\">\n\t\t\t\t<div class=\"elementor-widget-container\">\n\t\t\t\t\t\t\t\t\t\t\t\t\t\t\t<img loading=\"lazy\" decoding=\"async\" width=\"400\" height=\"203\" src=\"https:\/\/www.capitole-consulting.com\/wp-content\/uploads\/2024\/10\/mark-of-trust-certified-9001-logo-ES-GB-0420-400x203-1.png\" class=\"attachment-large size-large wp-image-5572\" alt=\"ISO 9001 Certified.\" srcset=\"https:\/\/www.capitole-consulting.com\/wp-content\/uploads\/2024\/10\/mark-of-trust-certified-9001-logo-ES-GB-0420-400x203-1.png 400w, https:\/\/www.capitole-consulting.com\/wp-content\/uploads\/2024\/10\/mark-of-trust-certified-9001-logo-ES-GB-0420-400x203-1-300x152.png 300w\" sizes=\"auto, (max-width: 400px) 100vw, 400px\" \/>\t\t\t\t\t\t\t\t\t\t\t\t\t\t\t<\/div>\n\t\t\t\t<\/div>\n\t\t\t\t<\/div>\n\t\t<div class=\"elementor-element elementor-element-f6abe9c e-con-full e-flex e-con e-child\" data-id=\"f6abe9c\" data-element_type=\"container\">\n\t\t\t\t<div class=\"elementor-element elementor-element-60eda4e elementor-widget elementor-widget-text-editor\" data-id=\"60eda4e\" data-element_type=\"widget\" data-widget_type=\"text-editor.default\">\n\t\t\t\t<div class=\"elementor-widget-container\">\n\t\t\t\t\t\t\t\t\t<p><strong>CAPITOLE<\/strong>\u00a0es una empresa de consultor\u00eda de TI especializada en ofrecer a nuestros clientes nuestra experiencia t\u00e9cnica y hacer felices a nuestros empleados a trav\u00e9s de nuestro enfoque \u00fanico de inversi\u00f3n humana, dedicada a proporcionar soluciones innovadoras en desarrollo y garant\u00eda de calidad, sistemas de informaci\u00f3n y transformaci\u00f3n digital.<\/p>\n\t\t\t\t\t\t\t\t<\/div>\n\t\t\t\t<\/div>\n\t\t\t\t<\/div>\n\t\t\t\t\t<\/div>\n\t\t\t\t<\/div>\n\t\t<div class=\"elementor-element elementor-element-543bcc3 e-flex e-con-boxed e-con e-parent\" data-id=\"543bcc3\" data-element_type=\"container\">\n\t\t\t\t\t<div class=\"e-con-inner\">\n\t\t<div class=\"elementor-element elementor-element-ba91dbb e-con-full e-flex e-con e-child\" data-id=\"ba91dbb\" data-element_type=\"container\">\n\t\t\t\t<div class=\"elementor-element elementor-element-bf6713e elementor-widget elementor-widget-spacer\" data-id=\"bf6713e\" data-element_type=\"widget\" data-widget_type=\"spacer.default\">\n\t\t\t\t<div class=\"elementor-widget-container\">\n\t\t\t\t\t\t\t<div class=\"elementor-spacer\">\n\t\t\t<div class=\"elementor-spacer-inner\"><\/div>\n\t\t<\/div>\n\t\t\t\t\t\t<\/div>\n\t\t\t\t<\/div>\n\t\t\t\t<div class=\"elementor-element elementor-element-5fd9f33 elementor-widget elementor-widget-text-editor\" data-id=\"5fd9f33\" data-element_type=\"widget\" data-widget_type=\"text-editor.default\">\n\t\t\t\t<div class=\"elementor-widget-container\">\n\t\t\t\t\t\t\t\t\t<p><b><span data-contrast=\"none\">Nuestra visi\u00f3n y misi\u00f3n<\/span><\/b><\/p>\n<p><span data-contrast=\"auto\">La misi\u00f3n de Capitole es ayudar a las empresas a alcanzar su m\u00e1ximo potencial mediante servicios de TI innovadores y de vanguardia, valorando a las personas en cada paso del camino. Nuestra gente es el motor que impulsa el \u00e9xito de cada proyecto y, combinando nuestra experiencia, pasi\u00f3n y valores, potenciamos a las empresas, impactando positivamente en nuestra comunidad. Nuestra visi\u00f3n es dar forma al futuro de la Innovaci\u00f3n Tecnol\u00f3gica y la consultor\u00eda, poniendo a las personas en el centro de todo lo que hacemos.<\/span><\/p>\n<p><b><span data-contrast=\"none\">Nuestros valores<\/span><\/b><\/p>\n<ul>\n<li data-leveltext=\"-\" data-font=\"Open Sans,Arial\" data-listid=\"1\" data-list-defn-props=\"{'335552541':1,'335559684':-2,'335559685':720,'335559991':360,'469769242':[8226],'469777803':'left','469777804':'-','469777815':'multilevel'}\" aria-setsize=\"-1\" data-aria-posinset=\"1\" data-aria-level=\"1\"><span data-contrast=\"auto\">Centrados en las personas.<\/span><\/li>\n<li data-leveltext=\"-\" data-font=\"Open Sans,Arial\" data-listid=\"1\" data-list-defn-props=\"{'335552541':1,'335559684':-2,'335559685':720,'335559991':360,'469769242':[8226],'469777803':'left','469777804':'-','469777815':'multilevel'}\" aria-setsize=\"-1\" data-aria-posinset=\"2\" data-aria-level=\"1\"><span data-contrast=\"auto\">Innovaci\u00f3n constante<\/span><\/li>\n<li data-leveltext=\"-\" data-font=\"Open Sans,Arial\" data-listid=\"1\" data-list-defn-props=\"{'335552541':1,'335559684':-2,'335559685':720,'335559991':360,'469769242':[8226],'469777803':'left','469777804':'-','469777815':'multilevel'}\" aria-setsize=\"-1\" data-aria-posinset=\"3\" data-aria-level=\"1\"><span data-contrast=\"auto\">Superando L\u00edmites.<\/span><\/li>\n<li data-leveltext=\"-\" data-font=\"Open Sans,Arial\" data-listid=\"1\" data-list-defn-props=\"{'335552541':1,'335559684':-2,'335559685':720,'335559991':360,'469769242':[8226],'469777803':'left','469777804':'-','469777815':'multilevel'}\" aria-setsize=\"-1\" data-aria-posinset=\"4\" data-aria-level=\"1\"><span data-contrast=\"auto\">Impulsados por la Pasi\u00f3n.<\/span><\/li>\n<li data-leveltext=\"-\" data-font=\"Calibri\" data-listid=\"3\" data-list-defn-props=\"{'335552541':1,'335559683':0,'335559684':-2,'335559685':720,'335559991':360,'469769226':'Calibri','469769242':[8226],'469777803':'left','469777804':'-','469777815':'hybridMultilevel'}\" aria-setsize=\"-1\" data-aria-posinset=\"1\" data-aria-level=\"1\"><span data-contrast=\"auto\">Pertenencia.<\/span><\/li>\n<\/ul>\n<p>Nuestra filosof\u00eda de servicio se basa en garantizar la m\u00e1xima Calidad y servicio a nuestros Clientes y mejorar continuamente nuestros procesos internos para proveer a nuestro equipo una excelente experiencia laboral.<\/p>\n<p>El objetivo de la pol\u00edtica de calidad de nuestra empresa es consolidar esta realidad en el marco de la mejora continua. En esta l\u00ednea,\u00a0<strong>hemos implantado un Sistema de Gesti\u00f3n de la Calidad, basado en la Norma UNE-EN ISO 9001.<\/strong><\/p>\n<p>Por todo ello, en\u00a0<strong>CAPITOLE<\/strong>\u00a0nos comprometemos a:<\/p>\n<ul>\n<li>Cumplir con los requisitos legales y reglamentarios que resulten de aplicaci\u00f3n.<\/li>\n<\/ul>\n<p><\/p>\n<ul>\n<li>Promover la mejora continua de nuestros servicios para garantizar la excelencia en la totalidad de los servicios que se prestan.<\/li>\n<\/ul>\n<p><\/p>\n<ul>\n<li>Conocer y satisfacer las necesidades y expectativas de nuestros clientes, as\u00ed como los requisitos pertinentes de las partes interesadas relevantes para el sistema de gesti\u00f3n de calidad.<\/li>\n<\/ul>\n<p><\/p>\n<ul>\n<li>Asegurar la formaci\u00f3n continua de todo el personal de la organizaci\u00f3n.<\/li>\n<\/ul>\n<p><\/p>\n<ul>\n<li>Implicar al personal de la organizaci\u00f3n en las actividades del sistema de gesti\u00f3n y buscar la mejora continua.<\/li>\n<\/ul>\n<p>Mediante el desarrollo de estas acciones,<strong>\u00a0CAPITOLE\u00a0<\/strong>se compromete a la mejora continua de la eficacia de su Sistema de Gesti\u00f3n de la Calidad.<\/p>\n<p>Asimismo, para asegurar que esta Pol\u00edtica de Calidad se cumple, la Direcci\u00f3n se compromete a la revisi\u00f3n peri\u00f3dica del sistema para garantizar su eficacia.<\/p>\n<p>&nbsp;<\/p>\n\t\t\t\t\t\t\t\t<\/div>\n\t\t\t\t<\/div>\n\t\t<div class=\"elementor-element elementor-element-aac99c1 e-con-full e-flex e-con e-child\" data-id=\"aac99c1\" data-element_type=\"container\">\n\t\t\t\t<div class=\"elementor-element elementor-element-c5314fd elementor-widget elementor-widget-button\" data-id=\"c5314fd\" data-element_type=\"widget\" data-widget_type=\"button.default\">\n\t\t\t\t<div class=\"elementor-widget-container\">\n\t\t\t\t\t\t\t\t\t<div class=\"elementor-button-wrapper\">\n\t\t\t\t\t<a class=\"elementor-button elementor-button-link elementor-size-sm\" href=\"https:\/\/www.capitole-consulting.com\/wp-content\/uploads\/2025\/10\/Politica-de-Calidad-Capitole_ES.pdf\" target=\"_blank\">\n\t\t\t\t\t\t<span class=\"elementor-button-content-wrapper\">\n\t\t\t\t\t\t\t\t\t<span class=\"elementor-button-text\">Descarga nuestra Pol\u00edtica de Calidad<\/span>\n\t\t\t\t\t<\/span>\n\t\t\t\t\t<\/a>\n\t\t\t\t<\/div>\n\t\t\t\t\t\t\t\t<\/div>\n\t\t\t\t<\/div>\n\t\t\t\t<div class=\"elementor-element elementor-element-ef0d71b elementor-widget elementor-widget-button\" data-id=\"ef0d71b\" data-element_type=\"widget\" data-widget_type=\"button.default\">\n\t\t\t\t<div class=\"elementor-widget-container\">\n\t\t\t\t\t\t\t\t\t<div class=\"elementor-button-wrapper\">\n\t\t\t\t\t<a class=\"elementor-button elementor-button-link elementor-size-sm\" href=\"\/wp-content\/uploads\/2024\/10\/Certificado-ISO-9001-Capitole-FS-795586-001.pdf\">\n\t\t\t\t\t\t<span class=\"elementor-button-content-wrapper\">\n\t\t\t\t\t\t\t\t\t<span class=\"elementor-button-text\">Descarga nuestro certificado ISO 9001<\/span>\n\t\t\t\t\t<\/span>\n\t\t\t\t\t<\/a>\n\t\t\t\t<\/div>\n\t\t\t\t\t\t\t\t<\/div>\n\t\t\t\t<\/div>\n\t\t\t\t<\/div>\n\t\t\t\t<\/div>\n\t\t\t\t\t<\/div>\n\t\t\t\t<\/div>\n\t\t<div class=\"elementor-element elementor-element-89fb098 e-flex e-con-boxed e-con e-parent\" data-id=\"89fb098\" data-element_type=\"container\">\n\t\t\t\t\t<div class=\"e-con-inner\">\n\t\t\t\t<div class=\"elementor-element elementor-element-abeb003 elementor-widget elementor-widget-spacer\" data-id=\"abeb003\" data-element_type=\"widget\" data-widget_type=\"spacer.default\">\n\t\t\t\t<div class=\"elementor-widget-container\">\n\t\t\t\t\t\t\t<div class=\"elementor-spacer\">\n\t\t\t<div class=\"elementor-spacer-inner\"><\/div>\n\t\t<\/div>\n\t\t\t\t\t\t<\/div>\n\t\t\t\t<\/div>\n\t\t\t\t\t<\/div>\n\t\t\t\t<\/div>\n\t\t\t\t<\/div>\n\t\t","protected":false},"excerpt":{"rendered":"<p>POL\u00cdTICA DE CALIDAD CAPITOLE\u00a0es una empresa de consultor\u00eda de TI especializada en ofrecer a nuestros clientes nuestra experiencia t\u00e9cnica y hacer felices a nuestros empleados a trav\u00e9s de nuestro enfoque \u00fanico de inversi\u00f3n humana, dedicada a proporcionar soluciones innovadoras en desarrollo y garant\u00eda de calidad, sistemas de informaci\u00f3n y transformaci\u00f3n digital. Nuestra visi\u00f3n y misi\u00f3n &#8230; <a title=\"POL\u00cdTICA DE CALIDAD\" class=\"read-more\" href=\"https:\/\/www.capitole-consulting.com\/es\/politica-de-calidad\/\" aria-label=\"Leer m\u00e1s sobre POL\u00cdTICA DE CALIDAD\">Leer m\u00e1s<\/a><\/p>\n","protected":false},"author":1,"featured_media":0,"parent":0,"menu_order":0,"comment_status":"closed","ping_status":"closed","template":"elementor_header_footer","meta":{"_acf_changed":false,"footnotes":""},"tags":[],"class_list":["post-10165","page","type-page","status-publish"],"acf":[],"yoast_head":"<!-- This site is optimized with the Yoast SEO plugin v25.4 - https:\/\/yoast.com\/wordpress\/plugins\/seo\/ -->\n<title>Capitole | ISO 9001<\/title>\n<meta name=\"description\" content=\"Capitole obtiene la certificaci\u00f3n ISO 9001, lo que demuestra su dedicaci\u00f3n a la gesti\u00f3n de la calidad y la mejora continua de los procesos y servicios.\" \/>\n<meta name=\"robots\" content=\"index, follow, max-snippet:-1, max-image-preview:large, max-video-preview:-1\" \/>\n<link rel=\"canonical\" href=\"https:\/\/www.capitole-consulting.com\/es\/politica-de-calidad\/\" \/>\n<meta property=\"og:locale\" content=\"es_ES\" \/>\n<meta property=\"og:type\" content=\"article\" \/>\n<meta property=\"og:title\" content=\"Capitole | ISO 9001\" \/>\n<meta property=\"og:description\" content=\"Capitole obtiene la certificaci\u00f3n ISO 9001, lo que demuestra su dedicaci\u00f3n a la gesti\u00f3n de la calidad y la mejora continua de los procesos y servicios.\" \/>\n<meta property=\"og:url\" content=\"https:\/\/www.capitole-consulting.com\/es\/politica-de-calidad\/\" \/>\n<meta property=\"og:site_name\" content=\"Capitole\" \/>\n<meta property=\"article:publisher\" content=\"https:\/\/www.linkedin.com\/company\/capitole-consulting\/\" \/>\n<meta property=\"article:modified_time\" content=\"2025-10-01T08:18:36+00:00\" \/>\n<meta property=\"og:image\" content=\"https:\/\/www.capitole-consulting.com\/wp-content\/uploads\/2024\/10\/mark-of-trust-certified-9001-logo-ES-GB-0420-400x203-1.png\" \/>\n\t<meta property=\"og:image:width\" content=\"400\" \/>\n\t<meta property=\"og:image:height\" content=\"203\" \/>\n\t<meta property=\"og:image:type\" content=\"image\/png\" \/>\n<meta name=\"twitter:card\" content=\"summary_large_image\" \/>\n<meta name=\"twitter:site\" content=\"@capitolecons\" \/>\n<meta name=\"twitter:label1\" content=\"Tiempo de lectura\" \/>\n\t<meta name=\"twitter:data1\" content=\"2 minutos\" \/>\n<script type=\"application\/ld+json\" class=\"yoast-schema-graph\">{\"@context\":\"https:\/\/schema.org\",\"@graph\":[{\"@type\":\"WebPage\",\"@id\":\"https:\/\/www.capitole-consulting.com\/es\/politica-de-calidad\/\",\"url\":\"https:\/\/www.capitole-consulting.com\/es\/politica-de-calidad\/\",\"name\":\"Capitole | ISO 9001\",\"isPartOf\":{\"@id\":\"https:\/\/www.capitole-consulting.com\/es\/#website\"},\"primaryImageOfPage\":{\"@id\":\"https:\/\/www.capitole-consulting.com\/es\/politica-de-calidad\/#primaryimage\"},\"image\":{\"@id\":\"https:\/\/www.capitole-consulting.com\/es\/politica-de-calidad\/#primaryimage\"},\"thumbnailUrl\":\"https:\/\/www.capitole-consulting.com\/wp-content\/uploads\/2024\/10\/mark-of-trust-certified-9001-logo-ES-GB-0420-400x203-1.png\",\"datePublished\":\"2024-10-17T09:37:56+00:00\",\"dateModified\":\"2025-10-01T08:18:36+00:00\",\"description\":\"Capitole obtiene la certificaci\u00f3n ISO 9001, lo que demuestra su dedicaci\u00f3n a la gesti\u00f3n de la calidad y la mejora continua de los procesos y servicios.\",\"breadcrumb\":{\"@id\":\"https:\/\/www.capitole-consulting.com\/es\/politica-de-calidad\/#breadcrumb\"},\"inLanguage\":\"es\",\"potentialAction\":[{\"@type\":\"ReadAction\",\"target\":[\"https:\/\/www.capitole-consulting.com\/es\/politica-de-calidad\/\"]}]},{\"@type\":\"ImageObject\",\"inLanguage\":\"es\",\"@id\":\"https:\/\/www.capitole-consulting.com\/es\/politica-de-calidad\/#primaryimage\",\"url\":\"https:\/\/www.capitole-consulting.com\/wp-content\/uploads\/2024\/10\/mark-of-trust-certified-9001-logo-ES-GB-0420-400x203-1.png\",\"contentUrl\":\"https:\/\/www.capitole-consulting.com\/wp-content\/uploads\/2024\/10\/mark-of-trust-certified-9001-logo-ES-GB-0420-400x203-1.png\"},{\"@type\":\"BreadcrumbList\",\"@id\":\"https:\/\/www.capitole-consulting.com\/es\/politica-de-calidad\/#breadcrumb\",\"itemListElement\":[{\"@type\":\"ListItem\",\"position\":1,\"name\":\"Home\",\"item\":\"https:\/\/www.capitole-consulting.com\/es\/\"},{\"@type\":\"ListItem\",\"position\":2,\"name\":\"POL\u00cdTICA DE CALIDAD\"}]},{\"@type\":\"WebSite\",\"@id\":\"https:\/\/www.capitole-consulting.com\/es\/#website\",\"url\":\"https:\/\/www.capitole-consulting.com\/es\/\",\"name\":\"Capitole Consulting\",\"description\":\"\",\"publisher\":{\"@id\":\"https:\/\/www.capitole-consulting.com\/es\/#organization\"},\"potentialAction\":[{\"@type\":\"SearchAction\",\"target\":{\"@type\":\"EntryPoint\",\"urlTemplate\":\"https:\/\/www.capitole-consulting.com\/es\/?s={search_term_string}\"},\"query-input\":{\"@type\":\"PropertyValueSpecification\",\"valueRequired\":true,\"valueName\":\"search_term_string\"}}],\"inLanguage\":\"es\"},{\"@type\":\"Organization\",\"@id\":\"https:\/\/www.capitole-consulting.com\/es\/#organization\",\"name\":\"Capitole Consulting\",\"url\":\"https:\/\/www.capitole-consulting.com\/es\/\",\"logo\":{\"@type\":\"ImageObject\",\"inLanguage\":\"es\",\"@id\":\"https:\/\/www.capitole-consulting.com\/es\/#\/schema\/logo\/image\/\",\"url\":\"https:\/\/www.capitole-consulting.com\/wp-content\/uploads\/2025\/01\/logo.png\",\"contentUrl\":\"https:\/\/www.capitole-consulting.com\/wp-content\/uploads\/2025\/01\/logo.png\",\"width\":800,\"height\":800,\"caption\":\"Capitole Consulting\"},\"image\":{\"@id\":\"https:\/\/www.capitole-consulting.com\/es\/#\/schema\/logo\/image\/\"},\"sameAs\":[\"https:\/\/www.linkedin.com\/company\/capitole-consulting\/\",\"https:\/\/x.com\/capitolecons\",\"https:\/\/www.youtube.com\/@capitoleconsulting\"]}]}<\/script>\n<!-- \/ Yoast SEO plugin. -->","yoast_head_json":{"title":"Capitole | ISO 9001","description":"Capitole obtiene la certificaci\u00f3n ISO 9001, lo que demuestra su dedicaci\u00f3n a la gesti\u00f3n de la calidad y la mejora continua de los procesos y servicios.","robots":{"index":"index","follow":"follow","max-snippet":"max-snippet:-1","max-image-preview":"max-image-preview:large","max-video-preview":"max-video-preview:-1"},"canonical":"https:\/\/www.capitole-consulting.com\/es\/politica-de-calidad\/","og_locale":"es_ES","og_type":"article","og_title":"Capitole | ISO 9001","og_description":"Capitole obtiene la certificaci\u00f3n ISO 9001, lo que demuestra su dedicaci\u00f3n a la gesti\u00f3n de la calidad y la mejora continua de los procesos y servicios.","og_url":"https:\/\/www.capitole-consulting.com\/es\/politica-de-calidad\/","og_site_name":"Capitole","article_publisher":"https:\/\/www.linkedin.com\/company\/capitole-consulting\/","article_modified_time":"2025-10-01T08:18:36+00:00","og_image":[{"width":400,"height":203,"url":"https:\/\/www.capitole-consulting.com\/wp-content\/uploads\/2024\/10\/mark-of-trust-certified-9001-logo-ES-GB-0420-400x203-1.png","type":"image\/png"}],"twitter_card":"summary_large_image","twitter_site":"@capitolecons","twitter_misc":{"Tiempo de lectura":"2 minutos"},"schema":{"@context":"https:\/\/schema.org","@graph":[{"@type":"WebPage","@id":"https:\/\/www.capitole-consulting.com\/es\/politica-de-calidad\/","url":"https:\/\/www.capitole-consulting.com\/es\/politica-de-calidad\/","name":"Capitole | ISO 9001","isPartOf":{"@id":"https:\/\/www.capitole-consulting.com\/es\/#website"},"primaryImageOfPage":{"@id":"https:\/\/www.capitole-consulting.com\/es\/politica-de-calidad\/#primaryimage"},"image":{"@id":"https:\/\/www.capitole-consulting.com\/es\/politica-de-calidad\/#primaryimage"},"thumbnailUrl":"https:\/\/www.capitole-consulting.com\/wp-content\/uploads\/2024\/10\/mark-of-trust-certified-9001-logo-ES-GB-0420-400x203-1.png","datePublished":"2024-10-17T09:37:56+00:00","dateModified":"2025-10-01T08:18:36+00:00","description":"Capitole obtiene la certificaci\u00f3n ISO 9001, lo que demuestra su dedicaci\u00f3n a la gesti\u00f3n de la calidad y la mejora continua de los procesos y servicios.","breadcrumb":{"@id":"https:\/\/www.capitole-consulting.com\/es\/politica-de-calidad\/#breadcrumb"},"inLanguage":"es","potentialAction":[{"@type":"ReadAction","target":["https:\/\/www.capitole-consulting.com\/es\/politica-de-calidad\/"]}]},{"@type":"ImageObject","inLanguage":"es","@id":"https:\/\/www.capitole-consulting.com\/es\/politica-de-calidad\/#primaryimage","url":"https:\/\/www.capitole-consulting.com\/wp-content\/uploads\/2024\/10\/mark-of-trust-certified-9001-logo-ES-GB-0420-400x203-1.png","contentUrl":"https:\/\/www.capitole-consulting.com\/wp-content\/uploads\/2024\/10\/mark-of-trust-certified-9001-logo-ES-GB-0420-400x203-1.png"},{"@type":"BreadcrumbList","@id":"https:\/\/www.capitole-consulting.com\/es\/politica-de-calidad\/#breadcrumb","itemListElement":[{"@type":"ListItem","position":1,"name":"Home","item":"https:\/\/www.capitole-consulting.com\/es\/"},{"@type":"ListItem","position":2,"name":"POL\u00cdTICA DE CALIDAD"}]},{"@type":"WebSite","@id":"https:\/\/www.capitole-consulting.com\/es\/#website","url":"https:\/\/www.capitole-consulting.com\/es\/","name":"Capitole Consulting","description":"","publisher":{"@id":"https:\/\/www.capitole-consulting.com\/es\/#organization"},"potentialAction":[{"@type":"SearchAction","target":{"@type":"EntryPoint","urlTemplate":"https:\/\/www.capitole-consulting.com\/es\/?s={search_term_string}"},"query-input":{"@type":"PropertyValueSpecification","valueRequired":true,"valueName":"search_term_string"}}],"inLanguage":"es"},{"@type":"Organization","@id":"https:\/\/www.capitole-consulting.com\/es\/#organization","name":"Capitole Consulting","url":"https:\/\/www.capitole-consulting.com\/es\/","logo":{"@type":"ImageObject","inLanguage":"es","@id":"https:\/\/www.capitole-consulting.com\/es\/#\/schema\/logo\/image\/","url":"https:\/\/www.capitole-consulting.com\/wp-content\/uploads\/2025\/01\/logo.png","contentUrl":"https:\/\/www.capitole-consulting.com\/wp-content\/uploads\/2025\/01\/logo.png","width":800,"height":800,"caption":"Capitole Consulting"},"image":{"@id":"https:\/\/www.capitole-consulting.com\/es\/#\/schema\/logo\/image\/"},"sameAs":["https:\/\/www.linkedin.com\/company\/capitole-consulting\/","https:\/\/x.com\/capitolecons","https:\/\/www.youtube.com\/@capitoleconsulting"]}]}},"_links":{"self":[{"href":"https:\/\/www.capitole-consulting.com\/es\/wp-json\/wp\/v2\/pages\/10165","targetHints":{"allow":["GET"]}}],"collection":[{"href":"https:\/\/www.capitole-consulting.com\/es\/wp-json\/wp\/v2\/pages"}],"about":[{"href":"https:\/\/www.capitole-consulting.com\/es\/wp-json\/wp\/v2\/types\/page"}],"author":[{"embeddable":true,"href":"https:\/\/www.capitole-consulting.com\/es\/wp-json\/wp\/v2\/users\/1"}],"replies":[{"embeddable":true,"href":"https:\/\/www.capitole-consulting.com\/es\/wp-json\/wp\/v2\/comments?post=10165"}],"version-history":[{"count":4,"href":"https:\/\/www.capitole-consulting.com\/es\/wp-json\/wp\/v2\/pages\/10165\/revisions"}],"predecessor-version":[{"id":18166,"href":"https:\/\/www.capitole-consulting.com\/es\/wp-json\/wp\/v2\/pages\/10165\/revisions\/18166"}],"wp:attachment":[{"href":"https:\/\/www.capitole-consulting.com\/es\/wp-json\/wp\/v2\/media?parent=10165"}],"wp:term":[{"taxonomy":"post_tag","embeddable":true,"href":"https:\/\/www.capitole-consulting.com\/es\/wp-json\/wp\/v2\/tags?post=10165"}],"curies":[{"name":"wp","href":"https:\/\/api.w.org\/{rel}","templated":true}]}}