{"id":10134,"date":"2025-01-02T09:03:40","date_gmt":"2025-01-02T09:03:40","guid":{"rendered":"https:\/\/capitole-web-app-service-hvcegmd5ejaagmd7.northeurope-01.azurewebsites.net\/iso-27001\/"},"modified":"2025-12-04T17:04:23","modified_gmt":"2025-12-04T17:04:23","slug":"iso-27001","status":"publish","type":"page","link":"https:\/\/www.capitole-consulting.com\/es\/iso-27001\/","title":{"rendered":"ISO 27001"},"content":{"rendered":"\t\t<div data-elementor-type=\"wp-page\" data-elementor-id=\"10134\" class=\"elementor elementor-10134 elementor-10112\" data-elementor-post-type=\"page\">\n\t\t\t\t<div class=\"elementor-element elementor-element-c982aab e-flex e-con-boxed e-con e-parent\" data-id=\"c982aab\" data-element_type=\"container\">\n\t\t\t\t\t<div class=\"e-con-inner\">\n\t\t<div class=\"elementor-element elementor-element-c8fe08e e-con-full e-flex e-con e-child\" data-id=\"c8fe08e\" data-element_type=\"container\">\n\t\t\t\t<div class=\"elementor-element elementor-element-a8453a2 elementor-widget elementor-widget-heading\" data-id=\"a8453a2\" data-element_type=\"widget\" data-widget_type=\"heading.default\">\n\t\t\t\t<div class=\"elementor-widget-container\">\n\t\t\t\t\t<h1 class=\"elementor-heading-title elementor-size-default\">Pol\u00edtica de Seguridad de la Informaci\u00f3n<\/h1>\t\t\t\t<\/div>\n\t\t\t\t<\/div>\n\t\t\t\t<\/div>\n\t\t\t\t\t<\/div>\n\t\t\t\t<\/div>\n\t\t<div class=\"elementor-element elementor-element-0871f17 e-flex e-con-boxed e-con e-parent\" data-id=\"0871f17\" data-element_type=\"container\">\n\t\t\t\t\t<div class=\"e-con-inner\">\n\t\t\t\t<div class=\"elementor-element elementor-element-360d824 elementor-widget elementor-widget-spacer\" data-id=\"360d824\" data-element_type=\"widget\" data-widget_type=\"spacer.default\">\n\t\t\t\t<div class=\"elementor-widget-container\">\n\t\t\t\t\t\t\t<div class=\"elementor-spacer\">\n\t\t\t<div class=\"elementor-spacer-inner\"><\/div>\n\t\t<\/div>\n\t\t\t\t\t\t<\/div>\n\t\t\t\t<\/div>\n\t\t<div class=\"elementor-element elementor-element-c55a77f e-flex e-con-boxed e-con e-child\" data-id=\"c55a77f\" data-element_type=\"container\" data-settings=\"{&quot;background_background&quot;:&quot;classic&quot;}\">\n\t\t\t\t\t<div class=\"e-con-inner\">\n\t\t<div class=\"elementor-element elementor-element-9f9ff2d e-flex e-con-boxed e-con e-child\" data-id=\"9f9ff2d\" data-element_type=\"container\" data-settings=\"{&quot;background_background&quot;:&quot;classic&quot;}\">\n\t\t\t\t\t<div class=\"e-con-inner\">\n\t\t\t\t\t<\/div>\n\t\t\t\t<\/div>\n\t\t\t\t\t<\/div>\n\t\t\t\t<\/div>\n\t\t\t\t\t<\/div>\n\t\t\t\t<\/div>\n\t\t<div class=\"elementor-element elementor-element-d693d1a e-flex e-con-boxed e-con e-parent\" data-id=\"d693d1a\" data-element_type=\"container\">\n\t\t\t\t\t<div class=\"e-con-inner\">\n\t\t\t\t<div class=\"elementor-element elementor-element-da172d2 elementor-widget elementor-widget-spacer\" data-id=\"da172d2\" data-element_type=\"widget\" data-widget_type=\"spacer.default\">\n\t\t\t\t<div class=\"elementor-widget-container\">\n\t\t\t\t\t\t\t<div class=\"elementor-spacer\">\n\t\t\t<div class=\"elementor-spacer-inner\"><\/div>\n\t\t<\/div>\n\t\t\t\t\t\t<\/div>\n\t\t\t\t<\/div>\n\t\t\t\t\t<\/div>\n\t\t\t\t<\/div>\n\t\t<div class=\"elementor-element elementor-element-e141335 e-flex e-con-boxed e-con e-parent\" data-id=\"e141335\" data-element_type=\"container\">\n\t\t\t\t\t<div class=\"e-con-inner\">\n\t\t<div class=\"elementor-element elementor-element-f2d1bd3 e-con-full e-flex e-con e-child\" data-id=\"f2d1bd3\" data-element_type=\"container\">\n\t\t\t\t<div class=\"elementor-element elementor-element-0083de1 elementor-widget elementor-widget-spacer\" data-id=\"0083de1\" data-element_type=\"widget\" data-widget_type=\"spacer.default\">\n\t\t\t\t<div class=\"elementor-widget-container\">\n\t\t\t\t\t\t\t<div class=\"elementor-spacer\">\n\t\t\t<div class=\"elementor-spacer-inner\"><\/div>\n\t\t<\/div>\n\t\t\t\t\t\t<\/div>\n\t\t\t\t<\/div>\n\t\t<div class=\"elementor-element elementor-element-88d3b50 e-con-full e-flex e-con e-child\" data-id=\"88d3b50\" data-element_type=\"container\">\n\t\t\t\t<div class=\"elementor-element elementor-element-a62ca81 elementor-widget elementor-widget-image\" data-id=\"a62ca81\" data-element_type=\"widget\" data-widget_type=\"image.default\">\n\t\t\t\t<div class=\"elementor-widget-container\">\n\t\t\t\t\t\t\t\t\t\t\t\t\t\t\t<img loading=\"lazy\" decoding=\"async\" width=\"1024\" height=\"538\" src=\"https:\/\/www.capitole-consulting.com\/wp-content\/uploads\/2025\/01\/Logo-ISO-27001-1024x538.jpg\" class=\"attachment-large size-large wp-image-11899\" alt=\"\" srcset=\"https:\/\/www.capitole-consulting.com\/wp-content\/uploads\/2025\/01\/Logo-ISO-27001-1024x538.jpg 1024w, https:\/\/www.capitole-consulting.com\/wp-content\/uploads\/2025\/01\/Logo-ISO-27001-300x158.jpg 300w, https:\/\/www.capitole-consulting.com\/wp-content\/uploads\/2025\/01\/Logo-ISO-27001-768x403.jpg 768w, https:\/\/www.capitole-consulting.com\/wp-content\/uploads\/2025\/01\/Logo-ISO-27001.jpg 1200w\" sizes=\"auto, (max-width: 1024px) 100vw, 1024px\" \/>\t\t\t\t\t\t\t\t\t\t\t\t\t\t\t<\/div>\n\t\t\t\t<\/div>\n\t\t\t\t<div class=\"elementor-element elementor-element-1f24f8a elementor-widget elementor-widget-text-editor\" data-id=\"1f24f8a\" data-element_type=\"widget\" data-widget_type=\"text-editor.default\">\n\t\t\t\t<div class=\"elementor-widget-container\">\n\t\t\t\t\t\t\t\t\t<p><strong>CAPITOLE CONSULTING S.L<\/strong>., consciente del reto que supone el mantenimiento de la seguridad, tanto de sus datos, como de los que sus clientes le conf\u00edan, adopta y promueve la presente pol\u00edtica de Seguridad de la Informaci\u00f3n.<\/p>\n<p>La informaci\u00f3n ha de ser generada, tratada y controlada bajo los niveles de seguridad establecidos por Capitole Consulting S.L de forma que permanezca protegida ante p\u00e9rdidas, manipulaciones o divulgaciones no autorizadas.<\/p>\n<p>Estos niveles de seguridad est\u00e1n basados en los controles de la ISO\/IEC 27002 de acuerdo con los objetivos establecidos en la Norma ISO\/IEC 27001 vigentes.<br \/>Para ello, y en cumplimiento de la DIRECTIVA (UE) 2022\/2555 DEL PARLAMENTO EUROPEO Y DEL CONSEJO de 14 de diciembre de 2022 relativa a las medidas destinadas a garantizar un elevado nivel com\u00fan de ciberseguridad en toda la Uni\u00f3n (Directiva NIS 2), CAPITOLE CONSULTING SL establece un Sistema de Gesti\u00f3n de la Seguridad de la Informaci\u00f3n cuyo objetivo principal es la preservaci\u00f3n de las dimensiones de Seguridad:<\/p>\n\t\t\t\t\t\t\t\t<\/div>\n\t\t\t\t<\/div>\n\t\t\t\t<\/div>\n\t\t\t\t<div class=\"elementor-element elementor-element-c5bd16c elementor-widget elementor-widget-text-editor\" data-id=\"c5bd16c\" data-element_type=\"widget\" data-widget_type=\"text-editor.default\">\n\t\t\t\t<div class=\"elementor-widget-container\">\n\t\t\t\t\t\t\t\t\t<ul>\n<li><strong>Confidencialidad<\/strong>: asegurar que la informaci\u00f3n solo pueda ser accesible a las personas y procesos que cuenten con la autorizaci\u00f3n o con los permisos respectivos.<\/li>\n<li><strong>Integridad<\/strong>: preservar la veracidad y completitud de la informaci\u00f3n y los m\u00e9todos de procesamiento.<\/li>\n<li><strong>Disponibilidad<\/strong>: asegurar que los usuarios autorizados tengan acceso a la informaci\u00f3n y a los procesos o tecnolog\u00eda que la soportan, cuando lo requieran.<\/li>\n<\/ul>\n<p>&nbsp;<\/p>\n<p>La Direcci\u00f3n adquiere el compromiso de:<\/p>\n<ul>\n<li>Desarrollar controles y objetivos de control que permitan identificar y evaluar los riesgos de los activos de informaci\u00f3n.<\/li>\n<li>Cumplir con los requisitos de negocio, disposiciones legales, reglamentarias y obligaciones contractuales de seguridad.<\/li>\n<li>Dotar de los recursos y responsabilidades para implantar y mantener el proceso de mejora continua en la gesti\u00f3n de la Seguridad de la Informaci\u00f3n.<\/li>\n<\/ul>\n<p>&nbsp;<\/p>\n<p>Todo el personal de Capitole Consulting S.L. ha de asumir y dar apoyo a la consecuci\u00f3n de estos objetivos. De igual forma, es responsable de preservar la confidencialidad, integridad y disponibilidad de los activos<\/p>\n<p>de informaci\u00f3n en cumplimiento de esta pol\u00edtica y de los objetivos de la organizaci\u00f3n.<\/p>\n<blockquote><p><strong>Barcelona, 01\/09\/2025<\/strong><br \/>\n<strong>La Direcci\u00f3n<\/strong><\/p><\/blockquote>\n\t\t\t\t\t\t\t\t<\/div>\n\t\t\t\t<\/div>\n\t\t\t\t<div class=\"elementor-element elementor-element-55fc3ce elementor-widget elementor-widget-spacer\" data-id=\"55fc3ce\" data-element_type=\"widget\" data-widget_type=\"spacer.default\">\n\t\t\t\t<div class=\"elementor-widget-container\">\n\t\t\t\t\t\t\t<div class=\"elementor-spacer\">\n\t\t\t<div class=\"elementor-spacer-inner\"><\/div>\n\t\t<\/div>\n\t\t\t\t\t\t<\/div>\n\t\t\t\t<\/div>\n\t\t<div class=\"elementor-element elementor-element-cf157cb e-con-full e-flex e-con e-child\" data-id=\"cf157cb\" data-element_type=\"container\">\n\t\t\t\t<div class=\"elementor-element elementor-element-ca37dd8 elementor-widget elementor-widget-button\" data-id=\"ca37dd8\" data-element_type=\"widget\" data-widget_type=\"button.default\">\n\t\t\t\t<div class=\"elementor-widget-container\">\n\t\t\t\t\t\t\t\t\t<div class=\"elementor-button-wrapper\">\n\t\t\t\t\t<a class=\"elementor-button elementor-button-link elementor-size-sm elementor-animation-shrink\" href=\"https:\/\/www.capitole-consulting.com\/wp-content\/uploads\/2025\/09\/N-520_Politica-de-Seguridad-de-la-Informacion-ES-1.pdf\" target=\"_blank\">\n\t\t\t\t\t\t<span class=\"elementor-button-content-wrapper\">\n\t\t\t\t\t\t\t\t\t<span class=\"elementor-button-text\">Descarga la Pol\u00edtica <\/span>\n\t\t\t\t\t<\/span>\n\t\t\t\t\t<\/a>\n\t\t\t\t<\/div>\n\t\t\t\t\t\t\t\t<\/div>\n\t\t\t\t<\/div>\n\t\t\t\t<div class=\"elementor-element elementor-element-94dd532 elementor-widget elementor-widget-button\" data-id=\"94dd532\" data-element_type=\"widget\" data-widget_type=\"button.default\">\n\t\t\t\t<div class=\"elementor-widget-container\">\n\t\t\t\t\t\t\t\t\t<div class=\"elementor-button-wrapper\">\n\t\t\t\t\t<a class=\"elementor-button elementor-button-link elementor-size-sm elementor-animation-shrink\" href=\"https:\/\/www.capitole-consulting.com\/wp-content\/uploads\/2025\/12\/ISO-27001-ESP-Dic2025.pdf\">\n\t\t\t\t\t\t<span class=\"elementor-button-content-wrapper\">\n\t\t\t\t\t\t\t\t\t<span class=\"elementor-button-text\">Descarga certificado ISO 27001<\/span>\n\t\t\t\t\t<\/span>\n\t\t\t\t\t<\/a>\n\t\t\t\t<\/div>\n\t\t\t\t\t\t\t\t<\/div>\n\t\t\t\t<\/div>\n\t\t\t\t<\/div>\n\t\t\t\t<\/div>\n\t\t\t\t\t<\/div>\n\t\t\t\t<\/div>\n\t\t<div class=\"elementor-element elementor-element-a040697 e-flex e-con-boxed e-con e-parent\" data-id=\"a040697\" data-element_type=\"container\">\n\t\t\t\t\t<div class=\"e-con-inner\">\n\t\t\t\t<div class=\"elementor-element elementor-element-3d84acc elementor-widget elementor-widget-spacer\" data-id=\"3d84acc\" data-element_type=\"widget\" data-widget_type=\"spacer.default\">\n\t\t\t\t<div class=\"elementor-widget-container\">\n\t\t\t\t\t\t\t<div class=\"elementor-spacer\">\n\t\t\t<div class=\"elementor-spacer-inner\"><\/div>\n\t\t<\/div>\n\t\t\t\t\t\t<\/div>\n\t\t\t\t<\/div>\n\t\t\t\t\t<\/div>\n\t\t\t\t<\/div>\n\t\t\t\t<\/div>\n\t\t","protected":false},"excerpt":{"rendered":"<p>Pol\u00edtica de Seguridad de la Informaci\u00f3n CAPITOLE CONSULTING S.L., consciente del reto que supone el mantenimiento de la seguridad, tanto de sus datos, como de los que sus clientes le conf\u00edan, adopta y promueve la presente pol\u00edtica de Seguridad de la Informaci\u00f3n. La informaci\u00f3n ha de ser generada, tratada y controlada bajo los niveles de &#8230; <a title=\"ISO 27001\" class=\"read-more\" href=\"https:\/\/www.capitole-consulting.com\/es\/iso-27001\/\" aria-label=\"Leer m\u00e1s sobre ISO 27001\">Leer m\u00e1s<\/a><\/p>\n","protected":false},"author":1,"featured_media":0,"parent":0,"menu_order":0,"comment_status":"closed","ping_status":"closed","template":"elementor_header_footer","meta":{"_acf_changed":false,"footnotes":""},"tags":[],"class_list":["post-10134","page","type-page","status-publish"],"acf":[],"yoast_head":"<!-- This site is optimized with the Yoast SEO plugin v25.4 - https:\/\/yoast.com\/wordpress\/plugins\/seo\/ -->\n<title>ISO 27001 - Capitole<\/title>\n<meta name=\"robots\" content=\"index, follow, max-snippet:-1, max-image-preview:large, max-video-preview:-1\" \/>\n<link rel=\"canonical\" href=\"https:\/\/www.capitole-consulting.com\/es\/iso-27001\/\" \/>\n<meta property=\"og:locale\" content=\"es_ES\" \/>\n<meta property=\"og:type\" content=\"article\" \/>\n<meta property=\"og:title\" content=\"ISO 27001 - Capitole\" \/>\n<meta property=\"og:description\" content=\"Pol\u00edtica de Seguridad de la Informaci\u00f3n CAPITOLE CONSULTING S.L., consciente del reto que supone el mantenimiento de la seguridad, tanto de sus datos, como de los que sus clientes le conf\u00edan, adopta y promueve la presente pol\u00edtica de Seguridad de la Informaci\u00f3n. La informaci\u00f3n ha de ser generada, tratada y controlada bajo los niveles de ... Leer m\u00e1s\" \/>\n<meta property=\"og:url\" content=\"https:\/\/www.capitole-consulting.com\/es\/iso-27001\/\" \/>\n<meta property=\"og:site_name\" content=\"Capitole\" \/>\n<meta property=\"article:publisher\" content=\"https:\/\/www.linkedin.com\/company\/capitole-consulting\/\" \/>\n<meta property=\"article:modified_time\" content=\"2025-12-04T17:04:23+00:00\" \/>\n<meta property=\"og:image\" content=\"https:\/\/www.capitole-consulting.com\/wp-content\/uploads\/2025\/01\/Logo-ISO-27001.jpg\" \/>\n\t<meta property=\"og:image:width\" content=\"1200\" \/>\n\t<meta property=\"og:image:height\" content=\"630\" \/>\n\t<meta property=\"og:image:type\" content=\"image\/jpeg\" \/>\n<meta name=\"twitter:card\" content=\"summary_large_image\" \/>\n<meta name=\"twitter:site\" content=\"@capitolecons\" \/>\n<meta name=\"twitter:label1\" content=\"Tiempo de lectura\" \/>\n\t<meta name=\"twitter:data1\" content=\"2 minutos\" \/>\n<script type=\"application\/ld+json\" class=\"yoast-schema-graph\">{\"@context\":\"https:\/\/schema.org\",\"@graph\":[{\"@type\":\"WebPage\",\"@id\":\"https:\/\/www.capitole-consulting.com\/es\/iso-27001\/\",\"url\":\"https:\/\/www.capitole-consulting.com\/es\/iso-27001\/\",\"name\":\"ISO 27001 - Capitole\",\"isPartOf\":{\"@id\":\"https:\/\/www.capitole-consulting.com\/es\/#website\"},\"primaryImageOfPage\":{\"@id\":\"https:\/\/www.capitole-consulting.com\/es\/iso-27001\/#primaryimage\"},\"image\":{\"@id\":\"https:\/\/www.capitole-consulting.com\/es\/iso-27001\/#primaryimage\"},\"thumbnailUrl\":\"https:\/\/www.capitole-consulting.com\/wp-content\/uploads\/2025\/01\/Logo-ISO-27001-1024x538.jpg\",\"datePublished\":\"2025-01-02T09:03:40+00:00\",\"dateModified\":\"2025-12-04T17:04:23+00:00\",\"breadcrumb\":{\"@id\":\"https:\/\/www.capitole-consulting.com\/es\/iso-27001\/#breadcrumb\"},\"inLanguage\":\"es\",\"potentialAction\":[{\"@type\":\"ReadAction\",\"target\":[\"https:\/\/www.capitole-consulting.com\/es\/iso-27001\/\"]}]},{\"@type\":\"ImageObject\",\"inLanguage\":\"es\",\"@id\":\"https:\/\/www.capitole-consulting.com\/es\/iso-27001\/#primaryimage\",\"url\":\"https:\/\/www.capitole-consulting.com\/wp-content\/uploads\/2025\/01\/Logo-ISO-27001-1024x538.jpg\",\"contentUrl\":\"https:\/\/www.capitole-consulting.com\/wp-content\/uploads\/2025\/01\/Logo-ISO-27001-1024x538.jpg\"},{\"@type\":\"BreadcrumbList\",\"@id\":\"https:\/\/www.capitole-consulting.com\/es\/iso-27001\/#breadcrumb\",\"itemListElement\":[{\"@type\":\"ListItem\",\"position\":1,\"name\":\"Home\",\"item\":\"https:\/\/www.capitole-consulting.com\/es\/\"},{\"@type\":\"ListItem\",\"position\":2,\"name\":\"ISO 27001\"}]},{\"@type\":\"WebSite\",\"@id\":\"https:\/\/www.capitole-consulting.com\/es\/#website\",\"url\":\"https:\/\/www.capitole-consulting.com\/es\/\",\"name\":\"Capitole Consulting\",\"description\":\"\",\"publisher\":{\"@id\":\"https:\/\/www.capitole-consulting.com\/es\/#organization\"},\"potentialAction\":[{\"@type\":\"SearchAction\",\"target\":{\"@type\":\"EntryPoint\",\"urlTemplate\":\"https:\/\/www.capitole-consulting.com\/es\/?s={search_term_string}\"},\"query-input\":{\"@type\":\"PropertyValueSpecification\",\"valueRequired\":true,\"valueName\":\"search_term_string\"}}],\"inLanguage\":\"es\"},{\"@type\":\"Organization\",\"@id\":\"https:\/\/www.capitole-consulting.com\/es\/#organization\",\"name\":\"Capitole Consulting\",\"url\":\"https:\/\/www.capitole-consulting.com\/es\/\",\"logo\":{\"@type\":\"ImageObject\",\"inLanguage\":\"es\",\"@id\":\"https:\/\/www.capitole-consulting.com\/es\/#\/schema\/logo\/image\/\",\"url\":\"https:\/\/www.capitole-consulting.com\/wp-content\/uploads\/2025\/01\/logo.png\",\"contentUrl\":\"https:\/\/www.capitole-consulting.com\/wp-content\/uploads\/2025\/01\/logo.png\",\"width\":800,\"height\":800,\"caption\":\"Capitole Consulting\"},\"image\":{\"@id\":\"https:\/\/www.capitole-consulting.com\/es\/#\/schema\/logo\/image\/\"},\"sameAs\":[\"https:\/\/www.linkedin.com\/company\/capitole-consulting\/\",\"https:\/\/x.com\/capitolecons\",\"https:\/\/www.youtube.com\/@capitoleconsulting\"]}]}<\/script>\n<!-- \/ Yoast SEO plugin. -->","yoast_head_json":{"title":"ISO 27001 - Capitole","robots":{"index":"index","follow":"follow","max-snippet":"max-snippet:-1","max-image-preview":"max-image-preview:large","max-video-preview":"max-video-preview:-1"},"canonical":"https:\/\/www.capitole-consulting.com\/es\/iso-27001\/","og_locale":"es_ES","og_type":"article","og_title":"ISO 27001 - Capitole","og_description":"Pol\u00edtica de Seguridad de la Informaci\u00f3n CAPITOLE CONSULTING S.L., consciente del reto que supone el mantenimiento de la seguridad, tanto de sus datos, como de los que sus clientes le conf\u00edan, adopta y promueve la presente pol\u00edtica de Seguridad de la Informaci\u00f3n. La informaci\u00f3n ha de ser generada, tratada y controlada bajo los niveles de ... Leer m\u00e1s","og_url":"https:\/\/www.capitole-consulting.com\/es\/iso-27001\/","og_site_name":"Capitole","article_publisher":"https:\/\/www.linkedin.com\/company\/capitole-consulting\/","article_modified_time":"2025-12-04T17:04:23+00:00","og_image":[{"width":1200,"height":630,"url":"https:\/\/www.capitole-consulting.com\/wp-content\/uploads\/2025\/01\/Logo-ISO-27001.jpg","type":"image\/jpeg"}],"twitter_card":"summary_large_image","twitter_site":"@capitolecons","twitter_misc":{"Tiempo de lectura":"2 minutos"},"schema":{"@context":"https:\/\/schema.org","@graph":[{"@type":"WebPage","@id":"https:\/\/www.capitole-consulting.com\/es\/iso-27001\/","url":"https:\/\/www.capitole-consulting.com\/es\/iso-27001\/","name":"ISO 27001 - Capitole","isPartOf":{"@id":"https:\/\/www.capitole-consulting.com\/es\/#website"},"primaryImageOfPage":{"@id":"https:\/\/www.capitole-consulting.com\/es\/iso-27001\/#primaryimage"},"image":{"@id":"https:\/\/www.capitole-consulting.com\/es\/iso-27001\/#primaryimage"},"thumbnailUrl":"https:\/\/www.capitole-consulting.com\/wp-content\/uploads\/2025\/01\/Logo-ISO-27001-1024x538.jpg","datePublished":"2025-01-02T09:03:40+00:00","dateModified":"2025-12-04T17:04:23+00:00","breadcrumb":{"@id":"https:\/\/www.capitole-consulting.com\/es\/iso-27001\/#breadcrumb"},"inLanguage":"es","potentialAction":[{"@type":"ReadAction","target":["https:\/\/www.capitole-consulting.com\/es\/iso-27001\/"]}]},{"@type":"ImageObject","inLanguage":"es","@id":"https:\/\/www.capitole-consulting.com\/es\/iso-27001\/#primaryimage","url":"https:\/\/www.capitole-consulting.com\/wp-content\/uploads\/2025\/01\/Logo-ISO-27001-1024x538.jpg","contentUrl":"https:\/\/www.capitole-consulting.com\/wp-content\/uploads\/2025\/01\/Logo-ISO-27001-1024x538.jpg"},{"@type":"BreadcrumbList","@id":"https:\/\/www.capitole-consulting.com\/es\/iso-27001\/#breadcrumb","itemListElement":[{"@type":"ListItem","position":1,"name":"Home","item":"https:\/\/www.capitole-consulting.com\/es\/"},{"@type":"ListItem","position":2,"name":"ISO 27001"}]},{"@type":"WebSite","@id":"https:\/\/www.capitole-consulting.com\/es\/#website","url":"https:\/\/www.capitole-consulting.com\/es\/","name":"Capitole Consulting","description":"","publisher":{"@id":"https:\/\/www.capitole-consulting.com\/es\/#organization"},"potentialAction":[{"@type":"SearchAction","target":{"@type":"EntryPoint","urlTemplate":"https:\/\/www.capitole-consulting.com\/es\/?s={search_term_string}"},"query-input":{"@type":"PropertyValueSpecification","valueRequired":true,"valueName":"search_term_string"}}],"inLanguage":"es"},{"@type":"Organization","@id":"https:\/\/www.capitole-consulting.com\/es\/#organization","name":"Capitole Consulting","url":"https:\/\/www.capitole-consulting.com\/es\/","logo":{"@type":"ImageObject","inLanguage":"es","@id":"https:\/\/www.capitole-consulting.com\/es\/#\/schema\/logo\/image\/","url":"https:\/\/www.capitole-consulting.com\/wp-content\/uploads\/2025\/01\/logo.png","contentUrl":"https:\/\/www.capitole-consulting.com\/wp-content\/uploads\/2025\/01\/logo.png","width":800,"height":800,"caption":"Capitole Consulting"},"image":{"@id":"https:\/\/www.capitole-consulting.com\/es\/#\/schema\/logo\/image\/"},"sameAs":["https:\/\/www.linkedin.com\/company\/capitole-consulting\/","https:\/\/x.com\/capitolecons","https:\/\/www.youtube.com\/@capitoleconsulting"]}]}},"_links":{"self":[{"href":"https:\/\/www.capitole-consulting.com\/es\/wp-json\/wp\/v2\/pages\/10134","targetHints":{"allow":["GET"]}}],"collection":[{"href":"https:\/\/www.capitole-consulting.com\/es\/wp-json\/wp\/v2\/pages"}],"about":[{"href":"https:\/\/www.capitole-consulting.com\/es\/wp-json\/wp\/v2\/types\/page"}],"author":[{"embeddable":true,"href":"https:\/\/www.capitole-consulting.com\/es\/wp-json\/wp\/v2\/users\/1"}],"replies":[{"embeddable":true,"href":"https:\/\/www.capitole-consulting.com\/es\/wp-json\/wp\/v2\/comments?post=10134"}],"version-history":[{"count":25,"href":"https:\/\/www.capitole-consulting.com\/es\/wp-json\/wp\/v2\/pages\/10134\/revisions"}],"predecessor-version":[{"id":18433,"href":"https:\/\/www.capitole-consulting.com\/es\/wp-json\/wp\/v2\/pages\/10134\/revisions\/18433"}],"wp:attachment":[{"href":"https:\/\/www.capitole-consulting.com\/es\/wp-json\/wp\/v2\/media?parent=10134"}],"wp:term":[{"taxonomy":"post_tag","embeddable":true,"href":"https:\/\/www.capitole-consulting.com\/es\/wp-json\/wp\/v2\/tags?post=10134"}],"curies":[{"name":"wp","href":"https:\/\/api.w.org\/{rel}","templated":true}]}}